{"id":9795,"date":"2018-05-10T09:46:57","date_gmt":"2018-05-10T07:46:57","guid":{"rendered":"https:\/\/www.e-plasticase.com\/produit\/r3-3\/"},"modified":"2025-10-15T16:48:46","modified_gmt":"2025-10-15T14:48:46","slug":"r3","status":"publish","type":"product","link":"https:\/\/www.e-plasticase.com\/de\/produkt\/classic-de\/r3\/","title":{"rendered":"R3"},"content":{"rendered":"<p>Der Koffer R3 mit halb <strong>integriertem Griff ist ab einer Bestellmenge von 100 St\u00fcck in 5 Farbt\u00f6nen<\/strong> (Blau, Graublau, Hellgrau, Schwarz, Rot) erh\u00e4ltlich. Seine Ma\u00dfe im Format A5 (Innenma\u00dfe 260 mm x 197 mm x 45 mm) machen dieses Modell <strong>leicht transportierbar und zur idealen L\u00f6sung f\u00fcr eine t\u00e4gliche Nutzung.<\/strong><\/p>\n<p>Dieses aus <strong>Polypropylen<\/strong> (auch PP genannt) hergestellte Modell erm\u00f6glicht eine wiederhole und einfache Nutzung; es ist solide und robust und dar\u00fcber hinaus problemlos zu reinigen.<\/p>\n<p>Er kann individuell <strong>gestaltet<\/strong> werden und Sie haben die M\u00f6glichkeit, auf dem Deckel oder dem Boden dieses Koffers per Tintenstrahldruck oder Siebdruck ein <strong>Logo<\/strong>, ein <strong>Bild<\/strong> oder einen <strong>Text<\/strong> anzubringen. Das mithilfe eines unserer Experten ma\u00dfgestaltete Innere erlaubt es, den Inhalt dieses <strong>Koffers A5<\/strong> perfekt zu halten, zu <strong>pr\u00e4sentieren<\/strong> und <strong>aufzuwerten<\/strong>.<\/p>\n<p><a href=\"https:\/\/www.e-plasticase.com\/de\/produkt-kategorie\/classic-de\/\"><strong>Lernen Sie die anderen Modelle des Sortiments CLASSIC (G1, R2, R4 \u2026) sowie alle \u00fcbrigen erh\u00e4ltliche Modelle kennen.<\/strong><\/a><\/p>\n<p><strong>Anwendungsbeispiele des Modells R3:<\/strong> Koffer A5 f\u00fcr Messinstrumente &amp; -ger\u00e4te, Transportkoffer f\u00fcr Pflege-, Reparatur und Reinigungsmittel, Koffer f\u00fcr Kreativspiele, N\u00e4hbedarf, DIY, Zubeh\u00f6r f\u00fcr Sport, Hausarbeit, Aquarien\u00a0\u2026<\/p>\n<p><strong>Die Marke E-plasticase unter der Lupe:<\/strong> Das Unternehmen Gaggione E-plasticase ist auf die Konzeption und die Herstellung von K\u00e4sten, Koffern, Kisten und Etuis aller Art spezialisiert und bietet Ihnen eine breite Vielfalt an Formaten an, damit Sie den Koffer finden, der genau Ihren Bed\u00fcrfnissen am besten entspricht. Das Team von E-plasticase begleitet Sie w\u00e4hrend des gesamten Prozesses der Auswahl Ihres Koffers, von der Auswahl des Modells bis zur Zustellung, und ber\u00e4t Sie bei der individuellen Gestaltung sowie bei der Farbwahl f\u00fcr Ihren Koffer.<\/p>\n","protected":false},"excerpt":{"rendered":"<ul>\n<li>Herausstehende halbintegrierte Griffe, feingek\u00f6rnt<\/li>\n<li>Format A5<\/li>\n<li>Verf\u00fcgbar mit transparent Deckel : R3T<\/li>\n<li>Anwendungen: Schulwesen, Medizintechnik, Werkzeuge, Geb\u00e4ude Industrie, Gesundheitswesen &#8230;<\/li>\n<\/ul>\n","protected":false},"featured_media":8490,"template":"","meta":[],"product_cat":[108],"product_tag":[],"class_list":{"0":"post-9795","1":"product","2":"type-product","3":"status-publish","4":"has-post-thumbnail","6":"product_cat-classic-de","7":"pa_couleur-blau","8":"pa_couleur-blaues_grau","9":"pa_couleur-hellgrau","10":"pa_couleur-rot","11":"pa_couleur-schwarz","12":"pa_hauteur-779","13":"pa_hauteur-exterieur-788","14":"pa_largeur-1624","15":"pa_largeur-exterieur-226-de","16":"pa_longueur-776","17":"pa_longueur-exterieur-778","18":"pa_matiere-polypropylen","19":"pa_poids_unitaire-0-308-kg-de","20":"pa_poids-dun-carton-7-25-kg-de","21":"pa_taill-standard-a5","22":"pa_transparence-nein","23":"pa_unite-de-conditionnement-20-de","24":"pa_volume-dun-carton-0-070-m3-de","26":"first","27":"instock","28":"shipping-taxable","29":"product-type-variable","30":"product-type-zakeke","31":"product-type-external"},"df_price":"","df_sale_price":"","df_regular_price":"","df_image_link":"https:\/\/www.e-plasticase.com\/wp-content\/uploads\/2018\/03\/ZR3009-300x200.jpg","_links":{"self":[{"href":"https:\/\/www.e-plasticase.com\/de\/wp-json\/wp\/v2\/product\/9795","targetHints":{"allow":["GET"]}}],"collection":[{"href":"https:\/\/www.e-plasticase.com\/de\/wp-json\/wp\/v2\/product"}],"about":[{"href":"https:\/\/www.e-plasticase.com\/de\/wp-json\/wp\/v2\/types\/product"}],"wp:featuredmedia":[{"embeddable":true,"href":"https:\/\/www.e-plasticase.com\/de\/wp-json\/wp\/v2\/media\/8490"}],"wp:attachment":[{"href":"https:\/\/www.e-plasticase.com\/de\/wp-json\/wp\/v2\/media?parent=9795"}],"wp:term":[{"taxonomy":"product_cat","embeddable":true,"href":"https:\/\/www.e-plasticase.com\/de\/wp-json\/wp\/v2\/product_cat?post=9795"},{"taxonomy":"product_tag","embeddable":true,"href":"https:\/\/www.e-plasticase.com\/de\/wp-json\/wp\/v2\/product_tag?post=9795"}],"curies":[{"name":"wp","href":"https:\/\/api.w.org\/{rel}","templated":true}]}}