{"id":6882,"date":"2018-03-15T12:37:25","date_gmt":"2018-03-15T11:38:00","guid":{"rendered":"https:\/\/www.e-plasticase.com\/?post_type=product&#038;p=6882"},"modified":"2025-08-01T09:47:48","modified_gmt":"2025-08-01T07:47:48","slug":"t2t","status":"publish","type":"product","link":"https:\/\/www.e-plasticase.com\/de\/produkt\/minimalist-de\/t2t\/","title":{"rendered":"T2T"},"content":{"rendered":"<p>E-Plasticase bietet Ihnen ein Sortiment an Koffern f\u00fcr Firmenkunden \u2013 mit einem industriellen Design, das die Aufbewahrung erleichtert. Lernen Sie den durchsichtigen<strong> Koffer T2T<\/strong> aus Polypropylen kennen!<br \/>\nDieser durchsichtige Koffer wird in den verschiedensten Bereichen eingesetzt und ist perfekt an den Verkauf von Produkten f\u00fcr Firmenkunden angepasst, unabh\u00e4ngig von der Branche. Dieser kompakte und robuste Koffer stellt ein zentrales Element Ihrer Kommunikations-Aktionen dar. Zun\u00e4chst einmal bietet dieser durchsichtige Koffer dank seines Formats A5 ein gro\u00dfes Aufbewahrungsvolumen. Zudem gibt sein durchsichtiges Aussehen den Blick auf Ihre Produkte oder Proben und Muster frei. Sie k\u00f6nnen auf ihm auch einen Slogan, ein Logo oder ein Bild anbringen, um ihn vollkommen an Ihr Markenimage anzupassen. F\u00fcr eine noch individuellere Gestaltung k\u00f6nnen Sie die Farbe der Verschl\u00fcsse w\u00e4hlen. Wei\u00df, Pastellblau, Hellgrau, Gelb, schwarz, Rot oder Gr\u00fcn \u2013 diese Farbt\u00f6ne sind ab einer Bestellmenge von 100 St\u00fcck verf\u00fcgbar. Ab einer Bestellung von 500 St\u00fcck haben Sie eine noch gr\u00f6\u00dfere Farbauswahl. Wenden Sie sich f\u00fcr weitere Informationen einfach an unser Verkaufsteam! Um eine Voransicht Ihres Kastens zu erhalten, klicken Sie einfach auf dieser Seite auf den Button \u201eindividuell gestalten\u201c, gleich rechts neben dem Produkt. Sie erhalten sofort eine Ansicht Ihres individuell gestalteten, durchsichtigen Koffers. Fragen Sie uns nach einem Kostenvoranschlag!<\/p>\n<p>Um Ihre Produkte Perfekt in Szene zu setzen, versch\u00f6nern Sie Ihren durchsichtigen Koffer mit einer individuell gestalteten Auspolsterung aus Schaumstoff oder Thermoformung. Diese L\u00f6sung bietet den doppelten Vorteil, dass sie Ihre Produkte aufwertet und sie gleichzeitig w\u00e4hrend des Transports sch\u00fctzt.<br \/>\nKlicken Sie durch die Abbildungen des Produkts, um Beispiele f\u00fcr Anwendungen kennenzulernen, <a href=\"https:\/\/www.e-plasticase.com\/de\/kontakt\/\">oder wenden Sie sich direkt an unser Team<\/a>, um Ihre Strategie festzulegen.<\/p>\n<p><strong>Unsere Marke im Fokus :<\/strong> Seit knapp 60 Jahren beliefert E-Plasticase seine Firmenkunden mit Koffern, Handkoffern, K\u00e4sten und Kisten aus Hartplastik in franz\u00f6sischer Qualit\u00e4t. Wir gestalten unsere Produkte so, dass sie f\u00fcr die unterschiedlichsten Bereiche geeignet sind, und entwickeln t\u00e4glich neue Ideen, um Ihnen die besten Produkte des Markts anbieten zu k\u00f6nnen. Folgen Sie uns auf<a href=\"https:\/\/www.linkedin.com\/company\/gaggione-e-plasticase\/\"> Linkedin<\/a> und erhalten Sie unsere aktuellen Neuigkeiten.<\/p>\n<p>&nbsp;<\/p>\n","protected":false},"excerpt":{"rendered":"<ul>\n<li>Format A5 durchsichtiger Koffer<\/li>\n<li>Neues Design<\/li>\n<li>Verschiedene Verschl\u00fcssefarbe<\/li>\n<li>Anwendungen: alle<\/li>\n<\/ul>\n","protected":false},"featured_media":8988,"template":"","meta":[],"product_cat":[105],"product_tag":[],"class_list":{"0":"post-6882","1":"product","2":"type-product","3":"status-publish","4":"has-post-thumbnail","6":"product_cat-minimalist-de","7":"pa_couleur-transparent-pp-de","8":"pa_couleur-des-fermoirs-gelb","9":"pa_couleur-des-fermoirs-grun","10":"pa_couleur-des-fermoirs-pastellblau","11":"pa_couleur-des-fermoirs-rot","12":"pa_couleur-des-fermoirs-schwarz","13":"pa_couleur-des-fermoirs-t_grau_closing","14":"pa_couleur-des-fermoirs-weiss_fer","15":"pa_hauteur-1038","16":"pa_hauteur-exterieur-930","17":"pa_largeur-1621","18":"pa_largeur-exterieur-231-de","19":"pa_longueur-1036","20":"pa_longueur-exterieur-1039","21":"pa_matiere-durchsichtiges-polypropylen","22":"pa_poids_unitaire-0-354-kg-de","23":"pa_poids-dun-carton-7-90-kg-de","24":"pa_taill-standard-a5","25":"pa_transparence-ja","26":"pa_unite-de-conditionnement-20-de","27":"pa_volume-dun-carton-0-113-m3-de","29":"first","30":"instock","31":"shipping-taxable","32":"product-type-variable","33":"product-type-zakeke","34":"product-type-external"},"df_price":"","df_sale_price":"","df_regular_price":"","df_image_link":"https:\/\/www.e-plasticase.com\/wp-content\/uploads\/2018\/03\/ZT201308-300x200.jpg","_links":{"self":[{"href":"https:\/\/www.e-plasticase.com\/de\/wp-json\/wp\/v2\/product\/6882","targetHints":{"allow":["GET"]}}],"collection":[{"href":"https:\/\/www.e-plasticase.com\/de\/wp-json\/wp\/v2\/product"}],"about":[{"href":"https:\/\/www.e-plasticase.com\/de\/wp-json\/wp\/v2\/types\/product"}],"wp:featuredmedia":[{"embeddable":true,"href":"https:\/\/www.e-plasticase.com\/de\/wp-json\/wp\/v2\/media\/8988"}],"wp:attachment":[{"href":"https:\/\/www.e-plasticase.com\/de\/wp-json\/wp\/v2\/media?parent=6882"}],"wp:term":[{"taxonomy":"product_cat","embeddable":true,"href":"https:\/\/www.e-plasticase.com\/de\/wp-json\/wp\/v2\/product_cat?post=6882"},{"taxonomy":"product_tag","embeddable":true,"href":"https:\/\/www.e-plasticase.com\/de\/wp-json\/wp\/v2\/product_tag?post=6882"}],"curies":[{"name":"wp","href":"https:\/\/api.w.org\/{rel}","templated":true}]}}