{"id":6651,"date":"2018-03-14T13:00:34","date_gmt":"2018-03-14T12:04:12","guid":{"rendered":"https:\/\/www.e-plasticase.com\/?post_type=product&#038;p=6651"},"modified":"2025-08-01T09:49:40","modified_gmt":"2025-08-01T07:49:40","slug":"t7","status":"publish","type":"product","link":"https:\/\/www.e-plasticase.com\/de\/produkt\/casual-de\/t7\/","title":{"rendered":"T7"},"content":{"rendered":"<p><strong>Das Modell T7 ist das gr\u00f6\u00dfte Koffermodell des Katalogs von Gaggione E-plasticase.<\/strong> Dank seiner Vielseitigkeit konnte es bereits zahlreiche Kunden begeistern. <strong>Denn es entspricht aufgrund seiner Vielseitigkeit und seiner ebenso einfallsreichen wie dynamischen und sehr best\u00e4ndigen Gestaltung den Anforderungen zahlreicher Branchen<\/strong>. Der <strong>ergonomische<\/strong>, in die H\u00fclle integrierte Griff dieses Koffers XXL macht seinen Transport unkompliziert. Trotz seines gro\u00dfen Innenvolumens bleibt seine H\u00fclle leicht.<\/p>\n<p><strong>Zahlreiche Farbkombinationen f\u00fcr die H\u00fclle<\/strong> (Marineblau, Grau, Schwarz, Dunkelrot) <strong>und die Verschl\u00fcsse<\/strong> (Wei\u00df, Pastellblau, Hellgrau, Gelb, Schwarz, Rot, Gr\u00fcn) sind bei diesem Modell eines Koffers XXL m\u00f6glich. Sie haben ferner die M\u00f6glichkeit, eine Auskleidung und Beschriftung nach Ma\u00df zu erstellen, um den Koffer perfekt an Ihr Image und Ihre technischen Anforderungen anzupassen. <strong>Unser Team begleitet Sie w\u00e4hrend des gesamten Prozesses der individuellen Gestaltung und w\u00e4hlt gemeinsam mit Ihnen die L\u00f6sung aus, die Ihrem Bedarf am besten entspricht.<\/strong><\/p>\n<p><strong>Anwendungsbeispiele des Modells T7:<\/strong> Pr\u00e4sentation neuer Produkte, Koffer XXL f\u00fcr Messinstrumente &amp; -ger\u00e4te, Pflege-, Wartungs- und Diagnosekoffer, Transportkoffer f\u00fcr Ersatzteilsets, Pflege-, Reparatur und Reinigungsmittel.<\/p>\n<p>Lernen Sie das Sortiment <a href=\"https:\/\/www.e-plasticase.com\/de\/produkt-kategorie\/casual-de\/\"><strong>CASUAL<\/strong> <\/a>und den vollst\u00e4ndigen Katalog f\u00fcr Koffer und Kisten von Gaggione E-Plasticase kennen.<\/p>\n<p><a href=\"https:\/\/www.gaggione.com\/en\/technical-cases-eplasticase\/\"><strong>Die Marke E-PLASTICASE unter der Lupe:<\/strong><\/a> Gaggione E-plasticase ist seit 1948\u00a0im franz\u00f6sischen Departement Ain, zwischen Lyon und Genf, zuhause und konzipiert, produziert, gestaltet und vertreibt Produkte und Bauteile im Thermoplast- und Silikonspritzguss. Dank seines langj\u00e4hrigen Know-hows und der Erfahrung seiner Mitarbeiter ist das Unternehmen bis heute sehr wettbewerbsf\u00e4hig und bleibt einer der zentralen Akteure auf unterschiedlichen M\u00e4rkten. Die Zertifizierung nach ISO 9001:2015 belegt die Qualit\u00e4t, das Know-how und die Gewissenhaftigkeit des Unternehmens bei der Entwicklung, Herstellung und Verarbeitung seiner Produkte.<\/p>\n<p><a href=\"https:\/\/www.e-plasticase.com\/de\/kontakt\/\"><strong>Senden Sie uns noch heute Ihre Anfrage f\u00fcr einen Kostenvoranschlag \u00fcber die Website von E-Plasticase.<\/strong><\/a><\/p>\n","protected":false},"excerpt":{"rendered":"<ul>\n<li>Format A3 Koffer<\/li>\n<li>Neues design<\/li>\n<li>Farbe des Koffers und den Verschl\u00fcssen frei kombinierbar<\/li>\n<li>Stapelbar<\/li>\n<li>M\u00f6glichkeit zum Abschlie\u00dfen mit einem Vorh\u00e4ngeschloss unter dem Griff (Vorh\u00e4ngeschloss nicht im Lieferumfang enthalten)<\/li>\n<li>Anwendungen: Geb\u00e4ude Industrie, Werkzeuge, Medizintechnik, ADR, Computer&#8230;<\/li>\n<\/ul>\n","protected":false},"featured_media":9633,"template":"","meta":[],"product_cat":[107],"product_tag":[],"class_list":{"0":"post-6651","1":"product","2":"type-product","3":"status-publish","4":"has-post-thumbnail","6":"product_cat-casual-de","7":"pa_couleur-burgunderrot","8":"pa_couleur-grau","9":"pa_couleur-marineblau","10":"pa_couleur-schwarz","11":"pa_couleur-des-fermoirs-gelb","12":"pa_couleur-des-fermoirs-grun","13":"pa_couleur-des-fermoirs-pastellblau","14":"pa_couleur-des-fermoirs-rot","15":"pa_couleur-des-fermoirs-schwarz","16":"pa_couleur-des-fermoirs-t_grau_closing","17":"pa_couleur-des-fermoirs-weiss_fer","18":"pa_hauteur-1272","19":"pa_hauteur-exterieur-1269","20":"pa_largeur-1667","21":"pa_largeur-exterieur-465-de","22":"pa_longueur-1270","23":"pa_longueur-exterieur-1273","24":"pa_matiere-polypropylen","25":"pa_poids_unitaire-2-318-kg-de","26":"pa_poids-dun-carton-10-80-kg-de","27":"pa_taill-standard-a3","28":"pa_transparence-nein","29":"pa_unite-de-conditionnement-4-de","30":"pa_volume-dun-carton-0-190-m3-de","32":"first","33":"instock","34":"shipping-taxable","35":"product-type-variable","36":"product-type-zakeke","37":"product-type-external"},"df_price":"","df_sale_price":"","df_regular_price":"","df_image_link":"https:\/\/www.e-plasticase.com\/wp-content\/uploads\/2018\/03\/ZT700907-300x200.jpg","_links":{"self":[{"href":"https:\/\/www.e-plasticase.com\/de\/wp-json\/wp\/v2\/product\/6651","targetHints":{"allow":["GET"]}}],"collection":[{"href":"https:\/\/www.e-plasticase.com\/de\/wp-json\/wp\/v2\/product"}],"about":[{"href":"https:\/\/www.e-plasticase.com\/de\/wp-json\/wp\/v2\/types\/product"}],"wp:featuredmedia":[{"embeddable":true,"href":"https:\/\/www.e-plasticase.com\/de\/wp-json\/wp\/v2\/media\/9633"}],"wp:attachment":[{"href":"https:\/\/www.e-plasticase.com\/de\/wp-json\/wp\/v2\/media?parent=6651"}],"wp:term":[{"taxonomy":"product_cat","embeddable":true,"href":"https:\/\/www.e-plasticase.com\/de\/wp-json\/wp\/v2\/product_cat?post=6651"},{"taxonomy":"product_tag","embeddable":true,"href":"https:\/\/www.e-plasticase.com\/de\/wp-json\/wp\/v2\/product_tag?post=6651"}],"curies":[{"name":"wp","href":"https:\/\/api.w.org\/{rel}","templated":true}]}}