{"id":6497,"date":"2018-03-14T11:28:35","date_gmt":"2018-03-14T10:28:50","guid":{"rendered":"https:\/\/www.e-plasticase.com\/?post_type=product&#038;p=6497"},"modified":"2025-10-15T17:12:56","modified_gmt":"2025-10-15T15:12:56","slug":"wandtrager-fur-r2","status":"publish","type":"product","link":"https:\/\/www.e-plasticase.com\/de\/produkt\/urban-de\/wandtrager-fur-r2\/","title":{"rendered":"Wandtr\u00e4ger f\u00fcr R2"},"content":{"rendered":"<p><strong>Diese exklusiv f\u00fcr das Koffermodell R2<\/strong> entwickelte Wandhalterung f\u00fcr Koffer aus <strong>Polypropylen<\/strong> ist die <strong>ideale L\u00f6sung, um Ihren Notfallkoffer f\u00fcr alle gut sichtbar und zug\u00e4nglich aufzubewahren.<\/strong> <strong>Polypropylen<\/strong>, auch PP genannt, ist das ideale Material f\u00fcr Kunststoffartikel, die solide, pflegeleicht und hochwertig sein sollen.<\/p>\n<p>Das <strong>Modell R2, f\u00fcr das die Halterung entwickelt wurde, ist ein Modell eines kleinen Koffers, in einem Format nahe A5, das ab einer Bestellung von 100 St\u00fcck in 7 Farbt\u00f6nen<\/strong> (Wei\u00df, Blau, Graublau, Hellgrau, Gelb, Schwarz, Rot) erh\u00e4ltlich ist. Der Koffer kann zudem durch \u00e4u\u00dfere Beschriftungen per Siebdruck oder Digitaldruck sowie durch eine Innenauskleidung aus Schaumstoff oder in Thermoformung individuell gestaltet werden.<\/p>\n<p><strong>Die Halterung kann \u00fcber die vier Aussparungen* in ihren vier Ecken<\/strong> (etwa 3\u00a0mm Durchmesser) an der Wand befestigt werden. Mithilfe dieser Halterung bleibt Ihr Koffer jederzeit zug\u00e4nglich und ist bei medizinischen oder technischen Notf\u00e4llen sofort einsatzbereit. Sie bietet zugleich einen Platz- und Zeitgewinn. Ein Experte begleitet Sie w\u00e4hrend der Konzeption und Umsetzung Ihres Projekts, damit Sie Ihr ideales Produkt erhalten.<\/p>\n<p>Ist ab einer Bestellmenge von 100\u00a0St\u00fcck erh\u00e4ltlich, und zwar in 3\u00a0Farbt\u00f6nen (Wei\u00df, Rot, Durchsichtig PP (milchig\/milky)),<\/p>\n<p><strong>Anwendungsbeispiel<\/strong>: Die Halterung f\u00fcr Koffer R2 ist die ideale L\u00f6sung f\u00fcr das Aufh\u00e4ngen von Notfallkoffern, Wartungssets, Ersatzteilsets\u00a0\u2026<\/p>\n<p><a href=\"https:\/\/www.gaggione.com\/en\/technical-cases-eplasticase\/\"><strong>Die Marke E-PLASTICASE unter der Lupe:<\/strong><\/a> Das franz\u00f6sische Unternehmen Gaggione ist seit mehr als 55 Jahren Experte in der Konzeption, Herstellung und dem Verkauf von Bauteilen im Thermoplast- und Silikonspritzguss. Gaggione E-PLASTICASE verpflichtet sich, jedem einzelnen Kunden ein einzigartiges, individuell gestaltbares und seinem Bedarf entsprechendes Produkt zu liefern. Kontaktieren Sie am besten gleich das Vertriebsteam von Gaggione E-PLASTICASE, um weitere Informationen zu erhalten.<\/p>\n<p>*(Schrauben nicht in Lieferung enthalten)<\/p>\n<p><a href=\"https:\/\/www.e-plasticase.com\/de\/kontakt\/\"><strong>Teilen Sie uns am besten sofort Ihre Projektidee mit \u2013 ein Mitglied des Teams von e-plasticase wird sich so schnell wie m\u00f6glich bei Ihnen melden.<\/strong><\/a><\/p>\n","protected":false},"excerpt":{"rendered":"<ul>\n<li>Wandtr\u00e4ger f\u00fcr R2 Koffer<\/li>\n<li>Immer f\u00fcr dringende Angelengenheiten bereit !<\/li>\n<li>Platzersparnis, Zeitgewinn<\/li>\n<li>Anwendungen: Erste Hilfe Koffer<\/li>\n<li>Referenz : RB<\/li>\n<\/ul>\n","protected":false},"featured_media":9113,"template":"","meta":[],"product_cat":[106],"product_tag":[],"class_list":{"0":"post-6497","1":"product","2":"type-product","3":"status-publish","4":"has-post-thumbnail","6":"product_cat-urban-de","7":"pa_couleur-rot","8":"pa_couleur-durchsichtige","9":"pa_couleur-weis","10":"pa_hauteur-exterieur-819","11":"pa_largeur-exterieur-180-de","12":"pa_longueur-exterieur-820","13":"pa_matiere-polypropylen","14":"pa_poids_unitaire-0-091-kg-de","15":"pa_poids-dun-carton-3-70-kg-de","16":"pa_transparence-nein","17":"pa_unite-de-conditionnement-32-de","18":"pa_volume-dun-carton-0-048-m3-de","20":"first","21":"instock","22":"shipping-taxable","23":"product-type-variable"},"df_price":"","df_sale_price":"","df_regular_price":"","df_image_link":"https:\/\/www.e-plasticase.com\/wp-content\/uploads\/2018\/03\/ZRB004-1-300x200.jpg","_links":{"self":[{"href":"https:\/\/www.e-plasticase.com\/de\/wp-json\/wp\/v2\/product\/6497","targetHints":{"allow":["GET"]}}],"collection":[{"href":"https:\/\/www.e-plasticase.com\/de\/wp-json\/wp\/v2\/product"}],"about":[{"href":"https:\/\/www.e-plasticase.com\/de\/wp-json\/wp\/v2\/types\/product"}],"wp:featuredmedia":[{"embeddable":true,"href":"https:\/\/www.e-plasticase.com\/de\/wp-json\/wp\/v2\/media\/9113"}],"wp:attachment":[{"href":"https:\/\/www.e-plasticase.com\/de\/wp-json\/wp\/v2\/media?parent=6497"}],"wp:term":[{"taxonomy":"product_cat","embeddable":true,"href":"https:\/\/www.e-plasticase.com\/de\/wp-json\/wp\/v2\/product_cat?post=6497"},{"taxonomy":"product_tag","embeddable":true,"href":"https:\/\/www.e-plasticase.com\/de\/wp-json\/wp\/v2\/product_tag?post=6497"}],"curies":[{"name":"wp","href":"https:\/\/api.w.org\/{rel}","templated":true}]}}