{"id":6486,"date":"2018-03-14T11:14:42","date_gmt":"2018-03-14T10:14:42","guid":{"rendered":"https:\/\/www.e-plasticase.com\/produit\/b2\/"},"modified":"2025-08-01T09:49:31","modified_gmt":"2025-08-01T07:49:31","slug":"b2","status":"publish","type":"product","link":"https:\/\/www.e-plasticase.com\/de\/produkt\/retro-de\/b2\/","title":{"rendered":"B2"},"content":{"rendered":"<p>Unser <strong>Modell B2<\/strong>, ein Transportbeh\u00e4lter aus Kunststoff, l\u00e4sst sich als Werkzeug-, Reise- oder Aufbewahrungskasten f\u00fcr zahlreiche Branchen verwenden. Er ist pfiffig konstruiert: Dank ihrer integrierten Bolzen k\u00f6nnen Sie die K\u00e4sten leicht und sicher \u00fcbereinanderstapeln.<br \/>\nUnsere K\u00e4sten werden aus Polypropylen gefertigt, einem elastischen und robusten Material, das f\u00fcr seine Widerstandsf\u00e4higkeit gegen\u00fcber St\u00f6\u00dfen und den g\u00e4ngigsten Chemikalien bekannt ist. Dank seiner Elastizit\u00e4t verf\u00fcgt der Kasten \u00fcber integrierte Scharniere, die mit mehr als 100 000 Nutzungen getestet wurden. Die Robustheit unserer in den verschiedensten Bereichen eingesetzten K\u00e4sten ist weltweit anerkannt. Denn dieser Kasten ist f\u00fcr einen Transport selbst unter schwierigen Bedingungen geeignet.<\/p>\n<p>Um die Aufbewahrung Ihrer Produkte optimal zu gestalten, bieten wir zahlreiche M\u00f6glichkeiten f\u00fcr die innere Ausgestaltung. Wenden Sie sich einfach an ein Mitglied unseres Teams und wir definieren gemeinsam genau die Auspolsterung, die Sie ben\u00f6tigen. Sie m\u00f6chten ein Logo oder eine Abbildung anbringen? Bei E-Plasticase verwirklichen wir Ihre Anfragen zur individuellen Gestaltung Ihrer K\u00e4sten.<br \/>\nAb einer Bestellmenge von 100 St\u00fcck k\u00f6nnen Sie zwischen den Farben Beige, Blau oder Schwarz w\u00e4hlen. Falls Sie mehr als 500 St\u00fcck w\u00fcnschen, sind noch mehr verschiedene Farbt\u00f6ne erh\u00e4ltlich! Sie finden alle M\u00f6glichkeiten in dem PDF. das sich rechts vom Produkt befindet.<\/p>\n<p><strong>Unsere Marke im Fokus : <\/strong><\/p>\n<p>Bei E-Plasticase entwickeln wir Koffer, Handkoffer, K\u00e4sten und Kisten f\u00fcr zahlreiche Anwendungsbereiche. Unser Ziel ist es, robuste Produkte in attraktivem Design zu entwickeln, die den Bed\u00fcrfnissen unserer Firmenkunden entsprechen. In den vergangenen knapp 60 Jahren haben wir zahlreiche Sortimente herausgebracht und uns dabei ein umfassendes Know-how angeeignet. Unser Trumpf? Franz\u00f6sische Konzeption und Herstellung, die ein Garant f\u00fcr die Qualit\u00e4t und die praktische Verwendbarkeit unserer Produkte sind. Unser Team hat ein offenes Ohr f\u00fcr alle Ihre Anfragen. Sie ben\u00f6tigen eine<\/p>\n<p><strong>Information oder einen Kostenvoranschlag? <\/strong><\/p>\n<p>Wenden Sie sich direkt an unser <a href=\"https:\/\/www.e-plasticase.com\/de\/kontakt\/\">Verkaufsteam<\/a>. Sie k\u00f6nnen auch unsere Neuigkeiten auf <a href=\"https:\/\/www.linkedin.com\/company\/gaggione-e-plasticase\/\">Linkedin<\/a> verfolgen.<\/p>\n","protected":false},"excerpt":{"rendered":"<ul>\n<li>Mehrwegtransportverpackungen<\/li>\n<li>Sehr best\u00e4ndige Kiste aus Kunststoff<\/li>\n<li>Seitliche Griffe<\/li>\n<li>Stapelbar<\/li>\n<li>Anwendungen: Shuttle Koffer, Sicherheitswesen, ADR Koffer, pers\u00f6nlische Schutzausr\u00fcstung, Anordnung, Geb\u00e4ude, Freizeit, Medizintechnik, Batterie..<\/li>\n<\/ul>\n","protected":false},"featured_media":7608,"template":"","meta":[],"product_cat":[103],"product_tag":[],"class_list":{"0":"post-6486","1":"product","2":"type-product","3":"status-publish","4":"has-post-thumbnail","6":"product_cat-retro-de","7":"pa_couleur-beige-de-2","8":"pa_couleur-blau","9":"pa_couleur-schwarz","10":"pa_hauteur-1245","11":"pa_hauteur-exterieur-1242","12":"pa_largeur-1654","13":"pa_largeur-exterieur-308-de","14":"pa_longueur-1243","15":"pa_longueur-exterieur-1246","16":"pa_matiere-polypropylen","17":"pa_poids_unitaire-1-699-kg-de","18":"pa_poids-dun-carton-8-85-kg-de","19":"pa_transparence-nein","20":"pa_unite-de-conditionnement-4-de","21":"pa_volume-dun-carton-0-157-m3-de","23":"first","24":"instock","25":"shipping-taxable","26":"product-type-variable","27":"product-type-zakeke","28":"product-type-external"},"df_price":"","df_sale_price":"","df_regular_price":"","df_image_link":"https:\/\/www.e-plasticase.com\/wp-content\/uploads\/2018\/03\/ZB2009-ferm-300x200.jpg","_links":{"self":[{"href":"https:\/\/www.e-plasticase.com\/de\/wp-json\/wp\/v2\/product\/6486","targetHints":{"allow":["GET"]}}],"collection":[{"href":"https:\/\/www.e-plasticase.com\/de\/wp-json\/wp\/v2\/product"}],"about":[{"href":"https:\/\/www.e-plasticase.com\/de\/wp-json\/wp\/v2\/types\/product"}],"wp:featuredmedia":[{"embeddable":true,"href":"https:\/\/www.e-plasticase.com\/de\/wp-json\/wp\/v2\/media\/7608"}],"wp:attachment":[{"href":"https:\/\/www.e-plasticase.com\/de\/wp-json\/wp\/v2\/media?parent=6486"}],"wp:term":[{"taxonomy":"product_cat","embeddable":true,"href":"https:\/\/www.e-plasticase.com\/de\/wp-json\/wp\/v2\/product_cat?post=6486"},{"taxonomy":"product_tag","embeddable":true,"href":"https:\/\/www.e-plasticase.com\/de\/wp-json\/wp\/v2\/product_tag?post=6486"}],"curies":[{"name":"wp","href":"https:\/\/api.w.org\/{rel}","templated":true}]}}