{"id":6234,"date":"2018-03-14T10:07:11","date_gmt":"2018-03-14T09:10:13","guid":{"rendered":"https:\/\/www.e-plasticase.com\/?post_type=product&#038;p=6234"},"modified":"2025-10-15T17:10:17","modified_gmt":"2025-10-15T15:10:17","slug":"t6","status":"publish","type":"product","link":"https:\/\/www.e-plasticase.com\/de\/produkt\/casual-de\/t6\/","title":{"rendered":"T6"},"content":{"rendered":"<p>Die Verschl\u00fcsse dieses <strong>Kunststoffkoffers<\/strong>, eine Besonderheit des Sortiments <strong>CASUAL von E-plasticase<\/strong>, erlauben ein problemloses \u00d6ffnen des Koffers und den einfachen Zugang zu seinem Inhalt. Ebenso wie der Koffer selbst (Blau, Marineblau, Grau, Schwarz oder Rot) sind auch die Verschl\u00fcsse in mehreren Farbt\u00f6nen (Wei\u00df, Pastellblau, Hellgrau, Gelb, Schwarz, Rot, Gr\u00fcn) erh\u00e4ltlich. Falls Sie dies w\u00fcnschen, k\u00f6nnen Sie das <strong>Innere und \u00c4u\u00dfere<\/strong> Ihres Koffers individuell gestalten. Denn f\u00fcr die individuelle Gestaltung des Innern sind die Dichte und die Form der Auskleidung variabel und lassen sich an die Gr\u00f6\u00dfe, das Gewicht und den Schutz anpassen, dessen Ihre Produkte bed\u00fcrfen, um eine ordnungsgem\u00e4\u00dfe Handhabung und Pr\u00e4sentation zu gew\u00e4hrleisten.<\/p>\n<p><strong>Andererseits erlaubt es Ihnen der integrierte Griff dieses Kunststoffkoffers, ihn \u00fcberallhin mitzunehmen.<\/strong><\/p>\n<p>Dieser gro\u00dfe Koffer T6 verf\u00fcgt \u00fcber ein gro\u00dfes Innenvolumen, das Objekte im Format A3 aufnehmen kann. Er ist also die ideale L\u00f6sung f\u00fcr die Pr\u00e4sentation von Produktproben und Industrieprodukten und ist also ein effizientes Werbe-Hilfsmittel.<\/p>\n<p>Dieses Modell ist auch f\u00fcr den Transport von medizinischem Material oder gr\u00f6\u00dferen und sperrigeren Werkzeugen geeignet.<br \/>\nDieser gro\u00dfe Koffer bietet \u2013 wie alle Koffer des Sortiments CASUAL \u2013 Schutz gegen Regen, Wind und Staub und garantiert dar\u00fcber hinaus die Best\u00e4ndigkeit und sichere Aufbewahrung seines Inhalts.<\/p>\n<p><strong>Verwendungsbeispiel des Modells T6:<\/strong> Erste-Hilfe-Koffer, PPMS- oder Notfallkoffer, Transportkoffer f\u00fcr Ersatzteil-Sets, Kunststoffkoffer f\u00fcr den Transport von Reinigungs-, Reparatur- und Pflegemitteln\u00a0\u2026<\/p>\n<p>Das Modell T6 unter der Bezeichnung <a href=\"https:\/\/www.e-plasticase.com\/de\/produkt\/minimalist-de\/t6t\/\">T6T<\/a> auch in durchsichtiger Version.<\/p>\n<p><a href=\"https:\/\/www.gaggione.com\/en\/technical-cases-eplasticase\/\"><strong>Die Marke E-PLASTICASE unter der Lupe<\/strong><\/a>: Gaggione E-plasticase ist seit nunmehr 55\u00a0Jahren ein Spezialist f\u00fcr die Konzeption, Herstellung und den Verkauf von Thermoplast- und Silikonbauteilen im Spritzguss. Im Lauf der Jahre konnte sie ihre Wettbewerbsf\u00e4higkeit, Authentizit\u00e4t und Erfahrung bewahren und ausbauen. Gaggione engagiert sich gegen\u00fcber seinen Kunden zur Lieferung nachhaltiger und hochwertiger Produkte \u201eMade in France\u201c.<\/p>\n<p><a href=\"https:\/\/www.e-plasticase.com\/wp-content\/uploads\/2022\/11\/WEB-Catalogue-2022-Gaggione-light-wordpress.pdf\"><strong>Laden Sie sich am besten sofort den Katalog von Gaggione E-plasticase herunter.<\/strong><\/a><\/p>\n","protected":false},"excerpt":{"rendered":"<ul>\n<li>Format A3 Koffer<\/li>\n<li>Neues Konzept<\/li>\n<li>Neues Design<\/li>\n<li>Verf\u00fcgbar in durchsichtig, siehe T6T<\/li>\n<li>Farbe des Koffers und den Verschl\u00fcssen frei kombinierbar<\/li>\n<li>Anwendungen: Alle<\/li>\n<\/ul>\n","protected":false},"featured_media":9337,"template":"","meta":[],"product_cat":[107],"product_tag":[],"class_list":{"0":"post-6234","1":"product","2":"type-product","3":"status-publish","4":"has-post-thumbnail","6":"product_cat-casual-de","7":"pa_couleur-blau","8":"pa_couleur-grau","9":"pa_couleur-marineblau","10":"pa_couleur-rot","11":"pa_couleur-schwarz","12":"pa_couleur-des-fermoirs-gelb","13":"pa_couleur-des-fermoirs-grun","14":"pa_couleur-des-fermoirs-pastellblau","15":"pa_couleur-des-fermoirs-rot","16":"pa_couleur-des-fermoirs-schwarz","17":"pa_couleur-des-fermoirs-t_grau_closing","18":"pa_couleur-des-fermoirs-weiss_fer","19":"pa_hauteur-1225","20":"pa_hauteur-exterieur-1223","21":"pa_largeur-1662","22":"pa_largeur-exterieur-387-de","23":"pa_longueur-1222","24":"pa_longueur-exterieur-1226","25":"pa_matiere-polypropylen","26":"pa_poids_unitaire-1-451-kg-de","27":"pa_poids-dun-carton-6-30-kg-de","28":"pa_taill-standard-a3","29":"pa_transparence-nein","30":"pa_unite-de-conditionnement-4-de","31":"pa_volume-dun-carton-0-110-m3-de","33":"first","34":"instock","35":"shipping-taxable","36":"product-type-variable","37":"product-type-zakeke","38":"product-type-external"},"df_price":"","df_sale_price":"","df_regular_price":"","df_image_link":"https:\/\/www.e-plasticase.com\/wp-content\/uploads\/2018\/03\/ZT600909-300x200.jpg","_links":{"self":[{"href":"https:\/\/www.e-plasticase.com\/de\/wp-json\/wp\/v2\/product\/6234","targetHints":{"allow":["GET"]}}],"collection":[{"href":"https:\/\/www.e-plasticase.com\/de\/wp-json\/wp\/v2\/product"}],"about":[{"href":"https:\/\/www.e-plasticase.com\/de\/wp-json\/wp\/v2\/types\/product"}],"wp:featuredmedia":[{"embeddable":true,"href":"https:\/\/www.e-plasticase.com\/de\/wp-json\/wp\/v2\/media\/9337"}],"wp:attachment":[{"href":"https:\/\/www.e-plasticase.com\/de\/wp-json\/wp\/v2\/media?parent=6234"}],"wp:term":[{"taxonomy":"product_cat","embeddable":true,"href":"https:\/\/www.e-plasticase.com\/de\/wp-json\/wp\/v2\/product_cat?post=6234"},{"taxonomy":"product_tag","embeddable":true,"href":"https:\/\/www.e-plasticase.com\/de\/wp-json\/wp\/v2\/product_tag?post=6234"}],"curies":[{"name":"wp","href":"https:\/\/api.w.org\/{rel}","templated":true}]}}