{"id":6137,"date":"2018-03-14T09:09:04","date_gmt":"2018-03-14T08:09:15","guid":{"rendered":"https:\/\/www.e-plasticase.com\/?post_type=product&#038;p=6137"},"modified":"2025-08-01T09:51:26","modified_gmt":"2025-08-01T07:51:26","slug":"cr1800","status":"publish","type":"product","link":"https:\/\/www.e-plasticase.com\/de\/produkt\/chic-de\/cr1800\/","title":{"rendered":"CR1800"},"content":{"rendered":"<p><strong>Das Modell CR1800 wird dank seiner hochwertigen Verarbeitung und seiner \u00e4sthetischen Eleganz und Schlichtheit besonders in den Bereichen Luxus, Kommunikation, Werbung in Verkaufspunkten und Ausstellung gesch\u00e4tzt.<\/strong> Mit seinen Au\u00dfenma\u00dfen von 196 mm x 148 mm x 76 mm ist der CR1800 ein Pr\u00e4sentations-Kasten, der <strong>ideal f\u00fcr die Pr\u00e4sentation eines Produkts oder die Hervorhebung einer Marke in einem Verkaufspunkt, einer Abteilung oder bei einer Messe geeignet ist.<\/strong><\/p>\n<p>Diese K\u00e4sten k\u00f6nnen mithilfe von Innenauskleidungen und Beschriftungen au\u00dfen individuell ausger\u00fcstet und gestaltet werden. Die durch Siebdruck, Tintenstrahldruck oder Thermodruck erstellte \u00e4u\u00dfere Beschriftung ist auf mehreren Seiten m\u00f6glich. Sie haben also die M\u00f6glichkeit, Ihr Logo, Bild oder Ihren beschreibenden Text problemlos anzubringen, ohne dass dieser die Sicht auf das ausgestellte Produkt beeintr\u00e4chtigen w\u00fcrde. Was die Innenauskleidung angeht, bietet Ihnen unser Team eine Unterst\u00fctzung nach Ma\u00df, um den Inhalt dieses Kastens m\u00f6glichst vorteilhaft zu pr\u00e4sentieren und hervorzuheben.<\/p>\n<p><strong>Verwendungsbeispiele:<\/strong> Pr\u00e4sentations-Kasten, Verkaufsst\u00e4nder, Werbung in einem Verkaufspunkt, Werbung f\u00fcr Industrieprodukte, hochwertiger Beh\u00e4lter f\u00fcr Sammlerst\u00fccke, Geschenkbeh\u00e4lter f\u00fcr Kunden oder Mitarbeiter anl\u00e4sslich von Festen oder Jubil\u00e4en\/Geburtstagen\u00a0&#8230;<\/p>\n<p>Das <strong>Sortiment CHIC<\/strong> wird per Spritzguss aus PMMA (gemeinhin Plexiglas genannt) hergestellt, weshalb wir die perfekte Durchsichtigkeit und Best\u00e4ndigkeit der K\u00e4sten garantieren k\u00f6nnen. Es ist ferner nach RoHS hinsichtlich der verringerten Verwendung von sechs gef\u00e4hrlichen Stoffen zertifiziert, da uns die Sicherheit unserer Mitarbeiter und Kunden am Herzen liegt und wir immer versuchen, ihnen nachhaltige und hochwertige Produkte liefern zu k\u00f6nnen.<\/p>\n<p><a href=\"https:\/\/www.gaggione.com\/en\/technical-cases-eplasticase\/\"><strong>Die Marke E-PLASTICASE unter der Lupe:<\/strong><\/a> Gaggione E-plasticase ist seit mehr als 55\u00a0Jahren im franz\u00f6sischen Departement Ain zuhause und bietet eine breite Auswahl an Koffern, K\u00e4sten, Etuis und K\u00e4sten, um dem Bedarf ihrer Kunden bestm\u00f6glich entsprechen zu k\u00f6nnen. Unsere Produkte werden vollst\u00e4ndig an unserem Standort in Frankreich hergestellt, weshalb wir die Qualit\u00e4t w\u00e4hrend des gesamten Herstellungsprozesses sicherstellen k\u00f6nnen.<\/p>\n<p><strong>Wenn Sie sich f\u00fcr weitere Optionen f\u00fcr Ihre Kisten, K\u00e4sten und Koffer interessieren, wenden Sie sich am besten sofort an unser Vertriebsteam oder nutzen Sie unsere <a href=\"https:\/\/www.e-plasticase.com\/produits\/\">Suchfunktion<\/a>.<\/strong><\/p>\n","protected":false},"excerpt":{"rendered":"<ul>\n<li>3 bis 4mm W\u00e4nde<\/li>\n<li>Kristallklar<\/li>\n<li>hoch Qualit\u00e4t<\/li>\n<li>Beschriftung auf\u00a0mehrere Seite m\u00f6glich<\/li>\n<li>Anwendungen: Geeignet f\u00fcr hochwertige Kundengeschenke, Pr\u00e4sentation, Parfum, Kosmetic, Schokolade, S\u00fcssigkeiten&#8230;<\/li>\n<\/ul>\n","protected":false},"featured_media":45125,"template":"","meta":[],"product_cat":[101],"product_tag":[],"class_list":{"0":"post-6137","1":"product","2":"type-product","3":"status-publish","4":"has-post-thumbnail","6":"product_cat-chic-de","7":"pa_couleur-cristal-de","8":"pa_hauteur-1184","9":"pa_hauteur-exterieur-1182","10":"pa_largeur-1607","11":"pa_largeur-exterieur-148-de","12":"pa_longueur-1181","13":"pa_longueur-exterieur-1185","14":"pa_matiere-akryl-harz-pmma","15":"pa_poids_unitaire-0-457-kg-de","16":"pa_poids-dun-carton-14-60-kg-de","17":"pa_transparence-ja","18":"pa_unite-de-conditionnement-30-de","19":"pa_volume-dun-carton-0-068-m3-de","21":"first","22":"instock","23":"shipping-taxable","24":"product-type-variable","25":"product-type-zakeke","26":"product-type-external"},"df_price":"","df_sale_price":"","df_regular_price":"","df_image_link":"https:\/\/www.e-plasticase.com\/wp-content\/uploads\/2018\/03\/Z-CR1800-ouvert-final-1910-300x274.png","_links":{"self":[{"href":"https:\/\/www.e-plasticase.com\/de\/wp-json\/wp\/v2\/product\/6137","targetHints":{"allow":["GET"]}}],"collection":[{"href":"https:\/\/www.e-plasticase.com\/de\/wp-json\/wp\/v2\/product"}],"about":[{"href":"https:\/\/www.e-plasticase.com\/de\/wp-json\/wp\/v2\/types\/product"}],"wp:featuredmedia":[{"embeddable":true,"href":"https:\/\/www.e-plasticase.com\/de\/wp-json\/wp\/v2\/media\/45125"}],"wp:attachment":[{"href":"https:\/\/www.e-plasticase.com\/de\/wp-json\/wp\/v2\/media?parent=6137"}],"wp:term":[{"taxonomy":"product_cat","embeddable":true,"href":"https:\/\/www.e-plasticase.com\/de\/wp-json\/wp\/v2\/product_cat?post=6137"},{"taxonomy":"product_tag","embeddable":true,"href":"https:\/\/www.e-plasticase.com\/de\/wp-json\/wp\/v2\/product_tag?post=6137"}],"curies":[{"name":"wp","href":"https:\/\/api.w.org\/{rel}","templated":true}]}}