{"id":6118,"date":"2018-03-14T02:10:45","date_gmt":"2018-03-14T01:10:58","guid":{"rendered":"https:\/\/www.e-plasticase.com\/?post_type=product&#038;p=6118"},"modified":"2025-08-01T09:51:08","modified_gmt":"2025-08-01T07:51:08","slug":"cr1600","status":"publish","type":"product","link":"https:\/\/www.e-plasticase.com\/de\/produkt\/chic-de\/cr1600\/","title":{"rendered":"CR1600"},"content":{"rendered":"<p>Das Sortiment <strong>CHIC<\/strong> von E-Plasticase bietet Ihnen eine Serie von f\u00fcnf <strong>hochwertigen durchsichtigen K\u00e4sten in erstklassiger Verarbeitung<\/strong>. Sie haben also die M\u00f6glichkeit, unter verschiedenen Abmessungen der durchsichtigen K\u00e4sten diejenige zu w\u00e4hlen, die Ihrem Bedarf am besten entspricht.<\/p>\n<p>In diesem Kasten k\u00f6nnen Sie den Inhalt perfekt <strong>pr\u00e4sentieren und die Aufmerksamkeit auf ihn lenken<\/strong>. Das Modell CR1600 ist ein w\u00fcrfelf\u00f6rmiges, schlichtes und harmonisches Modell mit einem Volumen von zirka 1600 cm\u00b3. Es eignet sich perfekt f\u00fcr die Hervorhebung Ihrer hochwertigen Produkte.<\/p>\n<p>Dieser durchsichtige Kasten kann dank der Beschriftung au\u00dfen \u2013 durch Siebdruck, Tintenstrahldruck oder Thermobeschriftung \u2013 individuell gestaltet werden. Mithilfe dieser Techniken k\u00f6nnen Sie Ihr Logo, ein originelles Bild und\/oder einen Text auf dem Kasten anbringen. Wir bieten Ihnen ferner die M\u00f6glichkeit, eine ma\u00dfgefertigte innere Auflage aus Schaumstoff oder in Thermoformung zu konzipieren, auf der jeder beliebige Inhalt stabil platziert werden kann.<\/p>\n<p>Dieser durchsichtige Kasten ist vielseitig verwendbar und kommt in zahlreichen Bereichen zum Einsatz, etwa Luxus, Kommunikation, S\u00fc\u00dfwaren, Kaffeekapseln oder Teepads, Modellbau, Werbung in Verkaufspunkten\u00a0\u2026 Denn in dem Kasten k\u00f6nnen Sie Ihre Produkte nicht nur pr\u00e4sentieren, sondern auch gesch\u00fctzt aufbewahren.<\/p>\n<p>Er wird im Spritzgussverfahren aus <strong>PMMA<\/strong> (Polymethylmethacrylat) hergestellt, einem Material, das viele Vorteile bietet. Dank seiner <strong>Durchsichtigkeit in Optikerqualit\u00e4t<\/strong> und der Dicke seiner W\u00e4nde stellen sich elegante Lichtreflexe ein. Diese K\u00e4sten sind f\u00fcr ihre gro\u00dfe Eleganz in Verbindung mit einer erstklassigen Qualit\u00e4t bekannt. Bekannterma\u00dfen ist Gaggione seit mehreren Jahrzehnten ein Spezialist f\u00fcr die Konzeption und den Spritzguss von durchsichtigen Kunststoffteilen, insbesondere im Bereich der Optik.<\/p>\n<p><a href=\"https:\/\/www.gaggione.com\/en\/technical-cases-eplasticase\/\"><strong>Die Marke E-PLASTICASE unter der Lupe:<\/strong><\/a> Dank seiner gro\u00dfen Erfahrung bei der Entwicklung, Konzeption und dem Spritzguss von Kunststoffteilen, K\u00e4sten und Koffern aller Art kann das Unternehmen E-Plasticase seit jeher den Erwartungen und Bed\u00fcrfnissen seiner extrem unterschiedlichen Kundschaft entsprechen.<\/p>\n<p><a href=\"https:\/\/www.e-plasticase.com\/de\/kontakt\/\"><strong>Wenden Sie sich noch heute an uns, um weitere Informationen \u00fcber das Sortiment Kristall und das Modell CR1600 zu erhalten.<\/strong><\/a><\/p>\n","protected":false},"excerpt":{"rendered":"<ul>\n<li>3 bis 4mm W\u00e4nde<\/li>\n<li>Kristallklar<\/li>\n<li>hoch Qualit\u00e4t<\/li>\n<li>Beschriftung auf mehrere Seite m\u00f6glich<\/li>\n<li>Anwendungen: Geeignet f\u00fcr hochwertige Kundengeschenke, Pr\u00e4sentation, Kaffeekapseln, Parfum, Kosmetic, Deko-Objekt, Schokolade, Blumen, S\u00fcssigkeiten&#8230;<\/li>\n<\/ul>\n","protected":false},"featured_media":45121,"template":"","meta":[],"product_cat":[101],"product_tag":[],"class_list":{"0":"post-6118","1":"product","2":"type-product","3":"status-publish","4":"has-post-thumbnail","6":"product_cat-chic-de","7":"pa_couleur-cristal-de","8":"pa_hauteur-1164","9":"pa_hauteur-exterieur-1163","10":"pa_largeur-1605","11":"pa_largeur-exterieur-128-de","12":"pa_longueur-1162","13":"pa_longueur-exterieur-1165","14":"pa_matiere-akryl-harz-pmma","15":"pa_poids_unitaire-0-429-kg-de","16":"pa_poids-dun-carton-12-00-kg-de","17":"pa_transparence-ja","18":"pa_unite-de-conditionnement-24-de","19":"pa_volume-dun-carton-0-062-m3-de","21":"first","22":"instock","23":"shipping-taxable","24":"product-type-variable","25":"product-type-zakeke","26":"product-type-external"},"df_price":"","df_sale_price":"","df_regular_price":"","df_image_link":"https:\/\/www.e-plasticase.com\/wp-content\/uploads\/2018\/03\/Z-CR1600-ouvert-detoure-final-300x274.png","_links":{"self":[{"href":"https:\/\/www.e-plasticase.com\/de\/wp-json\/wp\/v2\/product\/6118","targetHints":{"allow":["GET"]}}],"collection":[{"href":"https:\/\/www.e-plasticase.com\/de\/wp-json\/wp\/v2\/product"}],"about":[{"href":"https:\/\/www.e-plasticase.com\/de\/wp-json\/wp\/v2\/types\/product"}],"wp:featuredmedia":[{"embeddable":true,"href":"https:\/\/www.e-plasticase.com\/de\/wp-json\/wp\/v2\/media\/45121"}],"wp:attachment":[{"href":"https:\/\/www.e-plasticase.com\/de\/wp-json\/wp\/v2\/media?parent=6118"}],"wp:term":[{"taxonomy":"product_cat","embeddable":true,"href":"https:\/\/www.e-plasticase.com\/de\/wp-json\/wp\/v2\/product_cat?post=6118"},{"taxonomy":"product_tag","embeddable":true,"href":"https:\/\/www.e-plasticase.com\/de\/wp-json\/wp\/v2\/product_tag?post=6118"}],"curies":[{"name":"wp","href":"https:\/\/api.w.org\/{rel}","templated":true}]}}