{"id":6099,"date":"2018-03-14T01:56:54","date_gmt":"2018-03-14T00:57:04","guid":{"rendered":"https:\/\/www.e-plasticase.com\/?post_type=product&#038;p=6099"},"modified":"2025-08-01T09:50:28","modified_gmt":"2025-08-01T07:50:28","slug":"cr700","status":"publish","type":"product","link":"https:\/\/www.e-plasticase.com\/de\/produkt\/chic-de\/cr700\/","title":{"rendered":"CR700"},"content":{"rendered":"<p><strong>Der CR700 ist das kleinste Modell im Sortiment CHIC<\/strong> f\u00fcr K\u00e4sten aus Plexiglas bei E-plasticase. Das Material <strong>PMMA<\/strong> (gemeinhin Plexiglas genannt) erm\u00f6glicht die <strong>Herstellung eines optisch hochwertigen durchsichtigen Kastens mit unvergleichlicher Verarbeitung im Spitzensegment<\/strong>. Dieses Modell wird deshalb in den Bereichen <strong>Luxus, Kommunikation, S\u00fc\u00dfwaren, Modellbau, Werbung in Verkaufspunkten, Verkaufsf\u00f6rderung<\/strong>\u00a0\u2026 besonders gesch\u00e4tzt.<\/p>\n<p>Die K\u00e4sten aus Plexiglas <strong>k\u00f6nnen vollst\u00e4ndig individuell gestaltet<\/strong> werden. Denn dank der <strong>Innenauskleidungen<\/strong> aus Schaumstoff oder in Thermoformung k\u00f6nnen Sie den Inhalt dieses Kastens halten, pr\u00e4sentieren und hervorheben. Sie haben ferner die M\u00f6glichkeit , per Digital- oder Siebdruck ein Logo, ein Bild oder einen Text anzubringen. Bei diesem Modell eines kleinen, durchsichtigen Kastens ist es \u2013 und dies exklusiv f\u00fcr die K\u00e4sten der Produktlinie CR \u2013 ebenfalls m\u00f6glich, per Thermodruck eine goldene oder silberne gl\u00e4nzende F\u00e4rbung zu erhalten. <strong>Die Experten des Vertriebsteams von E-plasticase begleiten Sie w\u00e4hrend des gesamten Prozesses der Auswahl und individuellen Gestaltung Ihres Kastens, Etui oder Koffers, damit Sie eine Schatulle erhalten, die Ihre Kreationen voll zur Geltung bringt.<\/strong><\/p>\n<p><strong>Verwendungsbeispiele des Modells CR700:<\/strong> Hochwertiger Sammlerkasten, durchsichtiger Kasten f\u00fcr Luxusprodukte, Pr\u00e4sentationskasten f\u00fcr Produkte im Verkaufspunkt, durchsichtiger Kasten zur Aufbewahrung von Lebensmitteln, dekorativer Kasten aus Plexiglas\u00a0\u2026<\/p>\n<p><strong>Die Marke E-plasticase unter der Lupe:<\/strong> Gaggione, im Herzen der Region Auvergne-Rh\u00f4ne-Alpes gegr\u00fcndet, ist ein auf die Konzeption, die Herstellung und den Vertrieb von Bauteilen im Thermoplast- und Silikonspritzguss aus franz\u00f6sischer Herstellung spezialisiertes Unternehmen. Das Unternehmen von \u00fcberschaubarer Gr\u00f6\u00dfe ist nach ISO 9001:2015 und RoHS zertifiziert, bleibt seinem franz\u00f6sischen Know-how treu und bietet Ihnen ein Sortiment nachhaltiger und hochwertiger Produkte.<\/p>\n<p><strong>Lernen Sie unseren kompletten Katalog kennen. <\/strong><\/p>\n","protected":false},"excerpt":{"rendered":"<ul>\n<li>3 bis 4mm W\u00e4nde<\/li>\n<li>Kristallklar, Kristall K\u00e4stchen<\/li>\n<li>hoch Qualit\u00e4t<\/li>\n<li>Beschriftung auf mehrere Seite m\u00f6glich<\/li>\n<li>Anwendungen: Geeignet f\u00fcr hochwertige Kundengeschenke, Pr\u00e4sentation, Parfum, Kosmetic, Schokolade, S\u00fcssigkeiten&#8230;<\/li>\n<\/ul>\n","protected":false},"featured_media":44023,"template":"","meta":[],"product_cat":[101],"product_tag":[],"class_list":{"0":"post-6099","1":"product","2":"type-product","3":"status-publish","4":"has-post-thumbnail","6":"product_cat-chic-de","7":"pa_couleur-cristal-de","8":"pa_hauteur-1148","9":"pa_hauteur-exterieur-1145","10":"pa_largeur-1602","11":"pa_largeur-exterieur-119-de","12":"pa_longueur-1146","13":"pa_longueur-exterieur-1147","14":"pa_matiere-akryl-harz-pmma","15":"pa_poids_unitaire-0-284-kg-de","16":"pa_poids-dun-carton-11-40-kg-de","17":"pa_transparence-ja","18":"pa_unite-de-conditionnement-36-de","19":"pa_volume-dun-carton-0-048-m3-de","21":"first","22":"instock","23":"shipping-taxable","24":"product-type-variable","25":"product-type-zakeke","26":"product-type-external"},"df_price":"","df_sale_price":"","df_regular_price":"","df_image_link":"https:\/\/www.e-plasticase.com\/wp-content\/uploads\/2023\/02\/Z-CR700-ouvert-final-300x274.png","_links":{"self":[{"href":"https:\/\/www.e-plasticase.com\/de\/wp-json\/wp\/v2\/product\/6099","targetHints":{"allow":["GET"]}}],"collection":[{"href":"https:\/\/www.e-plasticase.com\/de\/wp-json\/wp\/v2\/product"}],"about":[{"href":"https:\/\/www.e-plasticase.com\/de\/wp-json\/wp\/v2\/types\/product"}],"wp:featuredmedia":[{"embeddable":true,"href":"https:\/\/www.e-plasticase.com\/de\/wp-json\/wp\/v2\/media\/44023"}],"wp:attachment":[{"href":"https:\/\/www.e-plasticase.com\/de\/wp-json\/wp\/v2\/media?parent=6099"}],"wp:term":[{"taxonomy":"product_cat","embeddable":true,"href":"https:\/\/www.e-plasticase.com\/de\/wp-json\/wp\/v2\/product_cat?post=6099"},{"taxonomy":"product_tag","embeddable":true,"href":"https:\/\/www.e-plasticase.com\/de\/wp-json\/wp\/v2\/product_tag?post=6099"}],"curies":[{"name":"wp","href":"https:\/\/api.w.org\/{rel}","templated":true}]}}