{"id":6096,"date":"2018-03-14T01:25:36","date_gmt":"2018-03-14T00:25:36","guid":{"rendered":"https:\/\/www.e-plasticase.com\/produit\/cr800\/"},"modified":"2025-08-01T09:50:51","modified_gmt":"2025-08-01T07:50:51","slug":"cr800","status":"publish","type":"product","link":"https:\/\/www.e-plasticase.com\/de\/produkt\/chic-de\/cr800\/","title":{"rendered":"CR800"},"content":{"rendered":"<p>Das Modell CR800 ist eines von 5 Modellen des Sortiments <strong>CHIC<\/strong>, das die Pr\u00e4sentationsk\u00e4sten im Katalog von Gaggione E-Plasticase vereint. <strong>Diese einzigartige Linie an hochwertigen K\u00e4sten besticht durch ihre Spitzenverarbeitung und ihre Durchsichtigkeit.<\/strong> Mit einem Volumen von 800 cm3 und Innenma\u00dfen von 155 mm x 70 mm x 70 mm ist dieser Kasten ideal f\u00fcr die Werbung in Verkaufspunkten, die Ausstellung, die Werbung, die Parf\u00fcmerie, S\u00fc\u00dfwaren, Kosmetika, den Modellbau, Sammlungen von Wertgegenst\u00e4nden\u00a0&#8230; geeignet.<\/p>\n<p>Die Pr\u00e4sentationsk\u00e4sten CR800 k\u00f6nnen komplett individuell <strong>gestaltet werden<\/strong>, dank <strong>\u00e4u\u00dferer Beschriftung<\/strong> und <strong>innerer Auskleidungen<\/strong>. Wie bei allen K\u00e4sten von E-plasticase ist es m\u00f6glich, auf diesem Kasten <strong>ein Logo, einen Text<\/strong> oder ein Bild <strong>per Digital<\/strong>&#8211; oder Siebdruck anzubringen. Neben diesen beiden Beschriftungsverfahren ist es \u2013 exklusiv f\u00fcr die K\u00e4sten des Sortiments Kristall \u2013 m\u00f6glich, eine Lasergravur oder einen Thermodruck zu verwenden, um eine goldene oder silberne gl\u00e4nzende F\u00e4rbung zu erhalten. Ferner ist es m\u00f6glich, mehrere Seiten des Kastens zu beschriften. F\u00fcr die Verpackung l\u00e4nglicher Produkte wird der Kasten stehend verwendet und der Deckel dient dann als Zugang zum Produkt.<\/p>\n<p>Ma\u00dfgefertigte <strong>Innenauskleidungen<\/strong>, <strong>aus Schaumstoff oder per Thermoformung, k\u00f6nnen ebenfalls eingesetzt werden<\/strong>, um Ihr Produkt bestm\u00f6glich zur Geltung zu bringen und es gegen \u00e4u\u00dfere Einfl\u00fcsse zu sch\u00fctzen.<\/p>\n<p><strong>PMMA<\/strong>, (Plexiglas) sorgt f\u00fcr eine Durchsichtigkeit, die derjenigen von Glas nahekommt, und erlaubt eine hochwertige und unvergleichliche Verarbeitung dieses Pr\u00e4sentationskastens.<\/p>\n<p><strong>Anwendungsbeispiel:<\/strong> Parfumkasten, Ausstellungskasten f\u00fcr Produkte, Kasten f\u00fcr S\u00fc\u00dfigkeiten, Kaffeekapseln oder Teepads\u00a0\u2026<\/p>\n<p><a href=\"https:\/\/www.gaggione.com\/en\/technical-cases-eplasticase\/\"><strong>Die Marke E-PLASTICASE unter der Lupe<\/strong><\/a>: E-plasticase ist ein auf die Konzeption, die Herstellung und den Vertrieb von Bauteilen im Thermoplast- und Silikonspritzguss spezialisiertes Unternehmen. Seit mehr als 55 Jahren beliefert es Vertreter der unterschiedlichsten Branchen mit K\u00e4sten, Kisten, Koffern und Etuis aus Kunststoff, die ihren jeweiligen technischen und \u00e4sthetischen Bed\u00fcrfnissen entsprechen.<\/p>\n<p><a href=\"https:\/\/www.e-plasticase.com\/de\/kontakt\/\"><strong>Kontaktieren Sie noch heute unser Vertriebsteam, um Ihren pers\u00f6nlichen Kostenvoranschlag zu erhalten.<\/strong><\/a><\/p>\n","protected":false},"excerpt":{"rendered":"<ul>\n<li>3 bis 4mm W\u00e4nde<\/li>\n<li>Kristallklar<\/li>\n<li>hoch Qualit\u00e4t<\/li>\n<li>Beschriftung auf mehrere Seite m\u00f6glich<\/li>\n<li>Anwendungen: Geeignet f\u00fcr hochwertige Kundengeschenke, Pr\u00e4sentation, Parfum, Kosmetic, Schokolade, S\u00fcssigkeiten&#8230;<\/li>\n<\/ul>\n","protected":false},"featured_media":45109,"template":"","meta":[],"product_cat":[101],"product_tag":[],"class_list":{"0":"post-6096","1":"product","2":"type-product","3":"status-publish","4":"has-post-thumbnail","6":"product_cat-chic-de","7":"pa_couleur-cristal-de","8":"pa_hauteur-1135","9":"pa_hauteur-exterieur-1133","10":"pa_largeur-1597","11":"pa_largeur-exterieur-78-de","12":"pa_longueur-1134","13":"pa_longueur-exterieur-1136","14":"pa_matiere-akryl-harz-pmma","15":"pa_poids_unitaire-0-268-kg-de","16":"pa_poids-dun-carton-9-40-kg-de","17":"pa_transparence-ja","18":"pa_unite-de-conditionnement-35-de","19":"pa_volume-dun-carton-0-048-m3-de","21":"first","22":"instock","23":"shipping-taxable","24":"product-type-variable","25":"product-type-zakeke","26":"product-type-external"},"df_price":"","df_sale_price":"","df_regular_price":"","df_image_link":"https:\/\/www.e-plasticase.com\/wp-content\/uploads\/2018\/03\/Z-CR800-ouvert-psd-detoure-300x274.png","_links":{"self":[{"href":"https:\/\/www.e-plasticase.com\/de\/wp-json\/wp\/v2\/product\/6096","targetHints":{"allow":["GET"]}}],"collection":[{"href":"https:\/\/www.e-plasticase.com\/de\/wp-json\/wp\/v2\/product"}],"about":[{"href":"https:\/\/www.e-plasticase.com\/de\/wp-json\/wp\/v2\/types\/product"}],"wp:featuredmedia":[{"embeddable":true,"href":"https:\/\/www.e-plasticase.com\/de\/wp-json\/wp\/v2\/media\/45109"}],"wp:attachment":[{"href":"https:\/\/www.e-plasticase.com\/de\/wp-json\/wp\/v2\/media?parent=6096"}],"wp:term":[{"taxonomy":"product_cat","embeddable":true,"href":"https:\/\/www.e-plasticase.com\/de\/wp-json\/wp\/v2\/product_cat?post=6096"},{"taxonomy":"product_tag","embeddable":true,"href":"https:\/\/www.e-plasticase.com\/de\/wp-json\/wp\/v2\/product_tag?post=6096"}],"curies":[{"name":"wp","href":"https:\/\/api.w.org\/{rel}","templated":true}]}}