{"id":6066,"date":"2018-03-13T17:38:20","date_gmt":"2018-03-13T16:38:20","guid":{"rendered":"https:\/\/www.e-plasticase.com\/produit\/t4t\/"},"modified":"2025-08-01T09:47:11","modified_gmt":"2025-08-01T07:47:11","slug":"t4t","status":"publish","type":"product","link":"https:\/\/www.e-plasticase.com\/de\/produkt\/minimalist-de\/t4t\/","title":{"rendered":"T4T"},"content":{"rendered":"<p>Das Modell T4T, in der durchsichtigen Version T4, ist ein <strong>Modell mittlerer<\/strong> Gr\u00f6\u00dfe des Sortiments T. Dieser Koffer im <strong>Format A4+<\/strong> (H\u00fcllen und Dokumentenmappen) <strong>ist sto\u00dffest und begleitet<\/strong> Sie auf jede Baustelle und zu jedem Kunden.<\/p>\n<p>Die <strong>Verschl\u00fcsse sind in den auslaufenden Griff integriert und sorgen so f\u00fcr ein fl\u00fcssiges und ergonomisches Design, das die Aufbewahrung und den Transport Ihrer Produkte und\/oder Werkzeuge erleichtert<\/strong>. Die Verschl\u00fcsse sind in <strong>7 Farbt\u00f6nen<\/strong> (Wei\u00df, Pastellblau, Hellgrau, Gelb, Schwarz, Rot, Gr\u00fcn) erh\u00e4ltlich und machen Ihren Koffer so leicht erkennbar und lassen ihn mit Ihrem Corporate Design \u00fcbereinstimmen.<\/p>\n<p>Gaggione bietet Ihnen an, das \u00c4u\u00dfere dieser Koffer per <strong>Digital- oder Siebdruck individuell zu gestalten<\/strong>, wodurch Sie <strong>Ihr Logo, einen Text, ein Bild oder eine Grafik<\/strong> auf einer der beiden Seiten anbringen k\u00f6nnen. Das <strong>Innere<\/strong> dieser durchsichtigen Kunststoffkoffer kann ebenfalls individuell gestaltet werden. Falls Sie dies w\u00fcnschen, bieten wir Ihnen die M\u00f6glichkeit, <strong>Ihre Koffer mit Auskleidungen aus Schaumstoff oder in Thermoformung auszustatten<\/strong> (die gew\u00e4hlte Dichte sorgt daf\u00fcr, Ihre Produkte, Bauteile und\/oder Werkzeuge perfekt zu halten und zu sch\u00fctzen). Wir bieten Ihnen ferner eine Trennwand aus durchsichtigem Polypropylen an, um Artikel im Deckel abzusondern und zu halten.<\/p>\n<p><strong>Dieses Modell ist auch in einer lichtundurchl\u00e4ssigen Version erh\u00e4ltlich, in 6 Farbt\u00f6nen<\/strong> (Wei\u00df, Blau, Marineblau, Grau, Schwarz, Rot) sowie in verschiedenen Formaten (T2T und T6T).<\/p>\n<p><strong>Anwendungsbeispiele des Modells T4T:<\/strong> durchsichtiger Kunststoffkoffer f\u00fcr den Transport von Kontroll- und Diagnosesets, Pr\u00e4sentations- und Vorf\u00fchrkoffer, Pr\u00e4sentationskoffer f\u00fcr Produktproben, Schulungskoffer\u00a0\u2026<\/p>\n<p><strong>Das Unternehmen E-plasticase unter der Lupe:<\/strong> Gaggione, ein Unternehmen aus dem franz\u00f6sischen Departement Ain, bietet Ihnen eine breite Auswahl an Koffern, Handkoffern, K\u00e4sten und Kisten, die den Bed\u00fcrfnissen und W\u00fcnschen der Vertreter aller Branchen und T\u00e4tigkeitsbereiche entsprechen. Die Experten des Teams von E-plasticase bieten Ihnen eine individuelle Betreuung, um gemeinsam Ihren Bedarf zu ermitteln und Ihnen das geeignetste Produkt zu liefern.<\/p>\n<p><strong>Senden Sie uns noch heute Ihre Anfrage f\u00fcr einen Kostenvoranschlag zu, damit sich unsere Experten mit Ihnen in Verbindung setzen k\u00f6nnen. <\/strong><\/p>\n","protected":false},"excerpt":{"rendered":"<ul>\n<li>Format A4 durchsichtiger Koffer<\/li>\n<li>Neues Design<\/li>\n<li>Verschiedene Verschl\u00fcssefarbe<\/li>\n<li>Anwendungen: alle<\/li>\n<\/ul>\n","protected":false},"featured_media":9569,"template":"","meta":[],"product_cat":[105],"product_tag":[],"class_list":{"0":"post-6066","1":"product","2":"type-product","3":"status-publish","4":"has-post-thumbnail","6":"product_cat-minimalist-de","7":"pa_couleur-transparent-pp-de","8":"pa_couleur-des-fermoirs-gelb","9":"pa_couleur-des-fermoirs-grun","10":"pa_couleur-des-fermoirs-pastellblau","11":"pa_couleur-des-fermoirs-rot","12":"pa_couleur-des-fermoirs-schwarz","13":"pa_couleur-des-fermoirs-t_grau_closing","14":"pa_couleur-des-fermoirs-weiss_fer","15":"pa_hauteur-968","16":"pa_hauteur-exterieur-1053","17":"pa_largeur-1648","18":"pa_largeur-exterieur-315-de","19":"pa_longueur-1110","20":"pa_longueur-exterieur-1054","21":"pa_matiere-durchsichtiges-polypropylen","22":"pa_poids_unitaire-0-822-kg-de","23":"pa_poids-dun-carton-9-20-kg-de","24":"pa_taill-standard-a4","25":"pa_transparence-ja","26":"pa_unite-de-conditionnement-10-de","27":"pa_volume-dun-carton-0-127-m3-de","29":"first","30":"instock","31":"shipping-taxable","32":"product-type-variable","33":"product-type-zakeke","34":"product-type-external"},"df_price":"","df_sale_price":"","df_regular_price":"","df_image_link":"https:\/\/www.e-plasticase.com\/wp-content\/uploads\/2018\/03\/ZT401408-2-300x200.jpg","_links":{"self":[{"href":"https:\/\/www.e-plasticase.com\/de\/wp-json\/wp\/v2\/product\/6066","targetHints":{"allow":["GET"]}}],"collection":[{"href":"https:\/\/www.e-plasticase.com\/de\/wp-json\/wp\/v2\/product"}],"about":[{"href":"https:\/\/www.e-plasticase.com\/de\/wp-json\/wp\/v2\/types\/product"}],"wp:featuredmedia":[{"embeddable":true,"href":"https:\/\/www.e-plasticase.com\/de\/wp-json\/wp\/v2\/media\/9569"}],"wp:attachment":[{"href":"https:\/\/www.e-plasticase.com\/de\/wp-json\/wp\/v2\/media?parent=6066"}],"wp:term":[{"taxonomy":"product_cat","embeddable":true,"href":"https:\/\/www.e-plasticase.com\/de\/wp-json\/wp\/v2\/product_cat?post=6066"},{"taxonomy":"product_tag","embeddable":true,"href":"https:\/\/www.e-plasticase.com\/de\/wp-json\/wp\/v2\/product_tag?post=6066"}],"curies":[{"name":"wp","href":"https:\/\/api.w.org\/{rel}","templated":true}]}}