{"id":6031,"date":"2018-03-13T17:08:25","date_gmt":"2018-03-13T16:08:25","guid":{"rendered":"https:\/\/www.e-plasticase.com\/produit\/b1\/"},"modified":"2025-10-15T17:01:57","modified_gmt":"2025-10-15T15:01:57","slug":"b1","status":"publish","type":"product","link":"https:\/\/www.e-plasticase.com\/de\/produkt\/retro-de\/b1\/","title":{"rendered":"B1"},"content":{"rendered":"<p>Der <strong>B1 ist ein kompakter Koffer aus Hartplastik<\/strong>, der ab einer Bestellmenge von 100 St\u00fcck in 4<strong>\u00a0Farbt\u00f6nen<\/strong> (Blau, Grau Anthrazit, Schwarz, Rot) erh\u00e4ltlich ist. Dieses Modell verf\u00fcgt \u00fcber einen gro\u00dfen, <strong>robusten und ergonomischen Griff, durch den es sich problemlos transportieren l\u00e4sst. Dieser integrierte Griff macht es geeignet f\u00fcr den h\u00e4ufigen Gebrauch.<\/strong><\/p>\n<p>Dieser aus <strong>Polypropylen<\/strong> (auch PP genannt) gegossene Koffer widersteht allen St\u00f6\u00dfen, denen er bei seinem Transport, seiner Nutzung oder Lagerung ausgesetzt sein k\u00f6nnte, <strong>und sch\u00fctzt so seinen Inhalt \u00e4u\u00dferst effizient<\/strong>.<\/p>\n<p>Seine <strong>robuste Gestalt und seine einfache Handhabung<\/strong> machen ihn zum idealen Koffer f\u00fcr Techniker, Klempner, Elektriker und andere Handwerker, die Material transportieren m\u00fcssen.<\/p>\n<p>Damit sie Ihren Bed\u00fcrfnissen und W\u00fcnschen bestm\u00f6glich entsprechen, haben Sie die M\u00f6glichkeit, die Koffer aus Hartplastik B1 individuell zu gestalten. <strong>Die Beschriftung au\u00dfen macht Ihren Koffer<\/strong> leicht erkennbar und unterscheidbar und erm\u00f6glicht es Ihnen, Ihre Botschaft mitzuteilen. Sie haben die Wahl zwischen zwei Beschriftungstechniken: Siebdruck oder Digitaldruck, je nach Ihrem Bedarf. Ebenso wie das \u00c4u\u00dfere kann auch das <strong>Innere durch Auskleidung, mit Schaumstoff oder per Thermoformung, individuell gestaltet werden, um Ihre Produkte,<\/strong> <strong>Werkzeuge oder Produktproben zu halten, zu sch\u00fctzen und zu pr\u00e4sentieren.<\/strong> Ein Experte unseres Vertriebsteams begleitet Sie bei der Konzeption dieses individuell gestalteten Koffers, beantwortet Ihre Fragen und ber\u00e4t Sie bei der individuellen Gestaltung.<\/p>\n<p><strong>Anwendungsbeispiel des Modells B1<\/strong>: Koffer f\u00fcr die Erst- und Pannenhilfe, Koffer f\u00fcr mittelgro\u00dfe Werkzeuge, Schutzkoffer f\u00fcr Werkzeug und berufliche Ausr\u00fcstungen, Transportkoffer f\u00fcr Materialien, Transportkoffer f\u00fcr die Wartung von Ger\u00e4ten\u00a0\u2026<\/p>\n<p><a href=\"https:\/\/www.gaggione.com\/en\/technical-cases-eplasticase\/\"><strong>Die Marke E-plasticase unter der Lupe:<\/strong><\/a> Seit mehr als 55 Jahren liefert Gaggione E-plasticase seinen Kunden aus den unterschiedlichsten Branchen individuell gestaltete und an ihren Bedarf angepasste K\u00e4sten, Koffer, Etuis und K\u00e4sten. Die f\u00fcr ihre Erfahrung, ihr Know-how und ihre Werte bekannte Marke setzt alles daran, Ihnen nachhaltige und hochwertige Produkte liefern zu k\u00f6nnen.<\/p>\n<p><a href=\"https:\/\/www.e-plasticase.com\/de\/kontakt\/\"><strong>Kontaktieren Sie am besten gleich unser Vertriebsteam, um mehr \u00fcber den Katalog von GAGGIONE E-plasticase zu erfahren.<\/strong><\/a><\/p>\n","protected":false},"excerpt":{"rendered":"<ul>\n<li>Sehr best\u00e4ndige Koffer aus Kunststoff<\/li>\n<li>Integrierte Griffe<\/li>\n<li>Anwendungen: Geb\u00e4ude, Werkzeuge, Shuttle Koffer, Sicherheitswesen, ADR Koffer, pers\u00f6nlische Schutzausr\u00fcstung, Anordnung, Freizeit, Medizintechnik, Batterie..<\/li>\n<\/ul>\n","protected":false},"featured_media":7572,"template":"","meta":[],"product_cat":[103],"product_tag":[],"class_list":{"0":"post-6031","1":"product","2":"type-product","3":"status-publish","4":"has-post-thumbnail","6":"product_cat-retro-de","7":"pa_couleur-anthrazitgrau","8":"pa_couleur-blau","9":"pa_couleur-rot","10":"pa_couleur-schwarz","11":"pa_hauteur-1094","12":"pa_hauteur-exterieur-1091","13":"pa_largeur-1666","14":"pa_largeur-exterieur-374-de","15":"pa_longueur-1092","16":"pa_longueur-exterieur-1095","17":"pa_matiere-polypropylen","18":"pa_poids_unitaire-1-464-kg-de","19":"pa_poids-dun-carton-7-60-kg-de","20":"pa_transparence-nein","21":"pa_unite-de-conditionnement-4-de","22":"pa_volume-dun-carton-0-114-m3-de","24":"first","25":"instock","26":"shipping-taxable","27":"product-type-variable","28":"product-type-zakeke","29":"product-type-external"},"df_price":"","df_sale_price":"","df_regular_price":"","df_image_link":"https:\/\/www.e-plasticase.com\/wp-content\/uploads\/2018\/03\/ZB1009-300x200.jpg","_links":{"self":[{"href":"https:\/\/www.e-plasticase.com\/de\/wp-json\/wp\/v2\/product\/6031","targetHints":{"allow":["GET"]}}],"collection":[{"href":"https:\/\/www.e-plasticase.com\/de\/wp-json\/wp\/v2\/product"}],"about":[{"href":"https:\/\/www.e-plasticase.com\/de\/wp-json\/wp\/v2\/types\/product"}],"wp:featuredmedia":[{"embeddable":true,"href":"https:\/\/www.e-plasticase.com\/de\/wp-json\/wp\/v2\/media\/7572"}],"wp:attachment":[{"href":"https:\/\/www.e-plasticase.com\/de\/wp-json\/wp\/v2\/media?parent=6031"}],"wp:term":[{"taxonomy":"product_cat","embeddable":true,"href":"https:\/\/www.e-plasticase.com\/de\/wp-json\/wp\/v2\/product_cat?post=6031"},{"taxonomy":"product_tag","embeddable":true,"href":"https:\/\/www.e-plasticase.com\/de\/wp-json\/wp\/v2\/product_tag?post=6031"}],"curies":[{"name":"wp","href":"https:\/\/api.w.org\/{rel}","templated":true}]}}