{"id":5969,"date":"2018-03-13T16:55:35","date_gmt":"2018-03-14T15:45:02","guid":{"rendered":"https:\/\/www.e-plasticase.com\/?post_type=product&#038;p=5969"},"modified":"2025-10-15T16:54:35","modified_gmt":"2025-10-15T14:54:35","slug":"d2","status":"publish","type":"product","link":"https:\/\/www.e-plasticase.com\/de\/produkt\/classic-de\/d2\/","title":{"rendered":"D2"},"content":{"rendered":"<p>Das Modell D2 ist ein <strong>individuell gestaltbarer Koffer<\/strong> mit <strong>halb integriertem Griff und feiner K\u00f6rnung<\/strong>. Er ist aus <strong>Polypropylen<\/strong> (oder PP) <strong>gefertigt und abwaschbar, sto\u00dffest, best\u00e4ndig gegen\u00fcber Chemikalien<\/strong> und <strong>recycelbar<\/strong>. Dieser sehr ger\u00e4umige Koffer im Format A4 (Innenma\u00dfe 435 mm x 308 mm x 88 mm) entspricht dem Bedarf von Vertretern zahlreicher Branchen.<\/p>\n<p><strong>Dieses Modell ist ab einer Bestellmenge von 100 St\u00fcck in 4 Farbt\u00f6nen<\/strong> (Beige, Blau, Schwarz, Rot) erh\u00e4ltlich und kann vollkommen <strong>individuell gestaltet<\/strong> werden. Auf der Au\u00dfenseite k\u00f6nnen Sie per <strong>Digital- oder Siebdruck<\/strong> ein <strong>Logo<\/strong>, ein <strong>Bild<\/strong> oder einen <strong>Text<\/strong> anbringen, wodurch sie den Koffer an Ihr Firmen. oder Produktimage anpassen k\u00f6nnen. Ferner haben Sie \u2013 exklusiv bei dem Modell D2 \u2013 die M\u00f6glichkeit, auf beiden Seiten des <strong>Griffs am Deckel eine Beschriftung in Reliefgravur anzubringen<\/strong>. Die ma\u00dfgefertigten Innenauskleidungen, aus <strong>Schaumstoff oder per Thermoformung<\/strong>, erlauben es, den Inhalt Ihres Koffers D2 zu halten, zu sch\u00fctzen, zu pr\u00e4sentieren und aufzuwerten. Um Ihre Dokumente oder Produkte separat aufzubewahren, k\u00f6nnen wir in den Deckel des Koffers eine Tasche aus PP einf\u00fcgen.<\/p>\n<p><a href=\"https:\/\/www.e-plasticase.com\/de\/kontakt\/\"><strong>Kontaktieren Sie am besten gleich unser Vertriebsteam, um diejenigen L\u00f6sungen kennenzulernen, die Ihren Bed\u00fcrfnissen, Anforderungen und Zielen am besten entsprechen.<\/strong><\/a><\/p>\n<p><strong>Verwendungsbeispiel des Modells D2:<\/strong> individuell gestaltbarer Koffer zur Pr\u00e4sentation neuer Produkte, Koffer f\u00fcr Messinstrumente &amp; -ger\u00e4te, Dokumentenkoffer f\u00fcr Ihre Messen, Kongresse, Meetings, Seminare und Vortr\u00e4ge, Automobil-Zubeh\u00f6rsets\u00a0\u2026<\/p>\n<p><strong>Die Marke E-PLASTICASE unter der Lupe<\/strong>: Gaggione E-plasticase ist ein im franz\u00f6sischen Departement Ain beheimatetes Unternehmen, das seit mehr als 55\u00a0Jahren auf die Konzeption, die Entwicklung und die Herstellung von individuell gestaltbaren K\u00e4sten und Koffern aus Kunststoff spezialisiert ist. Da die Zufriedenheit unserer Kunden f\u00fcr unser Unternehmen oberste Priorit\u00e4t genie\u00dft, erneuern wir seit mehreren Jahren unsere Zertifizierung nach ISO 9001 und arbeiten permanent an der Verbesserung unseres Services. Die Experten von E-plasticase bieten Ihnen eine individuelle Betreuung an, damit wir Ihnen den Koffer liefern k\u00f6nnen, der Ihnen dauerhaften Erfolg garantiert.<\/p>\n","protected":false},"excerpt":{"rendered":"<ul>\n<li>Herausstehende halbintegrierte Griffe, feingek\u00f6rnt<\/li>\n<li>Reliefpr\u00e4gung auf jede Seite vom Griff von vorn<\/li>\n<li>Anwendungen: Medizintechnik, K\u00fcchenarbeitsger\u00e4te, Geb\u00e4ude, Autoindustrie, Instrumente, Informatik&#8230;<\/li>\n<\/ul>\n","protected":false},"featured_media":7768,"template":"","meta":[],"product_cat":[108],"product_tag":[],"class_list":{"0":"post-5969","1":"product","2":"type-product","3":"status-publish","4":"has-post-thumbnail","6":"product_cat-classic-de","7":"pa_couleur-beige-de-2","8":"pa_couleur-blau","9":"pa_couleur-rot","10":"pa_couleur-schwarz","11":"pa_hauteur-1070","12":"pa_hauteur-exterieur-1067","13":"pa_largeur-1659","14":"pa_largeur-exterieur-345-de","15":"pa_longueur-1068","16":"pa_longueur-exterieur-1071","17":"pa_matiere-polypropylen","18":"pa_poids_unitaire-0-976-kg-de","19":"pa_poids-dun-carton-6-30-kg-de","20":"pa_taill-standard-a4","21":"pa_transparence-nein","22":"pa_unite-de-conditionnement-5-de","23":"pa_volume-dun-carton-0-086-m3-de","25":"first","26":"instock","27":"shipping-taxable","28":"product-type-variable","29":"product-type-zakeke","30":"product-type-external"},"df_price":"","df_sale_price":"","df_regular_price":"","df_image_link":"https:\/\/www.e-plasticase.com\/wp-content\/uploads\/2018\/03\/ZD2009-300x200.jpg","_links":{"self":[{"href":"https:\/\/www.e-plasticase.com\/de\/wp-json\/wp\/v2\/product\/5969","targetHints":{"allow":["GET"]}}],"collection":[{"href":"https:\/\/www.e-plasticase.com\/de\/wp-json\/wp\/v2\/product"}],"about":[{"href":"https:\/\/www.e-plasticase.com\/de\/wp-json\/wp\/v2\/types\/product"}],"wp:featuredmedia":[{"embeddable":true,"href":"https:\/\/www.e-plasticase.com\/de\/wp-json\/wp\/v2\/media\/7768"}],"wp:attachment":[{"href":"https:\/\/www.e-plasticase.com\/de\/wp-json\/wp\/v2\/media?parent=5969"}],"wp:term":[{"taxonomy":"product_cat","embeddable":true,"href":"https:\/\/www.e-plasticase.com\/de\/wp-json\/wp\/v2\/product_cat?post=5969"},{"taxonomy":"product_tag","embeddable":true,"href":"https:\/\/www.e-plasticase.com\/de\/wp-json\/wp\/v2\/product_tag?post=5969"}],"curies":[{"name":"wp","href":"https:\/\/api.w.org\/{rel}","templated":true}]}}