{"id":5710,"date":"2018-03-13T15:40:49","date_gmt":"2018-03-13T14:45:30","guid":{"rendered":"https:\/\/www.e-plasticase.com\/?post_type=product&#038;p=5710"},"modified":"2025-08-01T09:47:04","modified_gmt":"2025-08-01T07:47:04","slug":"t4","status":"publish","type":"product","link":"https:\/\/www.e-plasticase.com\/de\/produkt\/casual-de\/t4\/","title":{"rendered":"T4"},"content":{"rendered":"<p>Das <strong>Koffermodell aus Hartplastik<\/strong> T4 mit <strong>innovativem Design<\/strong> wurde mit einem Verschlusssystem per integriertem Griff konzipiert, was es <strong>ebenso geschmeidig wie ergonomisch<\/strong> macht. Ab einer Bestellmenge von 100 St\u00fcck ist dieses Modell in <strong>6 Farbt\u00f6nen<\/strong> f\u00fcr <strong>die H\u00fclle<\/strong> (Wei\u00df, Blau, Marineblau, Grau, Schwarz, Rot) und in <strong>7 Farben<\/strong> f\u00fcr die Verschl\u00fcsse (Wei\u00df, Pastellblau, Hellgrau, Gelb, Schwarz, Rot, Gr\u00fcn) erh\u00e4ltlich, was insgesamt <strong>42\u00a0Farbkombinationen erlaubt.<\/strong><\/p>\n<p>Als mittleres Modell der Kategorie <strong>CASUAL ist der leichte und einfach zu verwendende Koffer T4 ist die ideale L\u00f6sung f\u00fcr eine t\u00e4gliche und wiederholte Nutzung.<\/strong><\/p>\n<p>Mit ihren Innenma\u00dfen von <strong>341 mm x 252 mm x 100 mm<\/strong> ist diese Gr\u00f6\u00dfe <strong>perfekt f\u00fcr Werkzeug, Produktproben, Baumaterialien, Reinigungsmittel, medizinische<\/strong> Produkte\u00a0&#8230; geeignet Auch andere Koffergr\u00f6\u00dfen dieses Designs sind erh\u00e4ltlich (siehe T2, T6 und T7), ebenso wie eine durchsichtige Version (siehe T4T).<\/p>\n<p>Er kann vollst\u00e4ndig individuell gestaltet werden und Sie haben die M\u00f6glichkeit, au\u00dfen auf der H\u00fclle ein Logo, ein Bild oder auch einen Text anzubringen, und zwar mithilfe von zwei Verfahren: per Sieb- oder Digitaldruck. Die Innenauskleidungen, aus Schaumstoff oder per Thermoformung, werden von unserem Team f\u00fcr Ihre Produkte und\/oder Ihr Werkzeug ma\u00dfgefertigt, um sie bestm\u00f6glich sch\u00fctzen und pr\u00e4sentieren zu k\u00f6nnen. Wir bieten Ihnen ferner eine Trennwand aus Polypropylen oder Klettverschl\u00fcsse an, um Artikel im Deckel abzusondern und zu halten.<\/p>\n<p><strong>Anwendungsbeispiele des Modells T4:<\/strong> Erste-Hilfe-Koffer, Werkzeugkoffer, Pr\u00e4sentationskoffer, Koffer f\u00fcr Messinstrumente &amp; -ger\u00e4te, Transportkoffer f\u00fcr Ersatzteilsets, Koffer aus Hartplastik f\u00fcr den Transport von Pflege-, Reparatur und Reinigungsmitteln \u2026<\/p>\n<p><strong>Die Marke E-plasticase unter der Lupe:<\/strong> Gaggione E-plasticase, ein bedeutender Akteur des Plastics Valley, ist ein Experte f\u00fcr die Konzeption und Herstellung von K\u00e4sten, Koffern und Etuis aller Art. Das im Jahr 1948 gegr\u00fcndete Unternehmen versorgt Vertreter aller Branchen mit hochwertigen Produkten Made in France.<\/p>\n<p><strong>Sehen Sie sich unseren kompletten Katalog an.<\/strong><\/p>\n","protected":false},"excerpt":{"rendered":"<ul>\n<li>Format A4 Koffer 100mm dick<\/li>\n<li>Gro\u00dfes Innenvolumen<\/li>\n<li>Verf\u00fcgbar in durchsichtig, siehe T4T<\/li>\n<li>Farbe des Koffers und den Verschl\u00fcssen frei kombinierbar<\/li>\n<li>Anwendungen:\u00a0Presentationskoffer und Schutzgeh\u00e4use f\u00fcr alle Produkte und Bereiche: Industrie, Medical, Erste Hilfe, usw&#8230;<\/li>\n<\/ul>\n","protected":false},"featured_media":9185,"template":"","meta":[],"product_cat":[107],"product_tag":[],"class_list":{"0":"post-5710","1":"product","2":"type-product","3":"status-publish","4":"has-post-thumbnail","6":"product_cat-casual-de","7":"pa_couleur-blau","8":"pa_couleur-grau","9":"pa_couleur-marineblau","10":"pa_couleur-rot","11":"pa_couleur-schwarz","12":"pa_couleur-weis","13":"pa_couleur-des-fermoirs-gelb","14":"pa_couleur-des-fermoirs-grun","15":"pa_couleur-des-fermoirs-pastellblau","16":"pa_couleur-des-fermoirs-rot","17":"pa_couleur-des-fermoirs-schwarz","18":"pa_couleur-des-fermoirs-t_grau_closing","19":"pa_couleur-des-fermoirs-weiss_fer","20":"pa_hauteur-968","21":"pa_hauteur-exterieur-1053","22":"pa_largeur-1648","23":"pa_largeur-exterieur-315-de","24":"pa_longueur-1110","25":"pa_longueur-exterieur-1054","26":"pa_matiere-copolymer_polypropylen","27":"pa_poids_unitaire-0-823-kg-de","28":"pa_poids-dun-carton-9-20-kg-de","29":"pa_taill-standard-a4","30":"pa_transparence-nein","31":"pa_unite-de-conditionnement-10-de","32":"pa_volume-dun-carton-0-127-m3-de","34":"first","35":"instock","36":"shipping-taxable","37":"product-type-variable","38":"product-type-zakeke","39":"product-type-external"},"df_price":"","df_sale_price":"","df_regular_price":"","df_image_link":"https:\/\/www.e-plasticase.com\/wp-content\/uploads\/2018\/03\/ZT400909-300x200.jpg","_links":{"self":[{"href":"https:\/\/www.e-plasticase.com\/de\/wp-json\/wp\/v2\/product\/5710","targetHints":{"allow":["GET"]}}],"collection":[{"href":"https:\/\/www.e-plasticase.com\/de\/wp-json\/wp\/v2\/product"}],"about":[{"href":"https:\/\/www.e-plasticase.com\/de\/wp-json\/wp\/v2\/types\/product"}],"wp:featuredmedia":[{"embeddable":true,"href":"https:\/\/www.e-plasticase.com\/de\/wp-json\/wp\/v2\/media\/9185"}],"wp:attachment":[{"href":"https:\/\/www.e-plasticase.com\/de\/wp-json\/wp\/v2\/media?parent=5710"}],"wp:term":[{"taxonomy":"product_cat","embeddable":true,"href":"https:\/\/www.e-plasticase.com\/de\/wp-json\/wp\/v2\/product_cat?post=5710"},{"taxonomy":"product_tag","embeddable":true,"href":"https:\/\/www.e-plasticase.com\/de\/wp-json\/wp\/v2\/product_tag?post=5710"}],"curies":[{"name":"wp","href":"https:\/\/api.w.org\/{rel}","templated":true}]}}