{"id":55323,"date":"2026-03-17T14:16:10","date_gmt":"2026-03-17T13:16:10","guid":{"rendered":"https:\/\/www.e-plasticase.com\/?post_type=product&#038;p=55323"},"modified":"2026-03-30T11:20:52","modified_gmt":"2026-03-30T09:20:52","slug":"max-485h201","status":"publish","type":"product","link":"https:\/\/www.e-plasticase.com\/de\/produkt\/ultra\/max-485h201\/","title":{"rendered":"MAX 485H201"},"content":{"rendered":"<h2><strong>Ultra-Serie \u2013 MAX 485H201<\/strong><\/h2>\n<p data-start=\"650\" data-end=\"1008\"><span class=\"BZ_Pyq_fadeIn\">Der <\/span><span class=\"BZ_Pyq_fadeIn\">MAX <\/span><span class=\"BZ_Pyq_fadeIn\">485H201 <\/span><span class=\"BZ_Pyq_fadeIn\">ist <\/span><span class=\"BZ_Pyq_fadeIn\">ein <\/span><span class=\"BZ_Pyq_fadeIn\">Hartschalenrucksack, <\/span><span class=\"BZ_Pyq_fadeIn\">der <\/span><span class=\"BZ_Pyq_fadeIn\">entwickelt <\/span><span class=\"BZ_Pyq_fadeIn\">wurde, <\/span><span class=\"BZ_Pyq_fadeIn\">um <\/span><span class=\"BZ_Pyq_fadeIn\">maximale <\/span><span class=\"BZ_Pyq_fadeIn\">Sicherheit <\/span><span class=\"BZ_Pyq_fadeIn\">f\u00fcr <\/span><span class=\"BZ_Pyq_fadeIn\">Ihre <\/span><span class=\"BZ_Pyq_fadeIn\">Ausr\u00fcstung <\/span><span class=\"BZ_Pyq_fadeIn\">zu <\/span><span class=\"BZ_Pyq_fadeIn\">gew\u00e4hrleisten \u2013 <\/span><span class=\"BZ_Pyq_fadeIn\">selbst <\/span><span class=\"BZ_Pyq_fadeIn\">in <\/span><span class=\"BZ_Pyq_fadeIn\">den <\/span><span class=\"BZ_Pyq_fadeIn\">anspruchsvollsten <\/span><span class=\"BZ_Pyq_fadeIn\">Umgebungen. <\/span><span class=\"BZ_Pyq_fadeIn\">Dank <\/span><span class=\"BZ_Pyq_fadeIn\">seiner <\/span><span class=\"BZ_Pyq_fadeIn\">verst\u00e4rkten <\/span><span class=\"BZ_Pyq_fadeIn\">Konstruktion <\/span><span class=\"BZ_Pyq_fadeIn\">und <\/span><span class=\"BZ_Pyq_fadeIn\">der <\/span><span class=\"BZ_Pyq_fadeIn\">zertifizierten <\/span><span class=\"BZ_Pyq_fadeIn\">Wasserdichtigkeit <\/span><span class=\"BZ_Pyq_fadeIn\">bietet <\/span><span class=\"BZ_Pyq_fadeIn\">er <\/span><span class=\"BZ_Pyq_fadeIn\">eine <\/span><span class=\"BZ_Pyq_fadeIn\">zuverl\u00e4ssige <\/span><span class=\"BZ_Pyq_fadeIn\">L\u00f6sung <\/span><span class=\"BZ_Pyq_fadeIn\">f\u00fcr <\/span><span class=\"BZ_Pyq_fadeIn\">den <\/span><span class=\"BZ_Pyq_fadeIn\">Transport, <\/span><span class=\"BZ_Pyq_fadeIn\">die <\/span><span class=\"BZ_Pyq_fadeIn\">Lagerung <\/span><span class=\"BZ_Pyq_fadeIn\">und <\/span><span class=\"BZ_Pyq_fadeIn\">den <\/span><span class=\"BZ_Pyq_fadeIn\">Schutz <\/span><span class=\"BZ_Pyq_fadeIn\">empfindlicher <\/span><span class=\"BZ_Pyq_fadeIn\">Ger\u00e4te.<\/span><\/p>\n<p data-start=\"1010\" data-end=\"1201\"><span class=\"BZ_Pyq_fadeIn\">Hergestellt <\/span><span class=\"BZ_Pyq_fadeIn\">aus <\/span><span class=\"BZ_Pyq_fadeIn\">Hochleistungsmaterialien <\/span><span class=\"BZ_Pyq_fadeIn\">vereint <\/span><span class=\"BZ_Pyq_fadeIn\">er <\/span><span class=\"BZ_Pyq_fadeIn\">Sto\u00dffestigkeit, <\/span><span class=\"BZ_Pyq_fadeIn\">Schutz <\/span><span class=\"BZ_Pyq_fadeIn\">vor <\/span><span class=\"BZ_Pyq_fadeIn\">Wasser <\/span><span class=\"BZ_Pyq_fadeIn\">und <\/span><span class=\"BZ_Pyq_fadeIn\">Staub <\/span><span class=\"BZ_Pyq_fadeIn\">sowie <\/span><span class=\"BZ_Pyq_fadeIn\">eine <\/span><span class=\"BZ_Pyq_fadeIn\">durchdachte <\/span><span class=\"BZ_Pyq_fadeIn\">Ergonomie <\/span><span class=\"BZ_Pyq_fadeIn\">und <\/span><span class=\"BZ_Pyq_fadeIn\">ist <\/span><span class=\"BZ_Pyq_fadeIn\">damit <\/span><span class=\"BZ_Pyq_fadeIn\">die <\/span><span class=\"BZ_Pyq_fadeIn\">ideale <\/span><span class=\"BZ_Pyq_fadeIn\">Wahl <\/span><span class=\"BZ_Pyq_fadeIn\">f\u00fcr <\/span><span class=\"BZ_Pyq_fadeIn\">professionelle <\/span><span class=\"BZ_Pyq_fadeIn\">Anwender.<\/span><\/p>\n<p>&nbsp;<\/p>\n<p><strong><u>Innenma\u00dfe:<\/u><\/strong> 485 x 357 x 201 mm<\/p>\n<p><strong><u>Verf\u00fcgbare Farbe:<\/u><\/strong> Schwarz<\/p>\n<p><strong><u>Zertifizierungen<\/u><\/strong><\/p>\n<ul>\n<li>IP67-Wasserdichtigkeit: Staubschutz + vor\u00fcbergehende Eintauchung<\/li>\n<li>Milit\u00e4rische Normen: DEF STAN 81-41, STANAG 4280, MIL-STD-810H<\/li>\n<li>Erh\u00f6hte Widerstandsf\u00e4higkeit gegen Aufprall, Zerquetschen und extreme Bedingungen<\/li>\n<\/ul>\n<p><strong><u>Merkmale<\/u><\/strong><\/p>\n<ul>\n<li>Wasserfeste Dichtung im Kofferdeckel<\/li>\n<li>Automatisches Druckausgleichsventil<\/li>\n<li>Einfach zu \u00f6ffnende zweistufige Schnappverschl\u00fcsse<\/li>\n<li>Zwei Lochungen f\u00fcr Vorh\u00e4ngeschl\u00f6sser<\/li>\n<li>Belastbarer weicher Haltegriff f\u00fcr hohen Tragekomfort<\/li>\n<li>Sto\u03b2festigkeit durch extra starke Wandung<\/li>\n<li>Stabiles Scharnier \u00fcber die komplette L\u00e4nge<\/li>\n<li>Stifte aus Nylon garantieren Korrosionsschutz<\/li>\n<li data-section-id=\"105wds9\" data-start=\"231\" data-end=\"279\"><em data-start=\"233\" data-end=\"277\">Atmungsaktive und gepolsterte R\u00fcckenst\u00fctze<\/em><\/li>\n<li data-section-id=\"gbca0n\" data-start=\"280\" data-end=\"355\" data-is-last-node=\"\"><em data-start=\"282\" data-end=\"355\" data-is-last-node=\"\">Verstellbare Schultergurte und H\u00fcftgurt f\u00fcr optimale Gewichtsverteilung<\/em><\/li>\n<\/ul>\n<p><strong><u>Anpassung<\/u><\/strong><\/p>\n<ul>\n<li>Innenraumanpassung: individuelle Schaumstoffpolsterung<\/li>\n<\/ul>\n<p>Unser Team begleitet Sie in jeder Phase Ihres Projekts, um eine L\u00f6sung zu schaffen, die perfekt zu Ihren Produkten passt.<\/p>\n<p>&nbsp;<\/p>\n<p data-start=\"142\" data-end=\"255\"><em><span class=\"BZ_Pyq_fadeIn\">Die <\/span><span class=\"BZ_Pyq_fadeIn\">Produkte <\/span><span class=\"BZ_Pyq_fadeIn\">der <\/span><span class=\"BZ_Pyq_fadeIn\">Ultra-<\/span><span class=\"BZ_Pyq_fadeIn\">Reihe <\/span><span class=\"BZ_Pyq_fadeIn\">stammen <\/span><span class=\"BZ_Pyq_fadeIn\">aus <\/span><span class=\"BZ_Pyq_fadeIn\">der <\/span><span class=\"BZ_Pyq_fadeIn\">Expertenauswahl <\/span><span class=\"BZ_Pyq_fadeIn\">von <\/span><span class=\"BZ_Pyq_fadeIn\">Gaggione <\/span><span class=\"BZ_Pyq_fadeIn\">E-<\/span><span class=\"BZ_Pyq_fadeIn\">Plasticase.<\/span><\/em><\/p>\n<p><a href=\"https:\/\/www.e-plasticase.com\/de\/produkt\/\"><strong>&#x1f9f0; Entdecken Sie all unsere Verpackungsl\u00f6sungen.<\/strong><\/a><\/p>\n","protected":false},"excerpt":{"rendered":"<ul>\n<li><span class=\"BZ_Pyq_fadeIn\">Wasserdichter <\/span><span class=\"BZ_Pyq_fadeIn\">Rucksack <\/span><span class=\"BZ_Pyq_fadeIn\">MAX <\/span><span class=\"BZ_Pyq_fadeIn\">485H201<\/span><\/li>\n<li><span class=\"BZ_Pyq_fadeIn\">Robuster <\/span><span class=\"BZ_Pyq_fadeIn\">Schutzrucksack, <\/span><span class=\"BZ_Pyq_fadeIn\">wasserdicht <\/span><span class=\"BZ_Pyq_fadeIn\">und <\/span><span class=\"BZ_Pyq_fadeIn\">sto\u00dffest<\/span><\/li>\n<li>IP67 wasserdicht: sch\u00fctzt gegen Wasser und Staub<\/li>\n<li>Automatisches Druckausgleichsventil<\/li>\n<li>Anpassbarer Innenraum mit individueller Schaumstoffd\u00e4mpfung<\/li>\n<\/ul>\n","protected":false},"featured_media":55344,"template":"","meta":[],"product_cat":[2201],"product_tag":[],"class_list":{"0":"post-55323","1":"product","2":"type-product","3":"status-publish","4":"has-post-thumbnail","6":"product_cat-ultra","7":"pa_couleur-petites-quantites-schwarz","8":"pa_hauteur-2408","9":"pa_hauteur-exterieur-2409","10":"pa_largeur-2410","11":"pa_largeur-exterieur-2411","12":"pa_longueur-2412","13":"pa_longueur-exterieur-2413","14":"pa_matiere-kunststoff","15":"pa_matiere-nylon","16":"pa_matiere-polyestergewebe","17":"pa_matiere-polypropylen","18":"pa_poids_unitaire-3-44","19":"pa_unite-de-conditionnement-2274","21":"first","22":"instock","23":"shipping-taxable","24":"purchasable","25":"product-type-variable"},"df_price":"","df_sale_price":"","df_regular_price":"","df_image_link":"https:\/\/www.e-plasticase.com\/wp-content\/uploads\/2026\/03\/MAX485-Trois-quart-300x300.png","_links":{"self":[{"href":"https:\/\/www.e-plasticase.com\/de\/wp-json\/wp\/v2\/product\/55323","targetHints":{"allow":["GET"]}}],"collection":[{"href":"https:\/\/www.e-plasticase.com\/de\/wp-json\/wp\/v2\/product"}],"about":[{"href":"https:\/\/www.e-plasticase.com\/de\/wp-json\/wp\/v2\/types\/product"}],"wp:featuredmedia":[{"embeddable":true,"href":"https:\/\/www.e-plasticase.com\/de\/wp-json\/wp\/v2\/media\/55344"}],"wp:attachment":[{"href":"https:\/\/www.e-plasticase.com\/de\/wp-json\/wp\/v2\/media?parent=55323"}],"wp:term":[{"taxonomy":"product_cat","embeddable":true,"href":"https:\/\/www.e-plasticase.com\/de\/wp-json\/wp\/v2\/product_cat?post=55323"},{"taxonomy":"product_tag","embeddable":true,"href":"https:\/\/www.e-plasticase.com\/de\/wp-json\/wp\/v2\/product_tag?post=55323"}],"curies":[{"name":"wp","href":"https:\/\/api.w.org\/{rel}","templated":true}]}}