{"id":55250,"date":"2026-02-24T09:19:09","date_gmt":"2026-02-24T08:19:09","guid":{"rendered":"https:\/\/www.e-plasticase.com\/?post_type=product&#038;p=55250"},"modified":"2026-03-30T11:21:30","modified_gmt":"2026-03-30T09:21:30","slug":"max-620h340","status":"publish","type":"product","link":"https:\/\/www.e-plasticase.com\/de\/produkt\/ultra\/max-620h340\/","title":{"rendered":"MAX 620H340"},"content":{"rendered":"<h2><strong>Ultra-Serie \u2013 MAX 620H340<\/strong><\/h2>\n<p>Der MAX 620H340 ist ein robustes Schutzgeh\u00e4use, das maximale Sicherheit f\u00fcr Ihre Ausr\u00fcstung gew\u00e4hrleistet, selbst in den anspruchsvollsten Umgebungen. Dank seiner verst\u00e4rkten Konstruktion und zertifizierten Abdichtung bietet es eine zuverl\u00e4ssige L\u00f6sung f\u00fcr den Transport, die Lagerung und den Schutz sensibler Ger\u00e4te.<\/p>\n<p>Gefertigt aus leistungsstarken Materialien, kombiniert dieses Geh\u00e4use Sto\u00dffestigkeit, Wasser- und Staubschutz sowie Ergonomie und ist damit eine ideale Wahl f\u00fcr Profis.<\/p>\n<p>&nbsp;<\/p>\n<p><strong><u>Innenma\u00dfe:<\/u><\/strong> 620 x 460 x 340 mm<\/p>\n<p><strong><u>Verf\u00fcgbare Farbe:<\/u><\/strong> Schwarz<\/p>\n<p><strong><u>Zertifizierungen<\/u><\/strong><\/p>\n<ul>\n<li>IP67-Wasserdichtigkeit: Staubschutz + vor\u00fcbergehende Eintauchung<\/li>\n<li>Milit\u00e4rische Normen: DEF STAN 81-41, STANAG 4280, MIL-STD-810H<\/li>\n<li>Erh\u00f6hte Widerstandsf\u00e4higkeit gegen Aufprall, Zerquetschen und extreme Bedingungen<\/li>\n<\/ul>\n<p><strong><u>Merkmale<\/u><\/strong><\/p>\n<ul>\n<li>Wasserfeste Dichtung im Kofferdeckel<\/li>\n<li>Automatisches Druckausgleichsventil<\/li>\n<li>Einfach zu \u00f6ffnende zweistufige Schnappverschl\u00fcsse<\/li>\n<li>Zwei Lochungen f\u00fcr Vorh\u00e4ngeschl\u00f6sser<\/li>\n<li>Belastbarer weicher Haltegriff f\u00fcr hohen Tragekomfort<\/li>\n<li>Stapelbar<\/li>\n<li>Sto\u03b2festigkeit durch extra starke Wandung<\/li>\n<li>Stabiles Scharnier \u00fcber die komplette L\u00e4nge<\/li>\n<li>Stifte aus Nylon garantieren Korrosionsschutz<\/li>\n<li>R\u00e4der aus Edelstahl<\/li>\n<\/ul>\n<p><strong><u>Anpassung<\/u><\/strong><\/p>\n<ul>\n<li>Innenraumanpassung: individuelle Schaumstoffpolsterung<\/li>\n<\/ul>\n<p>Unser Team begleitet Sie in jeder Phase Ihres Projekts, um eine L\u00f6sung zu schaffen, die perfekt zu Ihren Produkten passt.<\/p>\n<p>&nbsp;<\/p>\n<p data-start=\"142\" data-end=\"255\"><em><span class=\"BZ_Pyq_fadeIn\">Die <\/span><span class=\"BZ_Pyq_fadeIn\">Produkte <\/span><span class=\"BZ_Pyq_fadeIn\">der <\/span><span class=\"BZ_Pyq_fadeIn\">Ultra-<\/span><span class=\"BZ_Pyq_fadeIn\">Reihe <\/span><span class=\"BZ_Pyq_fadeIn\">stammen <\/span><span class=\"BZ_Pyq_fadeIn\">aus <\/span><span class=\"BZ_Pyq_fadeIn\">der <\/span><span class=\"BZ_Pyq_fadeIn\">Expertenauswahl <\/span><span class=\"BZ_Pyq_fadeIn\">von <\/span><span class=\"BZ_Pyq_fadeIn\">Gaggione <\/span><span class=\"BZ_Pyq_fadeIn\">E-<\/span><span class=\"BZ_Pyq_fadeIn\">Plasticase.<\/span><\/em><\/p>\n<p><a href=\"https:\/\/www.e-plasticase.com\/de\/produkt\/\"><strong>&#x1f9f0; Entdecken Sie all unsere Verpackungsl\u00f6sungen.<\/strong><\/a><\/p>\n","protected":false},"excerpt":{"rendered":"<ul>\n<li>MAX 620H340 Wasserdichtes Geh\u00e4use<\/li>\n<li>Steifes, wasserdichtes und schlagfestes Schutzgeh\u00e4use<\/li>\n<li>IP67 wasserdicht: sch\u00fctzt gegen Wasser und Staub<\/li>\n<li>Automatisches Druckausgleichsventil<\/li>\n<li>Anpassbarer Innenraum mit individueller Schaumstoffd\u00e4mpfung<\/li>\n<\/ul>\n","protected":false},"featured_media":55231,"template":"","meta":[],"product_cat":[2201],"product_tag":[],"class_list":{"0":"post-55250","1":"product","2":"type-product","3":"status-publish","4":"has-post-thumbnail","6":"product_cat-ultra","7":"pa_couleur-petites-quantites-schwarz","8":"pa_hauteur-2266","9":"pa_hauteur-exterieur-366-3","10":"pa_largeur-2268","11":"pa_largeur-exterieur-528-3","12":"pa_longueur-2270","13":"pa_longueur-exterieur-2271","14":"pa_matiere-edelstahl","15":"pa_matiere-nylon","16":"pa_matiere-polypropylen","17":"pa_poids_unitaire-7-80","18":"pa_unite-de-conditionnement-2274","20":"first","21":"instock","22":"shipping-taxable","23":"purchasable","24":"product-type-variable"},"df_price":"","df_sale_price":"","df_regular_price":"","df_image_link":"https:\/\/www.e-plasticase.com\/wp-content\/uploads\/2026\/02\/MAX620H340-Trois-quart-300x300.jpg","_links":{"self":[{"href":"https:\/\/www.e-plasticase.com\/de\/wp-json\/wp\/v2\/product\/55250","targetHints":{"allow":["GET"]}}],"collection":[{"href":"https:\/\/www.e-plasticase.com\/de\/wp-json\/wp\/v2\/product"}],"about":[{"href":"https:\/\/www.e-plasticase.com\/de\/wp-json\/wp\/v2\/types\/product"}],"wp:featuredmedia":[{"embeddable":true,"href":"https:\/\/www.e-plasticase.com\/de\/wp-json\/wp\/v2\/media\/55231"}],"wp:attachment":[{"href":"https:\/\/www.e-plasticase.com\/de\/wp-json\/wp\/v2\/media?parent=55250"}],"wp:term":[{"taxonomy":"product_cat","embeddable":true,"href":"https:\/\/www.e-plasticase.com\/de\/wp-json\/wp\/v2\/product_cat?post=55250"},{"taxonomy":"product_tag","embeddable":true,"href":"https:\/\/www.e-plasticase.com\/de\/wp-json\/wp\/v2\/product_tag?post=55250"}],"curies":[{"name":"wp","href":"https:\/\/api.w.org\/{rel}","templated":true}]}}