{"id":55161,"date":"2026-02-23T14:13:05","date_gmt":"2026-02-23T13:13:05","guid":{"rendered":"https:\/\/www.e-plasticase.com\/?post_type=product&#038;p=55161"},"modified":"2026-03-30T11:13:49","modified_gmt":"2026-03-30T09:13:49","slug":"max-505h194","status":"publish","type":"product","link":"https:\/\/www.e-plasticase.com\/de\/produkt\/ultra\/max-505h194\/","title":{"rendered":"MAX 505H194"},"content":{"rendered":"<h2><strong>Ultra-Serie \u2013 MAX 505H194<\/strong><\/h2>\n<p>Der MAX 505H194 ist ein robustes Schutzgeh\u00e4use, das maximale Sicherheit f\u00fcr Ihre Ausr\u00fcstung gew\u00e4hrleistet, selbst in den anspruchsvollsten Umgebungen. Dank seiner verst\u00e4rkten Konstruktion und zertifizierten Abdichtung bietet es eine zuverl\u00e4ssige L\u00f6sung f\u00fcr den Transport, die Lagerung und den Schutz sensibler Ger\u00e4te.<\/p>\n<p>Gefertigt aus leistungsstarken Materialien, kombiniert dieses Geh\u00e4use Sto\u00dffestigkeit, Wasser- und Staubschutz sowie Ergonomie und ist damit eine ideale Wahl f\u00fcr Profis.<\/p>\n<p>&nbsp;<\/p>\n<p><strong><u>Innenma\u00dfe:<\/u><\/strong> 500 x 350 x 194 mm<\/p>\n<p><strong><u>Verf\u00fcgbare Farbe:<\/u><\/strong> Schwarz<\/p>\n<p><strong><u>Zertifizierungen<\/u><\/strong><\/p>\n<ul>\n<li>IP67-Wasserdichtigkeit: Staubschutz + vor\u00fcbergehende Eintauchung<\/li>\n<li>Milit\u00e4rische Normen: DEF STAN 81-41, STANAG 4280, MIL-STD-810H<\/li>\n<li>ATA 300: angepasst an die Anforderungen des intensiven Transports, insbesondere des Lufttransports,<\/li>\n<li>Erh\u00f6hte Widerstandsf\u00e4higkeit gegen Aufprall, Zerquetschen und extreme Bedingungen<\/li>\n<\/ul>\n<p><strong><u>Merkmale<\/u><\/strong><\/p>\n<ul>\n<li>Wasserfeste Dichtung im Kofferdeckel<\/li>\n<li>Automatisches Druckausgleichsventil<\/li>\n<li>Einfach zu \u00f6ffnende zweistufige Schnappverschl\u00fcsse<\/li>\n<li>Zwei Lochungen f\u00fcr Vorh\u00e4ngeschl\u00f6sser<\/li>\n<li>Belastbarer weicher Haltegriff f\u00fcr hohen Tragekomfort<\/li>\n<li>Stapelbar<\/li>\n<li>Sto\u03b2festigkeit durch extra starke Wandung<\/li>\n<li>Stabiles Scharnier \u00fcber die komplette L\u00e4nge<\/li>\n<li>Stifte aus Nylon garantieren Korrosionsschutz<\/li>\n<\/ul>\n<p><strong><u>Anpassung<\/u><\/strong><\/p>\n<ul>\n<li>Innenraumanpassung: individuelle Schaumstoffpolsterung<\/li>\n<\/ul>\n<p>Unser Team begleitet Sie in jeder Phase Ihres Projekts, um eine L\u00f6sung zu schaffen, die perfekt zu Ihren Produkten passt.<\/p>\n<p>&nbsp;<\/p>\n<p><em>Die Produkte der Ultra-Reihe stammen aus der Expertenauswahl von Gaggione E-Plasticase.<\/em><\/p>\n<p><a href=\"https:\/\/www.e-plasticase.com\/de\/produkt\/\"><strong>&#x1f9f0; Entdecken Sie all unsere Verpackungsl\u00f6sungen.<\/strong><\/a><\/p>\n","protected":false},"excerpt":{"rendered":"<ul>\n<li>MAX 505H194 Wasserdichtes Geh\u00e4use<\/li>\n<li>Steifes, wasserdichtes und schlagfestes Schutzgeh\u00e4use<\/li>\n<li>IP67 wasserdicht: sch\u00fctzt gegen Wasser und Staub<\/li>\n<li>Automatisches Druckausgleichsventil<\/li>\n<li>Anpassbarer Innenraum mit individueller Schaumstoffd\u00e4mpfung<\/li>\n<\/ul>\n","protected":false},"featured_media":55165,"template":"","meta":[],"product_cat":[2201],"product_tag":[],"class_list":{"0":"post-55161","1":"product","2":"type-product","3":"status-publish","4":"has-post-thumbnail","6":"product_cat-ultra","7":"pa_couleur-petites-quantites-schwarz","8":"pa_hauteur-2303","9":"pa_hauteur-exterieur-2304","10":"pa_largeur-2305","11":"pa_largeur-exterieur-2306","12":"pa_longueur-2307","13":"pa_longueur-exterieur-2308","14":"pa_matiere-nylon","15":"pa_matiere-polypropylen","16":"pa_poids_unitaire-3-90","17":"pa_unite-de-conditionnement-2274","19":"first","20":"instock","21":"shipping-taxable","22":"purchasable","23":"product-type-variable"},"df_price":"","df_sale_price":"","df_regular_price":"","df_image_link":"https:\/\/www.e-plasticase.com\/wp-content\/uploads\/2026\/02\/MAX505-Trois-quart-300x300.jpg","_links":{"self":[{"href":"https:\/\/www.e-plasticase.com\/de\/wp-json\/wp\/v2\/product\/55161","targetHints":{"allow":["GET"]}}],"collection":[{"href":"https:\/\/www.e-plasticase.com\/de\/wp-json\/wp\/v2\/product"}],"about":[{"href":"https:\/\/www.e-plasticase.com\/de\/wp-json\/wp\/v2\/types\/product"}],"wp:featuredmedia":[{"embeddable":true,"href":"https:\/\/www.e-plasticase.com\/de\/wp-json\/wp\/v2\/media\/55165"}],"wp:attachment":[{"href":"https:\/\/www.e-plasticase.com\/de\/wp-json\/wp\/v2\/media?parent=55161"}],"wp:term":[{"taxonomy":"product_cat","embeddable":true,"href":"https:\/\/www.e-plasticase.com\/de\/wp-json\/wp\/v2\/product_cat?post=55161"},{"taxonomy":"product_tag","embeddable":true,"href":"https:\/\/www.e-plasticase.com\/de\/wp-json\/wp\/v2\/product_tag?post=55161"}],"curies":[{"name":"wp","href":"https:\/\/api.w.org\/{rel}","templated":true}]}}