{"id":5004,"date":"2018-03-13T11:24:26","date_gmt":"2018-03-13T10:24:26","guid":{"rendered":"https:\/\/www.e-plasticase.com\/produit\/d1t\/"},"modified":"2025-08-01T09:46:48","modified_gmt":"2025-08-01T07:46:48","slug":"d1t","status":"publish","type":"product","link":"https:\/\/www.e-plasticase.com\/de\/produkt\/minimalist-de\/d1t\/","title":{"rendered":"D1T"},"content":{"rendered":"<p>Das Modell D1T ist ein <strong>durchsichtiges Koffermodell mit halb integriertem Griff<\/strong>. Dieses Modell f\u00fcr die verschiedensten Anwendungen ist aus <strong>Polypropylen<\/strong> (oder PP) gefertigt, weshalb es <strong>pflegeleicht, solide und sto\u00dffest ist<\/strong>. Seine <strong>Durchsichtigkeit<\/strong> sorgt nicht nur f\u00fcr ein hochwertiges Aussehen, sondern macht auch seinen Inhalt sicht- und leicht erkennbar. Das Designs des Koffers mit den <strong>abgerundeten Ecken<\/strong> macht ihn nicht nur <strong>praktisch<\/strong>, <strong>sondern<\/strong> auch <strong>n\u00fctzlich<\/strong> <strong>und elegant.<\/strong><\/p>\n<p>Das Modell mit den Innenma\u00dfen 376 mm x 269 mm x 73 mm (Format A4) kann vollst\u00e4ndig individuell gestaltet werden. Die Au\u00dfenh\u00fclle kann per Digital- oder Siebdruck individuell gestaltet werden, etwa mit einem <strong>Logo<\/strong>, einem <strong>Bild<\/strong> oder einem <strong>Text<\/strong>. Die <strong>Innenauskleidungen<\/strong> werden je nach dem Inhalt, den Sie <strong>transportieren<\/strong> m\u00f6chten, aus Schaumstoff oder per Thermoformung ma\u00dfgefertigt, sind durchsichtig oder nicht und erm\u00f6glichen Ihnen so einen hervorragenden Halt und eine problemlose Pr\u00e4sentation Ihrer Artikel. <strong>Ein Experte unseres Teams steht Ihnen zur Verf\u00fcgung, um Sie bei der Wahl und der individuellen Gestaltung dieses durchsichtigen Koffers zu begleiten und zu beraten.<\/strong><\/p>\n<p>Dieses durchsichtige Koffermodell kann <strong>individuell gestaltet werden und ist auch in undurchsichtiger Version in 5\u00a0Farbt\u00f6nen<\/strong> (Modell D1 in Blau, Gelb, Rot, Beige und Schwarz) sowie in weiteren Formaten (D2 und D4) erh\u00e4ltlich. Die Modelle des Sortiments \u201edurchsichtige Koffer\u201c haben ein ganz \u00e4hnliches Design.<\/p>\n<p><strong>Anwendungsbeispiele des Modells D1T:<\/strong> Individuell gestaltbarer, durchsichtiger Koffer f\u00fcr die Produktwerbung, Erste-Hilfe-Koffer, PPMS-Koffer, medizinische Analyse- und Diagnosesets, durchsichtiger Arztkoffer, Werbung f\u00fcr industrielle Massenprodukte, Dokumentenkoffer f\u00fcr Ihre Messen, Kongresse, Meetings, Seminare und Vortr\u00e4ge\u00a0\u2026<\/p>\n<p><a href=\"https:\/\/www.e-plasticase.com\/wp-content\/uploads\/2022\/11\/WEB-Catalogue-2022-Gaggione-light-wordpress.pdf\"><strong>Lernen Sie am besten noch heute das vollst\u00e4ndige Sortiment und unseren gesamten Katalog kennen.<\/strong><\/a><\/p>\n<p><strong>Die Marke E-plasticase unter der Lupe:<\/strong> Gaggione E-plasticase ist ein in Montr\u00e9al-la-Cluse beheimatetes und auf die Konzeption und die Herstellung von Koffern, K\u00e4sten und Kisten spezialisiertes Unternehmen, die an den Bedarf von Vertretern zahlreicher Branchen angepasst sind. Das Unternehmen garantiert eine nach ISO 9001 zertifizierte Best\u00e4ndigkeit und Qualit\u00e4t sowie eine regionale Produktion.<\/p>\n","protected":false},"excerpt":{"rendered":"<ul>\n<li>Transparent Koffer aus Kunststoff A4 Format<\/li>\n<li>Herausstehende halbintegrierte Griffe, ganz transparent<\/li>\n<li>Format A4, undurchsichtich verf\u00fcgbar : sehen D1<\/li>\n<\/ul>\n","protected":false},"featured_media":8935,"template":"","meta":[],"product_cat":[105],"product_tag":[],"class_list":{"0":"post-5004","1":"product","2":"type-product","3":"status-publish","4":"has-post-thumbnail","6":"product_cat-minimalist-de","7":"pa_couleur-transparent-pp-de","8":"pa_hauteur-999","9":"pa_hauteur-exterieur-995","10":"pa_largeur-1651","11":"pa_largeur-exterieur-303-de","12":"pa_longueur-996","13":"pa_longueur-exterieur-998","14":"pa_matiere-durchsichtiges-polypropylen","15":"pa_poids_unitaire-0-718-kg-de","16":"pa_poids-dun-carton-8-75-kg-de","17":"pa_taill-standard-a4","18":"pa_transparence-ja","19":"pa_unite-de-conditionnement-10-de","20":"pa_volume-dun-carton-0-108-m3-de","22":"first","23":"instock","24":"shipping-taxable","25":"product-type-variable","26":"product-type-zakeke","27":"product-type-external"},"df_price":"","df_sale_price":"","df_regular_price":"","df_image_link":"https:\/\/www.e-plasticase.com\/wp-content\/uploads\/2018\/03\/ZD1013-1-300x200.jpg","_links":{"self":[{"href":"https:\/\/www.e-plasticase.com\/de\/wp-json\/wp\/v2\/product\/5004","targetHints":{"allow":["GET"]}}],"collection":[{"href":"https:\/\/www.e-plasticase.com\/de\/wp-json\/wp\/v2\/product"}],"about":[{"href":"https:\/\/www.e-plasticase.com\/de\/wp-json\/wp\/v2\/types\/product"}],"wp:featuredmedia":[{"embeddable":true,"href":"https:\/\/www.e-plasticase.com\/de\/wp-json\/wp\/v2\/media\/8935"}],"wp:attachment":[{"href":"https:\/\/www.e-plasticase.com\/de\/wp-json\/wp\/v2\/media?parent=5004"}],"wp:term":[{"taxonomy":"product_cat","embeddable":true,"href":"https:\/\/www.e-plasticase.com\/de\/wp-json\/wp\/v2\/product_cat?post=5004"},{"taxonomy":"product_tag","embeddable":true,"href":"https:\/\/www.e-plasticase.com\/de\/wp-json\/wp\/v2\/product_tag?post=5004"}],"curies":[{"name":"wp","href":"https:\/\/api.w.org\/{rel}","templated":true}]}}