{"id":49580,"date":"2024-03-18T10:31:11","date_gmt":"2024-03-18T09:31:19","guid":{"rendered":"https:\/\/www.e-plasticase.com\/?post_type=product&#038;p=49580"},"modified":"2025-08-01T09:36:08","modified_gmt":"2025-08-01T07:36:08","slug":"k5-de","status":"publish","type":"product","link":"https:\/\/www.e-plasticase.com\/de\/produkt\/new-wave-de\/k5-de\/","title":{"rendered":"K5"},"content":{"rendered":"<h2>Personalisierbares Etui<\/h2>\n<p>Dieses personalisierbare Etui mit seinem <strong>schlichten, klaren Design<\/strong> ist ideal f\u00fcr <strong>Berufst\u00e4tige aller Branchen.<\/strong> Es wurde mit Clipverschl\u00fcssen der neuen Generation gestaltet. Die rechteckige Form und die flache Oberfl\u00e4che erm\u00f6glichen eine optimale Raumausnutzung und eine einfache Aufbewahrung. Diese Etuis sind in 6 <strong>Farben<\/strong> (Wei\u00df, Blau, Grau, Schwarz, Rot und Transparent &#8211; K5T) und<strong> 7 Verschlussfarben<\/strong> (Blau, Orange, Wei\u00df, Hellgrau, Schwarz, Rot, Gr\u00fcn) erh\u00e4ltlich, so dass<strong> 42 Farbkombinationen m\u00f6glich sind<\/strong>.<\/p>\n<p>Das Innere der K5-Modelle kann, wie alle Modelle des E-plasticase-Katalogs, <strong>individuell gestaltet werden, durch Schaumstoffeinlagen, Tiefzieheinlagen, Taschen oder anderes&#8230;<\/strong> Das rechteckige Format der Schachtel bietet ein interessantes Volumen, und mit Hilfe unseres Expertenteams profitieren Sie von einer ma\u00dfgeschneiderten L\u00f6sung f\u00fcr die Inneneinlagen, die auf den Inhalt Ihres Koffers abgestimmt ist. Ihre Produkte werden auf diese Weise hervorgehoben, gehalten und gesch\u00fctzt. Ihre Werbung wird auf die effektivste Weise gew\u00e4hrleistet.<\/p>\n<p>Dank der gro\u00dfen, flachen Au\u00dfenfl\u00e4che k\u00f6nnen Sie Ihr Etui mit einem <strong>Logo, einem Originalbild und\/oder einer Botschaft versehen<\/strong>. Dadurch wird es identifizierbar, einzigartig und passt zu Ihrer aktuellen Kommunikation. Diese Personalisierungen werden mit Siebdruck oder Tintenstrahldruck durchgef\u00fchrt, um ein qualitativ hochwertiges Ergebnis zu erzielen. Ihre Marke wird f\u00fcr lange Zeit in den K\u00f6pfen der Endverbraucher verankert bleiben.<\/p>\n<p><strong>Aus Polypropylen<\/strong>, auch PP genannt, sind diese personalisierbaren Etuis pflegeleicht, abwaschbar, desinfizierbar und langlebig f\u00fcr wiederholten Gebrauch.<\/p>\n<p>Unser mehrsprachiges und vielseitiges Expertenteam begleitet Sie durch den gesamten Prozess von der Auswahl des Modells, der individuellen Gestaltung bis hin zur Lieferung Ihrer Aktenkoffer.<\/p>\n<p><strong>Anwendungsbereiche:<\/strong> Industrie, Medizin, Unterhaltung, Automobilindustrie, Aufbewahrung und Klassifizierung, Schule, Freizeit, Hightech&#8230;<\/p>\n<p>Diese neue Produktreihe wird wie alle anderen Produkte von E-PLASTICASE in <strong>Frankreich hergestellt<\/strong>. Erh\u00e4ltlich ab 100 St\u00fcck direkt und bei unseren H\u00e4ndlern f\u00fcr kleinere Mengen.<\/p>\n","protected":false},"excerpt":{"rendered":"<ul>\n<li>Griffloses Etui mit innovativem und zeitgem\u00e4\u00dfem Design.<\/li>\n<li>Leichtes \u00d6ffnen durch Verschl\u00fcsse der neuen Generation.<\/li>\n<li>Anwendungen: Schule, Medizin, Zahnmedizin, Kleinwerkzeug, Freizeit, Kosmetik, Kommunikation, Instrumente &#8230;<\/li>\n<li>Erh\u00e4ltlich in 3 St\u00e4rken<\/li>\n<\/ul>\n","protected":false},"featured_media":50295,"template":"","meta":[],"product_cat":[1921],"product_tag":[],"class_list":{"0":"post-49580","1":"product","2":"type-product","3":"status-publish","4":"has-post-thumbnail","6":"product_cat-new-wave-de","7":"pa_couleur-ultramarinblau","8":"pa_couleur-hellgrau","9":"pa_couleur-rot","10":"pa_couleur-schwarz","11":"pa_couleur-weis","12":"pa_couleur-des-fermoirs-grau-aluminium","13":"pa_couleur-des-fermoirs-orange-de","14":"pa_couleur-des-fermoirs-blau","15":"pa_couleur-des-fermoirs-grun","16":"pa_couleur-des-fermoirs-rot","17":"pa_couleur-des-fermoirs-schwarz","18":"pa_couleur-des-fermoirs-weiss_fer","19":"pa_epaisseur-k-small-de","20":"pa_epaisseur-k-medium-de","21":"pa_epaisseur-k-large-de","22":"pa_hauteur-105-mm-de-2","23":"pa_hauteur-140-mm-de-2","24":"pa_hauteur-1135","25":"pa_hauteur-exterieur-111-mm-de-2","26":"pa_hauteur-exterieur-146-mm-de-2","27":"pa_hauteur-exterieur-1182","28":"pa_largeur-280-mm-de-2","29":"pa_largeur-exterieur-341-mm-de-2","30":"pa_longueur-390-mm-de","31":"pa_longueur-exterieur-400-mm-de","32":"pa_matiere-polypropylen","33":"pa_poids_unitaire-0980kg-small-de","34":"pa_poids_unitaire-1160kg-medium-de","35":"pa_poids_unitaire-1320kg-large-de","36":"pa_poids-dun-carton-580kg-medium-de","37":"pa_poids-dun-carton-660-kg-large-de","38":"pa_poids-dun-carton-980kg-small-de","39":"pa_taill-standard-a4","40":"pa_transparence-nein","41":"pa_unite-de-conditionnement-medium-large-5-de","42":"pa_unite-de-conditionnement-small-10-de","44":"first","45":"instock","46":"shipping-taxable","47":"purchasable","48":"product-type-variable"},"df_price":"","df_sale_price":"","df_regular_price":"","df_image_link":"https:\/\/www.e-plasticase.com\/wp-content\/uploads\/2024\/03\/AU5A6944-300x200.png","_links":{"self":[{"href":"https:\/\/www.e-plasticase.com\/de\/wp-json\/wp\/v2\/product\/49580","targetHints":{"allow":["GET"]}}],"collection":[{"href":"https:\/\/www.e-plasticase.com\/de\/wp-json\/wp\/v2\/product"}],"about":[{"href":"https:\/\/www.e-plasticase.com\/de\/wp-json\/wp\/v2\/types\/product"}],"wp:featuredmedia":[{"embeddable":true,"href":"https:\/\/www.e-plasticase.com\/de\/wp-json\/wp\/v2\/media\/50295"}],"wp:attachment":[{"href":"https:\/\/www.e-plasticase.com\/de\/wp-json\/wp\/v2\/media?parent=49580"}],"wp:term":[{"taxonomy":"product_cat","embeddable":true,"href":"https:\/\/www.e-plasticase.com\/de\/wp-json\/wp\/v2\/product_cat?post=49580"},{"taxonomy":"product_tag","embeddable":true,"href":"https:\/\/www.e-plasticase.com\/de\/wp-json\/wp\/v2\/product_tag?post=49580"}],"curies":[{"name":"wp","href":"https:\/\/api.w.org\/{rel}","templated":true}]}}