{"id":4930,"date":"2018-03-13T10:41:46","date_gmt":"2018-03-13T09:41:46","guid":{"rendered":"https:\/\/www.e-plasticase.com\/produit\/a2-2\/"},"modified":"2025-10-15T17:08:21","modified_gmt":"2025-10-15T15:08:21","slug":"a2","status":"publish","type":"product","link":"https:\/\/www.e-plasticase.com\/de\/produkt\/minimalist-de\/a2\/","title":{"rendered":"A2"},"content":{"rendered":"<p>Der A2 ist ein <strong>Koffermodell aus zwei Komponenten mit integriertem Griff<\/strong> und einem Deckel von <strong>kristallklarer<\/strong> Durchsichtigkeit und ab einer Bestellmenge von 100 St\u00fcck in 2<strong>\u00a0Farbt\u00f6nen<\/strong> (Schwarz und Rot) erh\u00e4ltlich. <strong>Durch den durchsichtigen<\/strong> Deckel kann der Nutzer auf einen Blick den Inhalt dieses Zweikomponenten-Koffers erkennen.<\/p>\n<p>Die H\u00fclle dieses Modells A2 ist aus <strong>Polypropylen<\/strong> (oder PP) gefertigt, einem ebenso best\u00e4ndigen wie pflegeleichten Material. Der kristallklar durchsichtige Deckel aus <strong>K-Resin<\/strong> ist sehr sto\u00dffest. Dieses Material bietet zudem weitere Vorteile. Denn durch seine Durchsichtigkeit und Best\u00e4ndigkeit lassen sich sehr hochwertige Koffer mit unvergleichlicher Durchsichtigkeit herstellen. Wenn Sie dies w\u00fcnschen, haben Sie die M\u00f6glichkeit, auf dem Deckel ein <strong>Logo<\/strong>, ein <strong>Bild<\/strong> oder einen <strong>Text<\/strong> anzubringen, um diesen Kasten aus zwei Komponenten nach Ihren Vorstellungen individuell zu gestalten. Das Innere kann ebenso wie das \u00c4u\u00dfere individuell gestaltet werden. Ma\u00dfgefertigte Auskleidungen aus Schaumstoff oder per <strong>Thermoformung k\u00f6nnen im Inneren angebracht werden<\/strong>, um den Inhalt<strong> zu halten, zu sch\u00fctzen und zu pr\u00e4sentieren.<\/strong><\/p>\n<p>Dieses Modell aus zwei Komponenten <strong>existiert auch aus<\/strong> <strong>lichtundurchl\u00e4ssigem PP<\/strong> (siehe Modell A1 in Beige, Blau, Graublau, Schwarz oder Rot).<\/p>\n<p><strong>Anwendungsbeispiele des Modells A2:<\/strong> Wartungskasten aus zwei Komponenten f\u00fcr Autos und Motorr\u00e4der, Koffer f\u00fcr Wartung und Diagnose, Pr\u00e4sentationskoffer, Werkzeugkasten, Koffer zur Aufbewahrung und zum Transport von Zubeh\u00f6r, Koffer zur Aufbewahrung und zum Transport von Sport- und Freizeitzubeh\u00f6r<\/p>\n<p><strong>Die Marke E-plasticase unter der Lupe:<\/strong> Gaggione E-plasticase ist ein auf die Entwicklung, Konzeption, Herstellung und individuelle Gestaltung von Kunststoffkoffern spezialisiertes Unternehmen, die dem Bedarf der unterschiedlichsten Branchen entsprechen. Neben der nach ISO 9001:2015 zertifizierten Produktion garantieren die Teams von E-plasticase eine vollst\u00e4ndig franz\u00f6sische Herstellung und eine Begleitung nach Ma\u00df, von der Konzeption Ihres Packagings bis zur Zustellung Ihrer Bestellung.<\/p>\n<p><a href=\"https:\/\/www.e-plasticase.com\/de\/produkt\/\"><strong>Sehen Sie sich am besten sofort unseren gesamten Katalog an. <\/strong><\/a><\/p>\n","protected":false},"excerpt":{"rendered":"<ul>\n<li>Integrierte Griffe, transparent Deckel<\/li>\n<li>Transparent und stossfest<\/li>\n<li>Undurchsichtig verf\u00fcgbar : siehe A1<\/li>\n<li>Anwendungen: Reinigungsprodukte, Geba\u00fcde, Werkzeuge, Auto-Motorrad&#8230;<\/li>\n<\/ul>\n","protected":false},"featured_media":7507,"template":"","meta":[],"product_cat":[105],"product_tag":[],"class_list":{"0":"post-4930","1":"product","2":"type-product","3":"status-publish","4":"has-post-thumbnail","6":"product_cat-minimalist-de","7":"pa_couleur-rot","8":"pa_couleur-schwarz","9":"pa_hauteur-968","10":"pa_hauteur-exterieur-964","11":"pa_largeur-1655","12":"pa_largeur-exterieur-294-de","13":"pa_longueur-965","14":"pa_longueur-exterieur-967","15":"pa_matiere-k-harzdeckel","16":"pa_matiere-polypropylen","17":"pa_poids_unitaire-0-706-kg-de","18":"pa_poids-dun-carton-8-85-kg-de","19":"pa_taill-standard-a4","20":"pa_transparence-ja","21":"pa_unite-de-conditionnement-10-de","22":"pa_volume-dun-carton-0-121-m3-de","24":"first","25":"instock","26":"shipping-taxable","27":"product-type-variable","28":"product-type-zakeke","29":"product-type-external"},"df_price":"","df_sale_price":"","df_regular_price":"","df_image_link":"https:\/\/www.e-plasticase.com\/wp-content\/uploads\/2018\/03\/ZA2004-300x200.jpg","_links":{"self":[{"href":"https:\/\/www.e-plasticase.com\/de\/wp-json\/wp\/v2\/product\/4930","targetHints":{"allow":["GET"]}}],"collection":[{"href":"https:\/\/www.e-plasticase.com\/de\/wp-json\/wp\/v2\/product"}],"about":[{"href":"https:\/\/www.e-plasticase.com\/de\/wp-json\/wp\/v2\/types\/product"}],"wp:featuredmedia":[{"embeddable":true,"href":"https:\/\/www.e-plasticase.com\/de\/wp-json\/wp\/v2\/media\/7507"}],"wp:attachment":[{"href":"https:\/\/www.e-plasticase.com\/de\/wp-json\/wp\/v2\/media?parent=4930"}],"wp:term":[{"taxonomy":"product_cat","embeddable":true,"href":"https:\/\/www.e-plasticase.com\/de\/wp-json\/wp\/v2\/product_cat?post=4930"},{"taxonomy":"product_tag","embeddable":true,"href":"https:\/\/www.e-plasticase.com\/de\/wp-json\/wp\/v2\/product_tag?post=4930"}],"curies":[{"name":"wp","href":"https:\/\/api.w.org\/{rel}","templated":true}]}}