{"id":4918,"date":"2018-03-13T10:20:28","date_gmt":"2018-03-13T09:20:28","guid":{"rendered":"https:\/\/www.e-plasticase.com\/produit\/a1\/"},"modified":"2025-08-01T09:45:59","modified_gmt":"2025-08-01T07:45:59","slug":"a1","status":"publish","type":"product","link":"https:\/\/www.e-plasticase.com\/de\/produkt\/retro-de\/a1\/","title":{"rendered":"A1"},"content":{"rendered":"<p>Der Koffer A1 ist ein <strong>quadratischer Koffer im Format A4<\/strong>, das eine hervorragende Verteilung seines Gewichts erlaubt. Er ist einfach zu <strong>transportieren<\/strong> und f\u00fcr <strong>zahlreiche Verwendungen geeignet<\/strong>. Dieser Koffer mit <strong>integriertem Griff<\/strong> bietet einen effizienten Schutz gegen \u00e4u\u00dfere Einfl\u00fcsse (St\u00f6\u00dfe, Regen, Sonne, Staub\u00a0&#8230;) Der quadratische Koffer A1 ist vollst\u00e4ndig aus <strong>Polypropylen<\/strong> hergestellt (auch unter seiner Abk\u00fcrzung PP bekannt), das ihn <strong>solide<\/strong>, <strong>best\u00e4ndig<\/strong> und <strong>pflegeleicht macht<\/strong>.<\/p>\n<p>Dieses quadratische Koffermodell mit <strong>robustem Aufbau ist ab einer Bestellmenge von 100 St\u00fcck in 5 Farbt\u00f6nen<\/strong> (Beige, Blau, Graublau, Schwarz, Rot) erh\u00e4ltlich. Sie haben ferner die M\u00f6glichkeit, mit dem Modell A2 eine h\u00f6herwertige, durchsichtige und extrem best\u00e4ndige H\u00fclle zu w\u00e4hlen.<\/p>\n<p><strong>Das Innere und \u00c4u\u00dfere dieser Koffer kann ebenfalls individuell gestaltet werden<\/strong>. Sie k\u00f6nnen per <strong>Digital- oder Siebdruck<\/strong> ein <strong>Bild<\/strong>, ein <strong>Logo<\/strong> oder auch einen <strong>Text<\/strong> anbringen und so Ihren Koffer perfekt an Ihr Firmen- oder Produktimage anpassen. Das <strong>Innere kann mit Auskleidungen<\/strong> aus <strong>Schaumstoff oder per Thermoformung<\/strong> <strong>individuell gestaltet<\/strong> <strong>werden<\/strong>, die es <strong>Ihnen erlauben<\/strong>, den Inhalt dieses Koffers zu halten, zu sch\u00fctzen und zu pr\u00e4sentieren.<\/p>\n<p><strong>Anwendungsbeispiele des Modells A1:<\/strong> quadratischer Koffer f\u00fcr Messinstrumente &amp; -ger\u00e4te, Pflege-, Wartungs- und Diagnosekoffer im Automobilbereich, ADR-Set, Erste-Hilfe-Koffer, PPMS-Koffer, Werkzeugkasten, Transport von Autoteilen\u00a0\u2026<\/p>\n<p><a href=\"https:\/\/www.e-plasticase.com\/de\/produkt\/\"><strong>Lernen Sie sofort alle unsere Produkte und alles Anwendungsm\u00f6glichkeiten f\u00fcr unsere Koffer kennen.<\/strong><\/a><\/p>\n<p><strong>Die Marke E-plasticase unter der Lupe:<\/strong> Alle Koffer, K\u00e4sten, Kisten und Etuis von E-plasticase wurden entwickelt, um den Bed\u00fcrfnissen zahlreicher Branchen und Berufsbereiche zu entsprechen. Zudem k\u00f6nnen sie jederzeit f\u00fcr viele andere Nutzungen verwendet werden als der urspr\u00fcnglich vorgesehenen. Gaggione E-plasticase bietet Ihnen eine individuelle Betreuung und Beratung an, von der Konzeption Ihrer Verpackung bis zur Zustellung Ihrer Bestellung. Die seit mehreren Jahrzehnten im franz\u00f6sischen Departement Ain beheimatete Marke garantiert eine zu 100\u00a0% franz\u00f6sische Herstellung!<\/p>\n","protected":false},"excerpt":{"rendered":"<ul>\n<li>Integrierte Griffe<\/li>\n<li>Verf\u00fcgbar mit durchsichtigem Deckel : siehe A2<\/li>\n<li>Anwendungen: Medizintechnik, Werkzeuge, Auto-Industrie &#8230;<\/li>\n<\/ul>\n","protected":false},"featured_media":7447,"template":"","meta":[],"product_cat":[103],"product_tag":[],"class_list":{"0":"post-4918","1":"product","2":"type-product","3":"status-publish","4":"has-post-thumbnail","6":"product_cat-retro-de","7":"pa_couleur-beige-de-2","8":"pa_couleur-blau","9":"pa_couleur-blaues_grau","10":"pa_couleur-rot","11":"pa_couleur-schwarz","12":"pa_hauteur-968","13":"pa_hauteur-exterieur-964","14":"pa_largeur-1655","15":"pa_largeur-exterieur-294-de","16":"pa_longueur-965","17":"pa_longueur-exterieur-967","18":"pa_matiere-polypropylen","19":"pa_poids_unitaire-0-672-kg-de","20":"pa_poids-dun-carton-8-15-kg-de","21":"pa_taill-standard-a4","22":"pa_transparence-nein","23":"pa_unite-de-conditionnement-10-de","24":"pa_volume-dun-carton-0-121-m3-de","26":"first","27":"instock","28":"shipping-taxable","29":"product-type-variable","30":"product-type-zakeke","31":"product-type-external"},"df_price":"","df_sale_price":"","df_regular_price":"","df_image_link":"https:\/\/www.e-plasticase.com\/wp-content\/uploads\/2018\/03\/ZA1009-300x200.jpg","_links":{"self":[{"href":"https:\/\/www.e-plasticase.com\/de\/wp-json\/wp\/v2\/product\/4918","targetHints":{"allow":["GET"]}}],"collection":[{"href":"https:\/\/www.e-plasticase.com\/de\/wp-json\/wp\/v2\/product"}],"about":[{"href":"https:\/\/www.e-plasticase.com\/de\/wp-json\/wp\/v2\/types\/product"}],"wp:featuredmedia":[{"embeddable":true,"href":"https:\/\/www.e-plasticase.com\/de\/wp-json\/wp\/v2\/media\/7447"}],"wp:attachment":[{"href":"https:\/\/www.e-plasticase.com\/de\/wp-json\/wp\/v2\/media?parent=4918"}],"wp:term":[{"taxonomy":"product_cat","embeddable":true,"href":"https:\/\/www.e-plasticase.com\/de\/wp-json\/wp\/v2\/product_cat?post=4918"},{"taxonomy":"product_tag","embeddable":true,"href":"https:\/\/www.e-plasticase.com\/de\/wp-json\/wp\/v2\/product_tag?post=4918"}],"curies":[{"name":"wp","href":"https:\/\/api.w.org\/{rel}","templated":true}]}}