{"id":4855,"date":"2018-03-13T09:49:16","date_gmt":"2018-03-13T08:49:16","guid":{"rendered":"https:\/\/www.e-plasticase.com\/produit\/c1\/"},"modified":"2025-10-15T16:58:35","modified_gmt":"2025-10-15T14:58:35","slug":"c1","status":"publish","type":"product","link":"https:\/\/www.e-plasticase.com\/de\/produkt\/retro-de\/c1\/","title":{"rendered":"C1"},"content":{"rendered":"<p>Bei diesem Modell ist der <strong>Griff in die H\u00fclle dieses kompakten Koffers integriert<\/strong>, wodurch er einfach zu transportieren und zu handhaben ist.<\/p>\n<p>Dieser Koffer mit integriertem Griff und den Innenma\u00dfen 350 mm L\u00e4nge und 250 mm Breite bei 79 mm H\u00f6he ist die <strong>ideale L\u00f6sung zur Aufbewahrung von Werkzeug, Produktproben, Baumaterialien<\/strong> \u2026 Dieses Modell ist ab einer Bestellmenge von 100\u00a0St\u00fcck in <strong>3 Farbt\u00f6nen<\/strong> (Blau, Graublau, Schwarz) erh\u00e4ltlich sowie in weiteren Farben ab 500 St\u00fcck.<\/p>\n<p>Dieser Koffer mit integriertem Griff aus <strong>Polypropylen<\/strong>, oder PP, ist <strong>pflegeleicht und sto\u00dffest<\/strong>. Die im Labor mit<strong> 100\u00a0000\u00a0Klappbewegungen getesteten Scharniere erm\u00f6glichen Ihnen einen wiederholten und h\u00e4ufigen Gebrauch<\/strong>.<\/p>\n<p>Dieser Koffer kann zudem vollkommen <strong>individuell gestaltet werden<\/strong>. Sie k\u00f6nnen, falls Sie dies w\u00fcnschen, au\u00dfen am Koffer per Digital- oder Siebdruck Ihr Logo, Ihre Signatur, ein Foto oder einen Text anbringen Auch das Innere dieser Koffer kann individuell gestaltet werden: Sie haben die M\u00f6glichkeit, Ihre Koffer mit Auskleidungen aus Schaumstoff oder in Thermoformung auszustatten (die gew\u00e4hlte Dichte sorgt daf\u00fcr, Ihre Produkte, Bauteile und\/oder Werkzeuge perfekt zu halten und zu sch\u00fctzen). <strong>Die Experten von Gaggione E-plasticase begleiten Sie w\u00e4hrend des gesamten Prozesses der Auswahl, individuellen Gestaltung und Zustellung Ihres Koffers und garantieren Ihnen nachhaltige und hochwertige Produkte.<\/strong><\/p>\n<p><strong>Anwendungsbeispiele des Modells C1<\/strong>: Koffer mit integriertem Transportgriff f\u00fcr Ersatzteilsets, Koffer f\u00fcr die Verwahrung und den Transport von Zubeh\u00f6r, Koffer f\u00fcr Pflege-, Reparatur und Reinigungsmittel\u00a0\u2026<\/p>\n<p><strong>Die Marke E-plasticase unter der Lupe:<\/strong> Gaggione E-plasticase ist franz\u00f6sischer Marktf\u00fchrer bei der Konzeption von Koffern, Etuis, K\u00e4sten und Kisten f\u00fcr Vertreter aller Branchen. GAGGIONE bietet Ihnen eine vollst\u00e4ndig franz\u00f6sische Herstellung und Qualit\u00e4t sowie eine Betreuung nach Ma\u00df.<\/p>\n<p><strong>Kontaktieren Sie am besten gleich unser Team, um sich bei der Wahl Ihres Koffers beraten zu lassen. <\/strong><\/p>\n","protected":false},"excerpt":{"rendered":"<ul>\n<li>Integrierte Griffe<\/li>\n<li>Kompakt<\/li>\n<li>Anwendungen: Werkzeuge, Mustersammlung, Geb\u00e4ude&#8230;<\/li>\n<\/ul>\n","protected":false},"featured_media":7664,"template":"","meta":[],"product_cat":[103],"product_tag":[],"class_list":{"0":"post-4855","1":"product","2":"type-product","3":"status-publish","4":"has-post-thumbnail","6":"product_cat-retro-de","7":"pa_couleur-blau","8":"pa_couleur-blaues_grau","9":"pa_couleur-schwarz","10":"pa_hauteur-876","11":"pa_hauteur-exterieur-930","12":"pa_largeur-1641","13":"pa_largeur-exterieur-264-de","14":"pa_longueur-947","15":"pa_longueur-exterieur-949","16":"pa_matiere-polypropylen","17":"pa_poids_unitaire-0-619-kg-de","18":"pa_poids-dun-carton-7-85-kg-de","19":"pa_transparence-nein","20":"pa_unite-de-conditionnement-10-de","21":"pa_volume-dun-carton-0-097-m3-de","23":"first","24":"instock","25":"shipping-taxable","26":"product-type-variable","27":"product-type-zakeke","28":"product-type-external"},"df_price":"","df_sale_price":"","df_regular_price":"","df_image_link":"https:\/\/www.e-plasticase.com\/wp-content\/uploads\/2018\/03\/ZC1009-300x200.jpg","_links":{"self":[{"href":"https:\/\/www.e-plasticase.com\/de\/wp-json\/wp\/v2\/product\/4855","targetHints":{"allow":["GET"]}}],"collection":[{"href":"https:\/\/www.e-plasticase.com\/de\/wp-json\/wp\/v2\/product"}],"about":[{"href":"https:\/\/www.e-plasticase.com\/de\/wp-json\/wp\/v2\/types\/product"}],"wp:featuredmedia":[{"embeddable":true,"href":"https:\/\/www.e-plasticase.com\/de\/wp-json\/wp\/v2\/media\/7664"}],"wp:attachment":[{"href":"https:\/\/www.e-plasticase.com\/de\/wp-json\/wp\/v2\/media?parent=4855"}],"wp:term":[{"taxonomy":"product_cat","embeddable":true,"href":"https:\/\/www.e-plasticase.com\/de\/wp-json\/wp\/v2\/product_cat?post=4855"},{"taxonomy":"product_tag","embeddable":true,"href":"https:\/\/www.e-plasticase.com\/de\/wp-json\/wp\/v2\/product_tag?post=4855"}],"curies":[{"name":"wp","href":"https:\/\/api.w.org\/{rel}","templated":true}]}}