{"id":4584,"date":"2018-03-12T17:43:25","date_gmt":"2018-03-12T16:44:54","guid":{"rendered":"https:\/\/www.e-plasticase.com\/?post_type=product&#038;p=4584"},"modified":"2025-10-15T17:17:27","modified_gmt":"2025-10-15T15:17:27","slug":"s1","status":"publish","type":"product","link":"https:\/\/www.e-plasticase.com\/de\/produkt\/retro-de\/s1\/","title":{"rendered":"S1"},"content":{"rendered":"<p>Dieses Modell eines <strong>kompakten<\/strong> <strong>und schmalen Koffers aus Kunststoff ist dank seines breiten integrierten Griffs perfekt f\u00fcr den Transport geeignet.<\/strong> Dieser kleine Koffer im schlichten und klaren <strong>Design wurde<\/strong> f\u00fcr Vertreter aller Branchen konzipiert und ist aufgrund seines geringen Platzbedarfs ein unverzichtbarer Begleiter.<\/p>\n<p>Ab einer Bestellmenge von 100 St\u00fcck ist das Modell S1 in <strong>4 Farbt\u00f6nen<\/strong> (Beige, Blau, Schwarz, Rot) erh\u00e4ltlich und kann mit <strong>mehreren Optionen individuell gestaltet werden<\/strong>. Eine <strong>\u00e4u\u00dfere Beschriftung<\/strong> per Digital- oder Siebdruck erm\u00f6glicht es Ihnen, ein Element Ihrer Wahl anzubringen, ob Ihr Logo, einen Text, ein Bild, eine Grafik\u00a0\u2026 Sie haben ferner die M\u00f6glichkeit, das <strong>Innere<\/strong> dieses Koffers mithilfe von Auskleidungen individuell zu gestalten. Diese Auskleidungen sind sehr n\u00fctzlich, wenn Sie den Inhalt dieses Modells <strong>sch\u00fctzen, halten oder pr\u00e4sentieren wollen<\/strong>. Sie haben die Wahl zwischen zwei Arten von Auskleidungen: Auskleidungen aus Schaumstoff (dessen Dichte wird je nach Inhalt des Koffers eigens bestimmt) oder per Thermoformung.<\/p>\n<p>Dieser mittelgro\u00dfe Koffer aus Kunststoff ist vollkommen aus <strong>Polypropylen<\/strong> (auch PP genannt) hergestellt, was eine langfristige Nutzung, eine gro\u00dfe Best\u00e4ndigkeit und eine einfache Pflege erm\u00f6glicht.<\/p>\n<p><strong>Anwendungsbeispiele des Modells S1:<\/strong> Werkzeugkoffer, Kunststoffkoffer zur Aufbewahrung, Transportkoffer, Dokumentenkoffer, Pr\u00e4sentationskoffer f\u00fcr Ihre Produkte, Werkzeuge, Instrumente\u00a0\u2026<\/p>\n<p><strong>Sehen Sie sich noch heute Ihren Koffer mithilfe unseres Instruments zur individuellen Gestaltung an (Option 2).<\/strong><\/p>\n<p><strong>Die Marke E-PLASTICASE unter der Lupe:<\/strong> Seit mehr als 55 Jahren beweist Gaggione E-plasticase sein Know-how und seine Erfahrung bei der Konzeption, der Herstellung und der Verarbeitung von Kunststoffteilen. Die Experten von Gaggione E-plasticase achten sehr auf die Bed\u00fcrfnisse und Anforderungen unserer Kunden und der verschiedenen Marktakteure, weshalb sie Ihnen eine pers\u00f6nliche Betreuung bei der Gestaltung Ihres idealen Koffers anbieten.<\/p>\n","protected":false},"excerpt":{"rendered":"<ul>\n<li>Integrierte Griffe, feingek\u00f6rnt<\/li>\n<li>Sonderflach, kompakt<\/li>\n<li>Anwendungen: Instrumente, Werkzeuge, Mustersammlung, Freizeit&#8230;<\/li>\n<\/ul>\n","protected":false},"featured_media":8729,"template":"","meta":[],"product_cat":[103],"product_tag":[],"class_list":{"0":"post-4584","1":"product","2":"type-product","3":"status-publish","4":"has-post-thumbnail","6":"product_cat-retro-de","7":"pa_couleur-beige-de-2","8":"pa_couleur-blau","9":"pa_couleur-rot","10":"pa_couleur-schwarz","11":"pa_hauteur-779","12":"pa_hauteur-exterieur-788","13":"pa_largeur-1632","14":"pa_largeur-exterieur-255-de","15":"pa_longueur-914","16":"pa_longueur-exterieur-916","17":"pa_matiere-polypropylen","18":"pa_poids_unitaire-0-510-kg-de","19":"pa_poids-dun-carton-11-50-kg-de","20":"pa_transparence-nein","21":"pa_unite-de-conditionnement-20-de","22":"pa_volume-dun-carton-0-104-m3-de","24":"first","25":"instock","26":"shipping-taxable","27":"product-type-variable","28":"product-type-zakeke","29":"product-type-external"},"df_price":"","df_sale_price":"","df_regular_price":"","df_image_link":"https:\/\/www.e-plasticase.com\/wp-content\/uploads\/2018\/03\/ZS1009-300x200.jpg","_links":{"self":[{"href":"https:\/\/www.e-plasticase.com\/de\/wp-json\/wp\/v2\/product\/4584","targetHints":{"allow":["GET"]}}],"collection":[{"href":"https:\/\/www.e-plasticase.com\/de\/wp-json\/wp\/v2\/product"}],"about":[{"href":"https:\/\/www.e-plasticase.com\/de\/wp-json\/wp\/v2\/types\/product"}],"wp:featuredmedia":[{"embeddable":true,"href":"https:\/\/www.e-plasticase.com\/de\/wp-json\/wp\/v2\/media\/8729"}],"wp:attachment":[{"href":"https:\/\/www.e-plasticase.com\/de\/wp-json\/wp\/v2\/media?parent=4584"}],"wp:term":[{"taxonomy":"product_cat","embeddable":true,"href":"https:\/\/www.e-plasticase.com\/de\/wp-json\/wp\/v2\/product_cat?post=4584"},{"taxonomy":"product_tag","embeddable":true,"href":"https:\/\/www.e-plasticase.com\/de\/wp-json\/wp\/v2\/product_tag?post=4584"}],"curies":[{"name":"wp","href":"https:\/\/api.w.org\/{rel}","templated":true}]}}