{"id":4495,"date":"2018-03-12T15:36:04","date_gmt":"2018-03-12T14:36:35","guid":{"rendered":"https:\/\/www.e-plasticase.com\/?post_type=product&#038;p=4495"},"modified":"2025-10-15T17:06:38","modified_gmt":"2025-10-15T15:06:38","slug":"m1","status":"publish","type":"product","link":"https:\/\/www.e-plasticase.com\/de\/produkt\/business-de\/m1\/","title":{"rendered":"M1"},"content":{"rendered":"<p>Das Modell M1 ist mit seinem <strong>beweglichen Griff und seiner Oberfl\u00e4che in Lederoptik<\/strong> ein Modell im Stil eines Aktenkoffers und das ideale Geschenk f\u00fcr Ihre besonderen Kunden. Dieses hochwertige Modell ist <strong>in 3 Farbt\u00f6nen<\/strong> (Wei\u00df, Blau und Schwarz) und im Format A4 erh\u00e4ltlich und der unverzichtbare Begleiter f\u00fcr Kongresse, Meetings und Gesch\u00e4ftstreffen. Der <strong>leichte und stabile<\/strong> Koffer macht auch auf Veranstaltungen eine gute Figur, ob bei Messen, Werbe-Events, Schulungen, Firmenjubil\u00e4en\u00a0&#8230;<\/p>\n<p>Mit seinem beweglichen Griff und seiner K\u00f6rnung in \u201eLederoptik\u201c sieht das Modell M1 wie ein Aktenkoffer aus und seine Konzeption aus Kunststoff verleiht ihm zahlreiche Vorteile. Denn Sie k\u00f6nnen sich auf <strong>seine Stabilit\u00e4t, seine Best\u00e4ndigkeit und seine einfache Pflege verlassen<\/strong>. Diese Aktenkoffer aus Polypropylen sind schlicht und elegant zugleich und zudem unglaublich praktisch (best\u00e4ndig, nachhaltig, abwaschbar). Das auch PP genannte <strong>Polypropylen<\/strong> ist ein weit verbreiteter Kunststoff, der vor allem f\u00fcr Lebensmittel-Verpackungen und Autoteile verwendet wird. PP ist sehr gut f\u00fcr den h\u00e4ufigen Gebrauch geeignet. Deshalb w\u00e4hlt man es oft zur Herstellung von Bauteilen mit Kunststoffscharnier, wie diesem hier.<\/p>\n<p><strong>Der Koffer ist perfekt f\u00fcr Firmenkunden geeignet, ab 100 St\u00fcck erh\u00e4ltlich<\/strong> und kann durch Beschriftung mit Ihrem Logo oder einer Botschaft f\u00fcr Ihre Endkunden oder H\u00e4ndler individuell gestaltet werden.<\/p>\n<p><strong>Verwendungsbeispiele des Modells M1:<\/strong> Malerkoffer, Koffer zur Pr\u00e4sentation neuer Produkte, Werbe-Set, Transport, Aktenkoffer\u00a0\u2026<\/p>\n<p><a href=\"https:\/\/www.gaggione.com\/en\/technical-cases-eplasticase\/\"><strong>Die Marke E-PLASTICASE unter der Lupe:<\/strong><\/a> Das Unternehmen ist heute auf die Konzeption, Herstellung und den Verkauf von Produkten und Bauteilen im Thermoplast- und Silikonspritzguss spezialisiert. Seit mehr als 55 Jahren schenken uns unsere Kunden ihr Vertrauen bei der Lieferung von Koffern, K\u00e4sten, Etuis und Kisten in allen Gr\u00f6\u00dfen und Farben. Die Experten des Teams von E-plasticase begleiten Sie w\u00e4hrend des gesamten Prozesses der Auswahl und der individuellen Gestaltung Ihres\/Ihrer Koffers\/Kastens\/Etuis\/Kiste.<\/p>\n<p><a href=\"https:\/\/www.e-plasticase.com\/de\/kontakt\/\"><strong>Wenden Sie sich noch heute an uns, um alle erh\u00e4ltlichen Produkte kennenzulernen.<\/strong><\/a><\/p>\n","protected":false},"excerpt":{"rendered":"<ul>\n<li>Herausstehende bewegliche Griffe\/li&gt;<\/li>\n<li>Kunstledergek\u00f6rnt<\/li>\n<li>Format Kastenattach\u00e9<\/li>\n<li>Hohe Stabilit\u00e4t<\/li>\n<li>Schwarzer Griffe, ausgenommen weiss (weisser Griffe auf weissem Koffer)<\/li>\n<li>Anwendungen: Pr\u00e4sentation, Vorf\u00fchrung, Informatik, Aktenkoffer&#8230;<\/li>\n<\/ul>\n","protected":false},"featured_media":8089,"template":"","meta":[],"product_cat":[102],"product_tag":[],"class_list":{"0":"post-4495","1":"product","2":"type-product","3":"status-publish","4":"has-post-thumbnail","6":"product_cat-business-de","7":"pa_couleur-blau","8":"pa_couleur-schwarz","9":"pa_couleur-weis","10":"pa_hauteur-899","11":"pa_hauteur-exterieur-895","12":"pa_largeur-1644","13":"pa_largeur-exterieur-280-de","14":"pa_longueur-896","15":"pa_longueur-exterieur-897","16":"pa_matiere-polypropylen","17":"pa_poids_unitaire-0-629-kg-de","18":"pa_poids-dun-carton-7-50-kg-de","19":"pa_taill-standard-a4","20":"pa_transparence-nein","21":"pa_unite-de-conditionnement-10-de","22":"pa_volume-dun-carton-0-071-m3-de","24":"first","25":"instock","26":"shipping-taxable","27":"product-type-variable","28":"product-type-zakeke","29":"product-type-external"},"df_price":"","df_sale_price":"","df_regular_price":"","df_image_link":"https:\/\/www.e-plasticase.com\/wp-content\/uploads\/2018\/03\/ZM1009-300x200.jpg","_links":{"self":[{"href":"https:\/\/www.e-plasticase.com\/de\/wp-json\/wp\/v2\/product\/4495","targetHints":{"allow":["GET"]}}],"collection":[{"href":"https:\/\/www.e-plasticase.com\/de\/wp-json\/wp\/v2\/product"}],"about":[{"href":"https:\/\/www.e-plasticase.com\/de\/wp-json\/wp\/v2\/types\/product"}],"wp:featuredmedia":[{"embeddable":true,"href":"https:\/\/www.e-plasticase.com\/de\/wp-json\/wp\/v2\/media\/8089"}],"wp:attachment":[{"href":"https:\/\/www.e-plasticase.com\/de\/wp-json\/wp\/v2\/media?parent=4495"}],"wp:term":[{"taxonomy":"product_cat","embeddable":true,"href":"https:\/\/www.e-plasticase.com\/de\/wp-json\/wp\/v2\/product_cat?post=4495"},{"taxonomy":"product_tag","embeddable":true,"href":"https:\/\/www.e-plasticase.com\/de\/wp-json\/wp\/v2\/product_tag?post=4495"}],"curies":[{"name":"wp","href":"https:\/\/api.w.org\/{rel}","templated":true}]}}