{"id":4290,"date":"2018-03-12T14:09:50","date_gmt":"2018-03-12T13:10:37","guid":{"rendered":"https:\/\/www.e-plasticase.com\/?post_type=product&#038;p=4290"},"modified":"2025-10-15T16:50:47","modified_gmt":"2025-10-15T14:50:47","slug":"r4","status":"publish","type":"product","link":"https:\/\/www.e-plasticase.com\/de\/produkt\/classic-de\/r4\/","title":{"rendered":"R4"},"content":{"rendered":"<p>Das Modell R4 mit <strong>halb integriertem Griff<\/strong> und feiner K\u00f6rnung ist eines der Flaggschiff-Modelle der Kategorie <strong>\u201eCLASSIC\u201c<\/strong> des Katalogs Gaggione E-plasticase. Dieser aus <strong>PP<\/strong> (Polypropylen) hergestellte Koffer ist <strong>pflegeleicht und eignet sich f\u00fcr eine langfristige Nutzung. <\/strong>Dieser <strong>Koffer A4<\/strong> (Innenma\u00dfe 318 mm x 244 mm x 49 mm) ist f\u00fcr die unterschiedlichsten Anwendungen geeignet und ab einer Bestellmenge <strong>von 100 St\u00fcck in 7 Farbt\u00f6nen<\/strong> (Beige, Wei\u00df, Blau, Graublau, Hellgrau, Schwarz, Rot) erh\u00e4ltlich.<\/p>\n<p>Neben der gro\u00dfen Auswahl an Farbt\u00f6nen haben Sie die M\u00f6glichkeit, diesen Koffer A4 komplett individuell zu gestalten. Das \u00c4u\u00dfere kann per Digital- oder Siebdruck individuell gestaltet werden, indem Sie ein Logo, einen Text, eine Grafik oder auch ein Bild anbringen. Durch die individuelle Gestaltung des Innenvolumens k\u00f6nnen Sie mithilfe unserer Experten Auskleidungen aus Schaumstoff oder per Thermoformung einf\u00fcgen, um den Inhalt Ihres Koffers bestm\u00f6glich zu pr\u00e4sentieren, aufzubewahren, zu halten und hervorzuheben.<\/p>\n<p><strong>Anwendungsbeispiele des Modells R4:<\/strong> Pr\u00e4sentationskoffer, Dokumentenkoffer A4, Begr\u00fc\u00dfungskoffer, Spielekoffer, Koffer f\u00fcr Kreativspiele\u00a0\u2026<\/p>\n<p><strong>Die Marke E-plasticase unter der Lupe:<\/strong> Das vor mehr als 55\u00a0Jahren in Montr\u00e9al-la-Cluse im franz\u00f6sischen Departement Ain gegr\u00fcndete Unternehmen zeichnet sich durch seine Erfahrung und sein Know-how \u201eMade in France\u201c aus. Alle Koffer, K\u00e4sten und Kisten wurden so konzipiert, dass sie dem Bedarf der Kunden aus den unterschiedlichsten Berufsgruppen entsprechen.<\/p>\n<p><a href=\"https:\/\/www.e-plasticase.com\/de\/kontakt\/\"><strong>Kontaktieren Sie am besten gleich das Vertriebsteam von GAGGIONE E-PLASTICASE<\/strong><\/a>, um Ihren individuellen Kostenvoranschlag zu erhalten. Einer unserer Experten wird sich so schnell wie m\u00f6glich mit Ihnen in Verbindung setzen, um gemeinsam mit Ihnen die L\u00f6sung zu finden, die Ihren Bed\u00fcrfnissen und Anforderungen am besten entspricht.<\/p>\n","protected":false},"excerpt":{"rendered":"<ul>\n<li>Herausstehende halbintegrierte Griffe, feingek\u00f6rnt<\/li>\n<li>Format A4<\/li>\n<li>Anwendungen: Messen, Congresse, Spiele, Werkzeuge, Marketing&#8230;<\/li>\n<\/ul>\n","protected":false},"featured_media":8653,"template":"","meta":[],"product_cat":[108],"product_tag":[],"class_list":{"0":"post-4290","1":"product","2":"type-product","3":"status-publish","4":"has-post-thumbnail","6":"product_cat-classic-de","7":"pa_couleur-beige-de-2","8":"pa_couleur-blau","9":"pa_couleur-blaues_grau","10":"pa_couleur-hellgrau","11":"pa_couleur-rot","12":"pa_couleur-schwarz","13":"pa_couleur-weis","14":"pa_hauteur-861","15":"pa_hauteur-exterieur-857","16":"pa_largeur-1636","17":"pa_largeur-exterieur-274-de","18":"pa_longueur-858","19":"pa_longueur-exterieur-860","20":"pa_matiere-polypropylen","21":"pa_poids_unitaire-0-445-kg-de","22":"pa_poids-dun-carton-10-60-kg-de","23":"pa_taill-standard-a4","24":"pa_transparence-nein","25":"pa_unite-de-conditionnement-20-de","26":"pa_volume-dun-carton-0-111-m3-de","28":"first","29":"instock","30":"shipping-taxable","31":"product-type-variable","32":"product-type-zakeke","33":"product-type-external"},"df_price":"","df_sale_price":"","df_regular_price":"","df_image_link":"https:\/\/www.e-plasticase.com\/wp-content\/uploads\/2018\/03\/ZR4009-300x200.jpg","_links":{"self":[{"href":"https:\/\/www.e-plasticase.com\/de\/wp-json\/wp\/v2\/product\/4290","targetHints":{"allow":["GET"]}}],"collection":[{"href":"https:\/\/www.e-plasticase.com\/de\/wp-json\/wp\/v2\/product"}],"about":[{"href":"https:\/\/www.e-plasticase.com\/de\/wp-json\/wp\/v2\/types\/product"}],"wp:featuredmedia":[{"embeddable":true,"href":"https:\/\/www.e-plasticase.com\/de\/wp-json\/wp\/v2\/media\/8653"}],"wp:attachment":[{"href":"https:\/\/www.e-plasticase.com\/de\/wp-json\/wp\/v2\/media?parent=4290"}],"wp:term":[{"taxonomy":"product_cat","embeddable":true,"href":"https:\/\/www.e-plasticase.com\/de\/wp-json\/wp\/v2\/product_cat?post=4290"},{"taxonomy":"product_tag","embeddable":true,"href":"https:\/\/www.e-plasticase.com\/de\/wp-json\/wp\/v2\/product_tag?post=4290"}],"curies":[{"name":"wp","href":"https:\/\/api.w.org\/{rel}","templated":true}]}}