{"id":41926,"date":"2022-07-20T15:08:49","date_gmt":"2022-07-20T13:08:49","guid":{"rendered":"https:\/\/www.e-plasticase.com\/produits\/unkategorisiert\/durchsichtiges-etui-k2\/"},"modified":"2025-08-01T09:36:51","modified_gmt":"2025-08-01T07:36:51","slug":"durchsichtiges-etui-k2","status":"publish","type":"product","link":"https:\/\/www.e-plasticase.com\/de\/produkt\/minimalist-de\/durchsichtiges-etui-k2\/","title":{"rendered":"K2T"},"content":{"rendered":"<h2>Durchsichtiges Etui<\/h2>\n<p>Das Modell K2T ist ein <strong>durchsichtiges Etui<\/strong> aus unserer neuen Produktreihe <strong>New Wave<\/strong>. Es ist in <strong>drei verschiedenen St\u00e4rken erh\u00e4ltlich, small, medium und large,<\/strong> sodass Sie es an Ihre Bed\u00fcrfnisse, Ihre Produkte, Ihre Werkzeuge usw. anpassen k\u00f6nnen. Sie haben au\u00dferdem die M\u00f6glichkeit, aus<strong> 7 verschiedenen Verschlussfarben<\/strong> (Wei\u00df, Ultramarinblau, Orange, Hellgrau, Schwarz, Rot, Gr\u00fcn) zu w\u00e4hlen.<\/p>\n<p>Dieses Modell ist au\u00dferdem in <strong>5 opaken Farben erh\u00e4ltlich<\/strong> (Ultramarinblau, Wei\u00df, Grau, Schwarz, Rot), sodass insgesamt<strong> 42 Farbkombinationen<\/strong> m\u00f6glich sind, um den Anforderungen zahlreicher Branchen gerecht zu werden.<\/p>\n<p>Sie k\u00f6nnen die Au\u00dfenseite dieser transparenten H\u00fclle vollst\u00e4ndig personalisieren und mit einem <strong>Logo, einem Bild oder einem Text versehen,<\/strong> entweder durch Digitaldruck oder Siebdruck, um sie zu einem echten Kommunikationsmittel zu machen. Sie k\u00f6nnen auch die Innenseite mit ma\u00dfgefertigten Inneneinlagen aus Schaumstoff oder Tiefziehfolien gestalten, um den Inhalt zu sch\u00fctzen und zu fixieren.<\/p>\n<p><strong>Sehen Sie sich jetzt den Rest unseres Katalogs an.<\/strong><\/p>\n<p>Diese Klarsichth\u00fcllen aus Polypropylen oder PP sind leicht zu reinigen, wiederverwendbar, sto\u00dffest und chemikalienbest\u00e4ndig. Die flache Oberfl\u00e4che und die rechteckige Form erm\u00f6glichen eine sichere Aufbewahrung und einen sicheren Transport.<\/p>\n<p><strong>Anwendungsbeispiele:<\/strong> Erste-Hilfe-Kasten, Werkzeugkasten, Spielkoffer, Weihnachtsgeschenk, Instrumentenetui, Zubeh\u00f6rkasten, Erste-Hilfe-Teile-Set&#8230;<\/p>\n<p><strong>Zoom auf die Marke:<\/strong> Gaggione E-plasticase ist ein Unternehmen, das sich auf das Design, die Entwicklung und die Herstellung von Koffern, Etuis, Koffern und Boxen aus Kunststoff spezialisiert hat. Der Katalog bietet ca. 40 verschiedene Modelle, die vollst\u00e4ndig anpassbar sind, Made in France und ab Lager verf\u00fcgbar sind. Unsere Ansprechpartner beantworten Ihre Fragen gerne telefonisch unter<strong> +33 (0)4 74 76 12 66<\/strong> oder per E-Mail an <strong>plasticase@gaggione.com.<\/strong><\/p>\n<p>&nbsp;<\/p>\n","protected":false},"excerpt":{"rendered":"<ul>\n<li>Durchsichtiges Etui ohne Griff mit innovativem und zeitgem\u00e4\u00dfem Design.<\/li>\n<li>Leichtes \u00d6ffnen dank eines Verschlusses der neuen Generation.<\/li>\n<li>Anwendungen: Schule, Freizeit, Medizin, Zahnmedizin, Kleinwerkzeug, Kosmetik, Kommunikation, Instrumente &#8230;<\/li>\n<li>Erh\u00e4ltlich in 3 St\u00e4rken<\/li>\n<\/ul>\n","protected":false},"featured_media":41361,"template":"","meta":[],"product_cat":[105],"product_tag":[],"class_list":{"0":"post-41926","1":"product","2":"type-product","3":"status-publish","4":"has-post-thumbnail","6":"product_cat-minimalist-de","7":"pa_couleur-transparent-pp-de","8":"pa_couleur-des-fermoirs-grau-aluminium","9":"pa_couleur-des-fermoirs-orange-de","10":"pa_couleur-des-fermoirs-blau","11":"pa_couleur-des-fermoirs-grun","12":"pa_couleur-des-fermoirs-rot","13":"pa_couleur-des-fermoirs-schwarz","14":"pa_couleur-des-fermoirs-weiss_fer","15":"pa_epaisseur-k-small-de","16":"pa_epaisseur-k-medium-de","17":"pa_epaisseur-k-large-de","18":"pa_hauteur-30-de","19":"pa_hauteur-45-mm-de","20":"pa_hauteur-61-de","21":"pa_hauteur-exterieur-51-de","22":"pa_hauteur-exterieur-66-de","23":"pa_largeur-130-de","24":"pa_largeur-exterieur-145-de","25":"pa_longueur-185-de","26":"pa_longueur-exterieur-190-de","27":"pa_matiere-polypropylen","28":"pa_poids_unitaire-0140-kg-small-de","29":"pa_poids_unitaire-0163-kg-medium-de","30":"pa_poids_unitaire-0184-kg-large-de","31":"pa_poids-dun-carton-3-de","32":"pa_poids-dun-carton-344-de","33":"pa_poids-dun-carton-388-de","34":"pa_taill-standard-a6-148-x-105-mm-de","35":"pa_transparence-ja","36":"pa_unite-de-conditionnement-20-de","38":"first","39":"instock","40":"shipping-taxable","41":"purchasable","42":"product-type-variable","43":"product-type-zakeke","44":"product-type-external"},"df_price":"","df_sale_price":"","df_regular_price":"","df_image_link":"https:\/\/www.e-plasticase.com\/wp-content\/uploads\/2022\/07\/AU5A0134-2-300x267.png","_links":{"self":[{"href":"https:\/\/www.e-plasticase.com\/de\/wp-json\/wp\/v2\/product\/41926","targetHints":{"allow":["GET"]}}],"collection":[{"href":"https:\/\/www.e-plasticase.com\/de\/wp-json\/wp\/v2\/product"}],"about":[{"href":"https:\/\/www.e-plasticase.com\/de\/wp-json\/wp\/v2\/types\/product"}],"wp:featuredmedia":[{"embeddable":true,"href":"https:\/\/www.e-plasticase.com\/de\/wp-json\/wp\/v2\/media\/41361"}],"wp:attachment":[{"href":"https:\/\/www.e-plasticase.com\/de\/wp-json\/wp\/v2\/media?parent=41926"}],"wp:term":[{"taxonomy":"product_cat","embeddable":true,"href":"https:\/\/www.e-plasticase.com\/de\/wp-json\/wp\/v2\/product_cat?post=41926"},{"taxonomy":"product_tag","embeddable":true,"href":"https:\/\/www.e-plasticase.com\/de\/wp-json\/wp\/v2\/product_tag?post=41926"}],"curies":[{"name":"wp","href":"https:\/\/api.w.org\/{rel}","templated":true}]}}