{"id":4099,"date":"2018-03-12T10:48:03","date_gmt":"2018-03-12T09:47:39","guid":{"rendered":"https:\/\/www.e-plasticase.com\/?post_type=product&#038;p=4099"},"modified":"2025-10-27T13:58:24","modified_gmt":"2025-10-27T12:58:24","slug":"r1","status":"publish","type":"product","link":"https:\/\/www.e-plasticase.com\/de\/produkt\/retro-de\/r1\/","title":{"rendered":"R1"},"content":{"rendered":"<p>Das <strong>Modell R1 ist ein Arbeitskoffer im erweiterten Format A5<\/strong> (Innenma\u00dfe 226 mm x 200 mm x 71 mm). Sein integrierter Griff macht es leicht transportier- und verstaubar.<\/p>\n<p>Das Modell R1 <strong>ist ab einer Bestellmenge von 100 St\u00fcck in 7 Farbt\u00f6nen<\/strong> (wei\u00df, Blau, Grau Anthrazit, Gelb, Schwarz, Rot, Gr\u00fcn) <strong>erh\u00e4ltlich und kann vollst\u00e4ndig individuell gestaltet<\/strong> werden. Sie haben die M\u00f6glichkeit, bei unserem Vertriebsteam eine ma\u00dfgefertigte <strong>Innenauskleidung aus Schaumstoff oder per Thermoformung zu bestellen<\/strong>, die perfekt an den Inhalt Ihres Arbeitskoffers angepasst ist. Diese Auskleidungen erlauben es auf diese Weise, alles, was Sie transportieren m\u00f6chten, bestm\u00f6glich zu halten, zu sch\u00fctzen und zu pr\u00e4sentieren. <strong>Sie k\u00f6nnen au\u00dfen auch per Digital- oder Siebdruck ein Bild, ein Logo oder auch einen Text anbringen.<\/strong><\/p>\n<p>Dieser aus PP, oder <strong>Polypropylen<\/strong>, gefertigte Arbeitskoffer ist best\u00e4ndig, robust und pflegeleicht. Er ist sto\u00dffest und best\u00e4ndig gegen\u00fcber den gel\u00e4ufigsten Chemikalien sowie gegen\u00fcber \u00e4u\u00dferen Einfl\u00fcssen (Regen, Wind, Staub\u00a0&#8230;).<\/p>\n<p>Damit dieser Koffer gut sichtbar und zug\u00e4nglich ist, haben wir eine Wandhalterung entwickelt; siehe Modell RA oder Wandhalterung f\u00fcr R1.<\/p>\n<p>Dieses Modell ist auch mit <strong>einem durchsichtigen Deckel und ohne abgeschr\u00e4gten Deckel<\/strong> (siehe Modell F1) erh\u00e4ltlich.<\/p>\n<p><strong>Anwendungsbeispiele des Modells R1:<\/strong> Werkzeugkoffer, Erste-Hilfe-Koffer, Wartungskoffer, Transportkoffer f\u00fcr Instrumente und Werkzeug, Aufbewahrungskoffer, Diagnoseset, Wartungsset\u00a0\u2026<\/p>\n<p><strong>Die Marke E-plasticase unter der Lupe:<\/strong> Gaggione E-plasticase ist ein auf die Konzeption und die Herstellung von K\u00e4sten, Koffern und Kisten spezialisiertes Unternehmen, die den Bed\u00fcrfnissen der Vertreter aller Branchen entsprechen. Dank seiner 50-j\u00e4hrigen Erfahrung in diesem Bereich kann Ihnen das Unternehmen heute einen individuellen Service und eine Betreuung nach Ma\u00df anbieten, um gemeinsam mit Ihnen Ihre Ziele, Anforderungen und W\u00fcnsche zu definieren.<\/p>\n<p><a href=\"https:\/\/www.e-plasticase.com\/de\/kontakt\/\"><strong>Wenden Sie sich am besten sofort an unser Team, um Ihren Koffer zu finden!<\/strong><\/a><\/p>\n","protected":false},"excerpt":{"rendered":"<ul>\n<li>Kunststoffkoffer mit integrierter Griffe &#8211; A5 Format<\/li>\n<li>Abgeschr\u00e4gt, mit transparent Deckel verf\u00fcgbar: siehe F1<\/li>\n<li>Anwendungen: Gesundheitswesen, Freizeit, Werkzeuge, Apotheke, Messtechnik, Instrumente&#8230;<\/li>\n<\/ul>\n","protected":false},"featured_media":8322,"template":"","meta":[],"product_cat":[103],"product_tag":[],"class_list":{"0":"post-4099","1":"product","2":"type-product","3":"status-publish","4":"has-post-thumbnail","6":"product_cat-retro-de","7":"pa_couleur-anthrazitgrau","8":"pa_couleur-blau","9":"pa_couleur-gelb","10":"pa_couleur-grun","11":"pa_couleur-rot","12":"pa_couleur-schwarz","13":"pa_couleur-weis","14":"pa_hauteur-802","15":"pa_hauteur-exterieur-798","16":"pa_largeur-1627","17":"pa_largeur-exterieur-529","18":"pa_longueur-799","19":"pa_longueur-exterieur-800","20":"pa_matiere-polypropylen","21":"pa_poids_unitaire-0-271-kg-de","22":"pa_poids-dun-carton-6-85-kg-de","23":"pa_support-mural-ja","24":"pa_taill-standard-a5","25":"pa_transparence-nein","26":"pa_unite-de-conditionnement-20-de","27":"pa_volume-dun-carton-0-089-m3-de","29":"first","30":"instock","31":"shipping-taxable","32":"product-type-variable","33":"product-type-zakeke","34":"product-type-external"},"df_price":"","df_sale_price":"","df_regular_price":"","df_image_link":"https:\/\/www.e-plasticase.com\/wp-content\/uploads\/2018\/03\/ZR1009-300x200.jpg","_links":{"self":[{"href":"https:\/\/www.e-plasticase.com\/de\/wp-json\/wp\/v2\/product\/4099","targetHints":{"allow":["GET"]}}],"collection":[{"href":"https:\/\/www.e-plasticase.com\/de\/wp-json\/wp\/v2\/product"}],"about":[{"href":"https:\/\/www.e-plasticase.com\/de\/wp-json\/wp\/v2\/types\/product"}],"wp:featuredmedia":[{"embeddable":true,"href":"https:\/\/www.e-plasticase.com\/de\/wp-json\/wp\/v2\/media\/8322"}],"wp:attachment":[{"href":"https:\/\/www.e-plasticase.com\/de\/wp-json\/wp\/v2\/media?parent=4099"}],"wp:term":[{"taxonomy":"product_cat","embeddable":true,"href":"https:\/\/www.e-plasticase.com\/de\/wp-json\/wp\/v2\/product_cat?post=4099"},{"taxonomy":"product_tag","embeddable":true,"href":"https:\/\/www.e-plasticase.com\/de\/wp-json\/wp\/v2\/product_tag?post=4099"}],"curies":[{"name":"wp","href":"https:\/\/api.w.org\/{rel}","templated":true}]}}