{"id":4071,"date":"2018-03-09T08:54:07","date_gmt":"2018-03-12T08:54:28","guid":{"rendered":"https:\/\/www.e-plasticase.com\/?post_type=product&#038;p=4071"},"modified":"2025-08-01T09:42:09","modified_gmt":"2025-08-01T07:42:09","slug":"r3t","status":"publish","type":"product","link":"https:\/\/www.e-plasticase.com\/de\/produkt\/minimalist-de\/r3t\/","title":{"rendered":"R3T"},"content":{"rendered":"<p>Das <strong>Modell R3T ist ein durchsichtiges Koffermodell mit halb integriertem, abstehendem Griff und dem Format A5<\/strong> (mit den Innenma\u00dfen 260 mm x 197 mm x 45 mm); es ist <strong>einfach zu transportieren, f\u00fcr die unterschiedlichsten Nutzungen<\/strong> geeignet und deshalb die perfekte L\u00f6sung f\u00fcr Vertreter zahlreicher Branchen.Diese durchsichtige Koffer A5 werden aus <strong>Polypropylen<\/strong> gegossen und sind ebenso <strong>robust wie \u00e4sthetisch<\/strong> und die perfekte L\u00f6sung f\u00fcr eine wiederholte und t\u00e4gliche Nutzung. Sie k\u00f6nnen <strong>individuell gestaltet<\/strong> werden und passen sich so perfekt an Ihr Markenimage an.<\/p>\n<p>Wir <strong>bieten Ihnen an, per<\/strong> <strong>Digital<\/strong>&#8211; oder <strong>Siebdruck<\/strong> ein <strong>Logo<\/strong>, einen <strong>Text<\/strong> oder ein <strong>Bild<\/strong> au\u00dfen auf dem Koffer anzubringen, wodurch er nicht nur leicht erkennbar wird, sondern auch angenehm zu nutzen. Sie haben ferner die M\u00f6glichkeit, Innenauskleidungen aus <strong>Schaumstoff oder per Thermoformung<\/strong> einzusetzen, um Ihre Produkte oder Artikel zu halten, zu sch\u00fctzen und zu pr\u00e4sentieren.<\/p>\n<p>Weitere Informationen \u00fcber unsere Verfahren zur individuellen Gestaltung finden Sie auf der entsprechenden Seite.<\/p>\n<p>Das Modell R3T existiert auch in einer lichtundurchl\u00e4ssigen Variante (Modell R3, erh\u00e4ltlich in Graublau, Beige, Blau, Wei\u00df, Gelb, Schwarz, Rot und Grau) sowie in unterschiedlichen Ma\u00dfen (Modelle R2 und R4).<\/p>\n<p><a href=\"https:\/\/www.e-plasticase.com\/wp-content\/uploads\/2022\/11\/WEB-Catalogue-2022-Gaggione-light-wordpress.pdf\"><strong>Lernen Sie am besten noch heute unseren gesamten Katalog kennen.<\/strong><\/a><\/p>\n<p><strong>Anwendungsbeispiele des Modells R3T:<\/strong> medizinische Analyse- und Diagnosesets, Koffer f\u00fcr die Pr\u00e4sentation neuer Produkte, Tierarztsets, durchsichtiger Transportkoffer A5 f\u00fcr Kontroll- und Diagnosesets, Transport- und Aufbewahrungskoffer f\u00fcr Sport- und Freizeitzubeh\u00f6r\u00a0\u2026<\/p>\n<p><strong>Die Marke E-plasticase unter der Lupe:<\/strong> Seit mehr als 50\u00a0Jahren ist Gaggione E-plasticase bem\u00fcht, den Vertretern der unterschiedlichsten Branchen Produkte 100\u00a0% Made in France anzubieten. Das Unternehmen bietet Ihnen eine individuelle Betreuung an, um Ihnen den Koffer, die Kiste oder den Kasten zu liefern, der perfekt Ihren Bed\u00fcrfnissen sowie Ihrem Corporate Design und Produkt-Image entspricht.<\/p>\n","protected":false},"excerpt":{"rendered":"<ul>\n<li>Durchsichtiger Deckel<\/li>\n<li>Undurchsichtig verf\u00fcgbar : siehe R3<\/li>\n<li>Anwendungen: Schulbedarf, Medizintechnik, Werkzeuge, Geb\u00e4ude, Gesundheitswesen,&#8230;<\/li>\n<\/ul>\n","protected":false},"featured_media":8919,"template":"","meta":[],"product_cat":[105],"product_tag":[],"class_list":{"0":"post-4071","1":"product","2":"type-product","3":"status-publish","4":"has-post-thumbnail","6":"product_cat-minimalist-de","7":"pa_couleur-transparent-pp-de","8":"pa_hauteur-779","9":"pa_hauteur-exterieur-788","10":"pa_largeur-1624","11":"pa_largeur-exterieur-226-de","12":"pa_longueur-776","13":"pa_longueur-exterieur-778","14":"pa_matiere-durchsichtiges-polypropylen","15":"pa_poids_unitaire-0-308-kg-de","16":"pa_poids-dun-carton-7-25-kg-de","17":"pa_taill-standard-a5","18":"pa_transparence-ja","19":"pa_unite-de-conditionnement-20-de","20":"pa_volume-dun-carton-0-070-m3-de","22":"first","23":"instock","24":"shipping-taxable","25":"product-type-variable","26":"product-type-zakeke","27":"product-type-external"},"df_price":"","df_sale_price":"","df_regular_price":"","df_image_link":"https:\/\/www.e-plasticase.com\/wp-content\/uploads\/2018\/03\/ZR3013-1-300x200.jpg","_links":{"self":[{"href":"https:\/\/www.e-plasticase.com\/de\/wp-json\/wp\/v2\/product\/4071","targetHints":{"allow":["GET"]}}],"collection":[{"href":"https:\/\/www.e-plasticase.com\/de\/wp-json\/wp\/v2\/product"}],"about":[{"href":"https:\/\/www.e-plasticase.com\/de\/wp-json\/wp\/v2\/types\/product"}],"wp:featuredmedia":[{"embeddable":true,"href":"https:\/\/www.e-plasticase.com\/de\/wp-json\/wp\/v2\/media\/8919"}],"wp:attachment":[{"href":"https:\/\/www.e-plasticase.com\/de\/wp-json\/wp\/v2\/media?parent=4071"}],"wp:term":[{"taxonomy":"product_cat","embeddable":true,"href":"https:\/\/www.e-plasticase.com\/de\/wp-json\/wp\/v2\/product_cat?post=4071"},{"taxonomy":"product_tag","embeddable":true,"href":"https:\/\/www.e-plasticase.com\/de\/wp-json\/wp\/v2\/product_tag?post=4071"}],"curies":[{"name":"wp","href":"https:\/\/api.w.org\/{rel}","templated":true}]}}