{"id":3946,"date":"2018-03-09T09:55:36","date_gmt":"2018-03-09T12:51:36","guid":{"rendered":"https:\/\/www.e-plasticase.com\/produit\/valisette-plastique-fabrication-135x94x31mm-promotion\/"},"modified":"2025-10-15T16:43:48","modified_gmt":"2025-10-15T14:43:48","slug":"g1","status":"publish","type":"product","link":"https:\/\/www.e-plasticase.com\/de\/produkt\/classic-de\/g1\/","title":{"rendered":"G1"},"content":{"rendered":"<p>Das ab einer Bestellung von 100 St\u00fcck erh\u00e4ltliche Modell des Mini-Koffers G1 kann in 5 <strong>Farbt\u00f6nen<\/strong> (Beige, Blau, Hellgrau, Schwarz, Rot) gefertigt werden; auf diese Weise k\u00f6nnen Sie einen Farbton w\u00e4hlen, der zu Ihren Corporate-Farben passt.<\/p>\n<p>Wenn Sie sich f\u00fcr eine <strong>Beschriftung au\u00dfen entscheiden<\/strong>, k\u00f6nnen Sie dank des schlichten und klaren Designs dieses Mini-Koffers <strong>Ihr Logo<\/strong>, <strong>ein Bild, einen Text\u00a0&#8230;<\/strong> hervorheben. Sie haben ferner die M\u00f6glichkeit, gemeinsam mit uns eine an <strong>Ihre Produkte angepasste Innenauskleidung nach Ma\u00df, aus Schaumstoff oder per Thermoformung, zu gestalten.<\/strong> Eine ideale L\u00f6sung, wenn Sie Ihren Mitarbeitern, Kunden und Partnern eine ebenso praktische wie einzigartige Nutzererfahrung bieten m\u00f6chten, und das schon beim \u00d6ffnen dieses Mini-Koffers.<\/p>\n<p>Das leichte und kleinformatige Modell G1 ist zugleich ergonomisch, leicht zu transportieren und bietet dem Nutzer die M\u00f6glichkeit, sein Material problemlos zu verstauen. Der aus Polypropylen (PP) gefertigte Koffer ist <strong>best\u00e4ndig, solide und sehr einfach zu reinigen.<\/strong><\/p>\n<p>Dieses Modell eines Mini-Koffers aus Kunststoff wird von unseren Kunden bereits genutzt, um etwa kleines Werkzeug, medizinische Instrumente, Analyser\u00f6hren oder Schulmaterialien zu transportieren; es ist perfekt f\u00fcr die Industrie, den Freizeit-, den medizinischen oder auch den Automobil-Bereich geeignet.<\/p>\n<p>Dieses Modell ist auch in einer durchsichtigen Variante erh\u00e4ltlich: Modell G1T aus PP (Milchoptik), G2 aus PMMA CHOC und G3 aus PS Kristall.<\/p>\n<p><strong>Verwendungsbeispiele des Modells G1<\/strong>: Wasseranalyse-Set, Thermoanalyse-Set, kleiner Werkzeugkasten, Mini-Freizeitkoffer, Kartenspiele\u00a0\u2026<\/p>\n<p><a href=\"https:\/\/www.gaggione.com\/en\/technical-cases-eplasticase\/\"><strong>Die Marke E-PLASTICASE unter der Lupe:<\/strong><\/a> Das in Montr\u00e9al-la-Cluse im Departement Ain (Frankreich) beheimate Unternehmen zeichnet sich durch seine Erfahrung und sein Know-how \u201eMade in France\u201c aus. Denn alle Koffer, K\u00e4sten, Kisten und Etuis sind so konzipiert, dass sie den Bed\u00fcrfnissen zahlreicher Branchen und der unterschiedlichsten Kunden entsprechen. Die Zufriedenheit unserer Kunden ist die oberste Priorit\u00e4t des Unternehmens, unser Vertriebsteam begleitet Sie gerne bei der individuellen Gestaltung Ihres idealen Koffers.<\/p>\n<p><a href=\"https:\/\/www.e-plasticase.com\/de\/kontakt\/\"><strong>Wenden Sie sich noch heute an uns, um einen Kostenvoranschlag zu erhalten.<\/strong><\/a><\/p>\n","protected":false},"excerpt":{"rendered":"<ul>\n<li>Minikoffer mit\u00a0herausstehenden halbintegrierten Griffen, feink\u00f6rnig<\/li>\n<li>rechteckig<\/li>\n<li>verf\u00fcgbar in vielen anderen Kunststoffmaterialen und Aussehen, siehe G1T, G2 und G3<\/li>\n<li>Anwendungen: kleine Ger\u00e4te, Medizintechnik, Schulwesen, Freizeit &#8230;<\/li>\n<\/ul>\n","protected":false},"featured_media":49281,"template":"","meta":[],"product_cat":[108],"product_tag":[],"class_list":{"0":"post-3946","1":"product","2":"type-product","3":"status-publish","4":"has-post-thumbnail","6":"product_cat-classic-de","7":"pa_couleur-beige-de-2","8":"pa_couleur-blau","9":"pa_couleur-hellgrau","10":"pa_couleur-rot","11":"pa_couleur-schwarz","12":"pa_hauteur-690","13":"pa_hauteur-exterieur-687","14":"pa_largeur-1600","15":"pa_largeur-exterieur-127-de","16":"pa_longueur-689","17":"pa_longueur-exterieur-688","18":"pa_matiere-polypropylen","19":"pa_poids_unitaire-0090-kg-de","20":"pa_poids-dun-carton-12-00-kg-de","21":"pa_transparence-nein","22":"pa_unite-de-conditionnement-100-de","23":"pa_volume-dun-carton-0-080-m3-de","25":"first","26":"instock","27":"shipping-taxable","28":"product-type-variable","29":"product-type-zakeke","30":"product-type-external"},"df_price":"","df_sale_price":"","df_regular_price":"","df_image_link":"https:\/\/www.e-plasticase.com\/wp-content\/uploads\/2018\/03\/ZG1009-300x200.png","_links":{"self":[{"href":"https:\/\/www.e-plasticase.com\/de\/wp-json\/wp\/v2\/product\/3946","targetHints":{"allow":["GET"]}}],"collection":[{"href":"https:\/\/www.e-plasticase.com\/de\/wp-json\/wp\/v2\/product"}],"about":[{"href":"https:\/\/www.e-plasticase.com\/de\/wp-json\/wp\/v2\/types\/product"}],"wp:featuredmedia":[{"embeddable":true,"href":"https:\/\/www.e-plasticase.com\/de\/wp-json\/wp\/v2\/media\/49281"}],"wp:attachment":[{"href":"https:\/\/www.e-plasticase.com\/de\/wp-json\/wp\/v2\/media?parent=3946"}],"wp:term":[{"taxonomy":"product_cat","embeddable":true,"href":"https:\/\/www.e-plasticase.com\/de\/wp-json\/wp\/v2\/product_cat?post=3946"},{"taxonomy":"product_tag","embeddable":true,"href":"https:\/\/www.e-plasticase.com\/de\/wp-json\/wp\/v2\/product_tag?post=3946"}],"curies":[{"name":"wp","href":"https:\/\/api.w.org\/{rel}","templated":true}]}}