{"id":3924,"date":"2018-03-09T09:30:00","date_gmt":"2018-03-09T15:12:00","guid":{"rendered":"https:\/\/www.e-plasticase.com\/produit\/m2\/"},"modified":"2025-10-15T17:05:29","modified_gmt":"2025-10-15T15:05:29","slug":"m2","status":"publish","type":"product","link":"https:\/\/www.e-plasticase.com\/de\/produkt\/business-de\/m2\/","title":{"rendered":"M2"},"content":{"rendered":"<p>Der<strong> M2 ist ein Koffermodell im Format A5 mit beweglichem Griff, der die gleiche Farbe hat wie die H\u00fclle; die feink\u00f6rnige Oberfl\u00e4che sorgt f\u00fcr ein hochwertiges und elegant-schlichtes Aussehen.<\/strong> Die ebenfalls in die H\u00fclle integrierten Verschl\u00fcsse machen diesen Koffer praktisch sowie unkompliziert in Nutzung und Pflege. Das Modell M2 ist ab einer Bestellmenge von 100 St\u00fcck in 2 Farbt\u00f6nen (Wei\u00df und Schwarz) erh\u00e4ltlich.<\/p>\n<p>Dieser Koffer im \u201eAktenkoffer\u201c-Stil ist f\u00fcr alle <strong>Branchen perfekt geeignet und der unverzichtbare Begleiter f\u00fcr Kongresse<\/strong>, Messen, Meetings f\u00fcr Produktpr\u00e4sentationen, Kundentermine und Reparationen. <strong>Durch den beweglichen Griff l\u00e4sst sich dieser Koffer leicht in einem gr\u00f6\u00dferen Beh\u00e4lter verstauen, um Kleinteile gesondert aufzubewahren.<\/strong><\/p>\n<p>Falls Sie dies w\u00fcnschen, haben Sie die M\u00f6glichkeit, <strong>Ihren Koffer im Format A5 innen und au\u00dfen individuell zu gestalten<\/strong>, um ihn bestm\u00f6glich an Ihren Bedarf anzupassen. Mit der \u00e4u\u00dferen Beschriftung per Digital- oder Siebdruck k\u00f6nnen Sie ein Logo, ein Bild oder einen Text auf dem Deckel und\/oder auf dem Boden dieses Modells anbringen. Durch die je nach Kasteninhalt ma\u00dfgefertigten Innenauskleidungen k\u00f6nnen Sie den Inhalt dieses Modells sch\u00fctzen, halten, pr\u00e4sentieren und hervorheben. <strong>Unsere Experten begleiten Sie w\u00e4hrend des gesamten Gestaltungs- und Konzeptionsprozesses Ihrer K\u00e4sten, Etuis, Koffer und Kisten zur Aufbewahrung und beraten Sie bei der Wahl des Produkts und der individuellen Gestaltung.<\/strong><\/p>\n<p>Ohne Griff als Produktkategorie P5 erh\u00e4ltlich.<\/p>\n<p><strong>Anwendungsbeispiele des Modells M2:<\/strong> Mini-Aktenkoffer, Pr\u00e4sentationskoffer im Format A5, Dokumentenkoffer, Koffer f\u00fcr Kreativspiele, Werbeset, Zubeh\u00f6rkoffer f\u00fcr alle Berufe\u00a0\u2026<\/p>\n<p><strong>Die Marke E-PLASTICASE unter der Lupe:<\/strong> Gaggione E-plasticase ist ein Unternehmen, das seit 1948 im franz\u00f6sischen Departement Ain zuhause ist und sich auf die Konzeption, die Herstellung und den Vertrieb von Bauteilen im Thermoplast- und Silikonspritzguss spezialisiert hat. Da die Zufriedenheit unserer Kunden f\u00fcr uns oberste Priorit\u00e4t genie\u00dft, kontrolliert Gaggione den gesamten Herstellungsprozess der Koffer und garantiert Ihnen hochwertige und langlebige Produkte \u201eMADE IN France\u201c.<\/p>\n<p><strong>Gestalten Sie noch heute Ihren Koffer ganz nach Ihren W\u00fcnschen. <\/strong><\/p>\n","protected":false},"excerpt":{"rendered":"<ul>\n<li>Kleine Kunststoffkoffer, Format A5, mit herausstehendem beweglichem Griff<\/li>\n<li>Selbe Farbe f\u00fcr Koffer und Griffe<\/li>\n<li>Verf\u00fcgbar ohne Griff : siehe P5<\/li>\n<li>Anwendungen: Kosmetik, Erste Hilfe Koffer, Mess und Regel-Technik, Instrumente&#8230;<\/li>\n<\/ul>\n","protected":false},"featured_media":8145,"template":"","meta":[],"product_cat":[102],"product_tag":[],"class_list":{"0":"post-3924","1":"product","2":"type-product","3":"status-publish","4":"has-post-thumbnail","6":"product_cat-business-de","7":"pa_couleur-schwarz","8":"pa_couleur-weis","9":"pa_hauteur-741","10":"pa_hauteur-exterieur-737","11":"pa_largeur-1610","12":"pa_largeur-exterieur-177-de","13":"pa_longueur-738","14":"pa_longueur-exterieur-740","15":"pa_matiere-polypropylen","16":"pa_poids_unitaire-0-189-kg-de","17":"pa_poids-dun-carton-5-00-kg-de","18":"pa_taill-standard-a5","19":"pa_transparence-nein","20":"pa_unite-de-conditionnement-20-de","21":"pa_volume-dun-carton-0-048-m3-de","23":"first","24":"instock","25":"shipping-taxable","26":"product-type-variable","27":"product-type-zakeke","28":"product-type-external"},"df_price":"","df_sale_price":"","df_regular_price":"","df_image_link":"https:\/\/www.e-plasticase.com\/wp-content\/uploads\/2018\/03\/ZM2009-300x200.jpg","_links":{"self":[{"href":"https:\/\/www.e-plasticase.com\/de\/wp-json\/wp\/v2\/product\/3924","targetHints":{"allow":["GET"]}}],"collection":[{"href":"https:\/\/www.e-plasticase.com\/de\/wp-json\/wp\/v2\/product"}],"about":[{"href":"https:\/\/www.e-plasticase.com\/de\/wp-json\/wp\/v2\/types\/product"}],"wp:featuredmedia":[{"embeddable":true,"href":"https:\/\/www.e-plasticase.com\/de\/wp-json\/wp\/v2\/media\/8145"}],"wp:attachment":[{"href":"https:\/\/www.e-plasticase.com\/de\/wp-json\/wp\/v2\/media?parent=3924"}],"wp:term":[{"taxonomy":"product_cat","embeddable":true,"href":"https:\/\/www.e-plasticase.com\/de\/wp-json\/wp\/v2\/product_cat?post=3924"},{"taxonomy":"product_tag","embeddable":true,"href":"https:\/\/www.e-plasticase.com\/de\/wp-json\/wp\/v2\/product_tag?post=3924"}],"curies":[{"name":"wp","href":"https:\/\/api.w.org\/{rel}","templated":true}]}}