{"id":3905,"date":"2018-03-09T10:00:21","date_gmt":"2018-03-09T15:15:21","guid":{"rendered":"https:\/\/www.e-plasticase.com\/produit\/p3\/"},"modified":"2025-08-01T09:38:08","modified_gmt":"2025-08-01T07:38:08","slug":"p3","status":"publish","type":"product","link":"https:\/\/www.e-plasticase.com\/de\/produkt\/business-de\/p3\/","title":{"rendered":"P3"},"content":{"rendered":"<p>Der <strong>P3 stellt das kleinste Etui des Katalogs<\/strong> von GAGGIONE E-PLASTICASE dar. Dieses Federkasten-Format ist zugleich <strong>praktisch<\/strong>, <strong>diskret<\/strong> und <strong>leicht zu transportieren<\/strong>. Ohne Griff und mit seiner leicht gek\u00f6rnten Oberfl\u00e4che hat er ein <strong>schlichtes und elegantes<\/strong> Aussehen, das sich perfekt dem Material seines Nutzers anpassen l\u00e4sst. Ab einer Bestellmenge von 100 St\u00fcck ist er <strong>in 5\u00a0Farbt\u00f6nen<\/strong> (Wei\u00df, Pastellblau, Schwarz, Rot und Pastellgr\u00fcn) erh\u00e4ltlich, weitere Farben sind ab 500 St\u00fcck m\u00f6glich.<\/p>\n<p>Der <strong>Druckverschluss dieses Federkastens<\/strong>, der nur bei diesem Modell verwendet wird, macht den Inhalt des Kastens leicht zug\u00e4nglich und verwendbar. Das einzigartige Format konnte bereits zahlreiche Kunden aus den unterschiedlichsten Bereichen (Schule, Medizin, Zahnmedizin, kleines Werkzeug, Kosmetik, Kommunikation, Musik) begeistern.<\/p>\n<p>Er ist vollst\u00e4ndig aus <strong>Polypropylen<\/strong> gefertigt \u2013 einem Material, das perfekt f\u00fcr eine wiederholte Nutzung geeignet ist, da es ebenso best\u00e4ndig wie leicht zu reinigen und recycelbar ist.<\/p>\n<p>Diese <strong>Federk\u00e4sten k\u00f6nnen mithilfe einer ma\u00dfgefertigten<\/strong> und an den <strong>Inhalt angepassten Innenauskleidung<\/strong> sowie einer <strong>\u00e4u\u00dferen Beschriftung<\/strong> durch Siebdruck individuell gestaltet werden. Diese Optionen erm\u00f6glichen eine detailreiche individuelle Gestaltung, die diese Etuis einzigartig und an ihren Bedarf angepasst werden l\u00e4sst.<\/p>\n<p><strong>Verwendungsbeispiele des Modells P3:<\/strong> Kasten f\u00fcr Schulmaterialien, Pinselkasten, Set mit medizinischem Spitzenmaterial, Schmuckschatulle. Dieser Federkasten ist in zahlreichen Farbt\u00f6nen erh\u00e4ltlich, die in Japan derart im Trend liegen, dass er dort sogar zu einem Sammelobjekt wurde!<\/p>\n<p><a href=\"https:\/\/www.gaggione.com\/en\/technical-cases-eplasticase\/\"><strong>Die Marke E-PLASTICASE unter der Lupe:<\/strong><\/a> Das vor mehr als 55\u00a0Jahren im Herzen des franz\u00f6sischen Departements Ain gegr\u00fcndete Unternehmen GAGGIONE ist ein zentraler Akteur im Bereich Konzeption, Herstellung und Verkauf von Bauteilen im Thermoplast- und Silikonspritzguss. Das im Herzen des Plastic Valley ans\u00e4ssige Unternehmen GAGGIONE bietet Ihnen eine vollst\u00e4ndig franz\u00f6sische, nachhaltige und hochwertige Herstellung.<\/p>\n<p><a href=\"https:\/\/www.e-plasticase.com\/de\/produkt-kategorie\/business-de\/\"><strong>Informieren Sie sich am besten gleich \u00fcber das ganze Sortiment an Etuis\/Federk\u00e4sten von Gaggione EPLASTICASE sowie \u00fcber den \u00fcbrigen Katalog.<\/strong><\/a><\/p>\n","protected":false},"excerpt":{"rendered":"<ul>\n<li>K\u00e4stchen &#8211; Etui aus kunststoff<\/li>\n<li>Federkasten,\u00a0feingek\u00f6rnt<\/li>\n<li>Origineller Verschluss,<\/li>\n<li>Anwendungen: Schulwesen, Medizintechnik, Dental-Produkten, kleine Werkzeuge, Werbung,&#8230;<\/li>\n<\/ul>\n","protected":false},"featured_media":49305,"template":"","meta":[],"product_cat":[102],"product_tag":[],"class_list":{"0":"post-3905","1":"product","2":"type-product","3":"status-publish","4":"has-post-thumbnail","6":"product_cat-business-de","7":"pa_couleur-pastellblau","8":"pa_couleur-pastellgruen","9":"pa_couleur-rot","10":"pa_couleur-schwarz","11":"pa_couleur-weis","12":"pa_hauteur-757","13":"pa_hauteur-exterieur-754","14":"pa_largeur-1594","15":"pa_largeur-exterieur-74-de","16":"pa_longueur-1700","17":"pa_longueur-exterieur-756","18":"pa_matiere-polypropylen","19":"pa_poids_unitaire-0070-kg-de","20":"pa_poids-dun-carton-7-80-kg-de","21":"pa_unite-de-conditionnement-100-de","22":"pa_volume-dun-carton-0-060-m3-de","24":"first","25":"instock","26":"shipping-taxable","27":"product-type-variable","28":"product-type-zakeke","29":"product-type-external"},"df_price":"","df_sale_price":"","df_regular_price":"","df_image_link":"https:\/\/www.e-plasticase.com\/wp-content\/uploads\/2018\/03\/P3-fond-blanc-300x200.png","_links":{"self":[{"href":"https:\/\/www.e-plasticase.com\/de\/wp-json\/wp\/v2\/product\/3905","targetHints":{"allow":["GET"]}}],"collection":[{"href":"https:\/\/www.e-plasticase.com\/de\/wp-json\/wp\/v2\/product"}],"about":[{"href":"https:\/\/www.e-plasticase.com\/de\/wp-json\/wp\/v2\/types\/product"}],"wp:featuredmedia":[{"embeddable":true,"href":"https:\/\/www.e-plasticase.com\/de\/wp-json\/wp\/v2\/media\/49305"}],"wp:attachment":[{"href":"https:\/\/www.e-plasticase.com\/de\/wp-json\/wp\/v2\/media?parent=3905"}],"wp:term":[{"taxonomy":"product_cat","embeddable":true,"href":"https:\/\/www.e-plasticase.com\/de\/wp-json\/wp\/v2\/product_cat?post=3905"},{"taxonomy":"product_tag","embeddable":true,"href":"https:\/\/www.e-plasticase.com\/de\/wp-json\/wp\/v2\/product_tag?post=3905"}],"curies":[{"name":"wp","href":"https:\/\/api.w.org\/{rel}","templated":true}]}}