{"id":3877,"date":"2018-03-09T09:35:17","date_gmt":"2018-03-09T16:09:17","guid":{"rendered":"https:\/\/www.e-plasticase.com\/produit\/r2c\/"},"modified":"2025-08-01T09:40:59","modified_gmt":"2025-08-01T07:40:59","slug":"r2c","status":"publish","type":"product","link":"https:\/\/www.e-plasticase.com\/de\/produkt\/minimalist-de\/r2c\/","title":{"rendered":"R2C"},"content":{"rendered":"<p>Das <strong>durchsichtige<\/strong>, <strong>mittelgro\u00dfe<\/strong> Modell R2C verf\u00fcgt \u00fcber <strong>10\u00a0fest installierte F\u00e4cher unterschiedlicher Gr\u00f6\u00dfe<\/strong>. Als einziges Modell dieser Art <strong>verf\u00fcgt der R2C \u00fcber Trennw\u00e4nde, mit deren Hilfe Sie den Kofferinhalt einfach und intuitiv ordnen k\u00f6nnen.<\/strong> Durch diese Anordnung haben Sie zeitgleich Zugriff auf alle Werkzeuge und Gegenst\u00e4nde im Koffer. Dieser durchsichtige Koffer mit F\u00e4chern ist<strong> einfach zu transportieren und<\/strong> <strong>ideal f\u00fcr kleines Werkzeug geei<\/strong>gnet; Sie erkennen auf einen Blick den Inhalt jedes Fachs.<\/p>\n<p>Das aus <strong>Polypropylen<\/strong>, auch als PP bekannt, gefertigte durchsichtige Koffermodell mit F\u00e4chern R2C ist robust, funktional und pflegeleicht.<br \/>\nSie haben die M\u00f6glichkeit, per Siebdruck oder Digitaldruck Ihr Logo, Ihre Signatur, ein Bild oder einen Text au\u00dfen auf der H\u00fclle dieses Koffermodells anzubringen, um es attraktiver und auff\u00e4lliger zu machen und es mit Ihrem Corporate Design in Einklang zu bringen.<\/p>\n<p><strong>Anwendungsbeispiele des Modells R2C:<\/strong> Ersatzteilset, Schrauben, Eisenwaren, Produktproben, Werkzeugkasten, Kasten f\u00fcr kleines Werkzeug, durchsichtiger Koffer mit F\u00e4chern f\u00fcr Heimwerker-Utensilien, Kreativspiele, N\u00e4hbedarf\u00a0\u2026<\/p>\n<p>Erleben Sie auch die Modelle R2 und R2T sowie die anderen Produkte des Katalogs von Gaggione E-plasticase. Dieses Modell kann auch mit einer Wandhalterung kombiniert werden, damit dieser Koffer mit F\u00e4chern jederzeit griffbereit bleibt.<\/p>\n<p><strong>Laden Sie sich am besten gleich den Katalog von Gaggione E-plasticase herunter.<\/strong><\/p>\n<p><strong>Die Marke E-plasticase unter der Lupe:<\/strong> Das in Frankreich beheimatete Unternehmen Gaggione E-plasticase ist ein bedeutender Akteur des Plastics Valley und schafft an seinem Standort Arbeitspl\u00e4tze f\u00fcr die Region. Die Marke versorgt seit mehreren Jahrzehnten Vertreter aller Branchen mit individuell gestalteten K\u00e4sten, Koffern und Kisten \u2013 100\u00a0% Made in France.<\/p>\n","protected":false},"excerpt":{"rendered":"<ul>\n<li>Kleine Kunststoffkoffer mit durchsichtigem Deckel, und 10 feststehenden Abteilungen mit unterschiedlichen Gr\u00f6ssen<\/li>\n<li>Wandtr\u00e4ger verf\u00fcgbar (RB)<\/li>\n<\/ul>\n","protected":false},"featured_media":8905,"template":"","meta":[],"product_cat":[105],"product_tag":[],"class_list":{"0":"post-3877","1":"product","2":"type-product","3":"status-publish","4":"has-post-thumbnail","6":"product_cat-minimalist-de","7":"pa_couleur-transparent-pp-de","8":"pa_hauteur-713","9":"pa_hauteur-exterieur-709","10":"pa_largeur-1614","11":"pa_largeur-exterieur-189-de","12":"pa_longueur-710","13":"pa_longueur-exterieur-712","14":"pa_matiere-durchsichtiges-polypropylen","15":"pa_poids_unitaire-0-277-kg-de","16":"pa_poids-dun-carton-6-60-kg-de","17":"pa_support-mural-ja","18":"pa_transparence-ja","19":"pa_unite-de-conditionnement-20-de","20":"pa_volume-dun-carton-0-048-m3-de","22":"first","23":"instock","24":"shipping-taxable","25":"product-type-variable","26":"product-type-zakeke","27":"product-type-external"},"df_price":"","df_sale_price":"","df_regular_price":"","df_image_link":"https:\/\/www.e-plasticase.com\/wp-content\/uploads\/2018\/03\/ZR201319000-R2C-1-300x200.jpg","_links":{"self":[{"href":"https:\/\/www.e-plasticase.com\/de\/wp-json\/wp\/v2\/product\/3877","targetHints":{"allow":["GET"]}}],"collection":[{"href":"https:\/\/www.e-plasticase.com\/de\/wp-json\/wp\/v2\/product"}],"about":[{"href":"https:\/\/www.e-plasticase.com\/de\/wp-json\/wp\/v2\/types\/product"}],"wp:featuredmedia":[{"embeddable":true,"href":"https:\/\/www.e-plasticase.com\/de\/wp-json\/wp\/v2\/media\/8905"}],"wp:attachment":[{"href":"https:\/\/www.e-plasticase.com\/de\/wp-json\/wp\/v2\/media?parent=3877"}],"wp:term":[{"taxonomy":"product_cat","embeddable":true,"href":"https:\/\/www.e-plasticase.com\/de\/wp-json\/wp\/v2\/product_cat?post=3877"},{"taxonomy":"product_tag","embeddable":true,"href":"https:\/\/www.e-plasticase.com\/de\/wp-json\/wp\/v2\/product_tag?post=3877"}],"curies":[{"name":"wp","href":"https:\/\/api.w.org\/{rel}","templated":true}]}}