{"id":3871,"date":"2018-03-09T09:50:28","date_gmt":"2018-03-09T16:10:28","guid":{"rendered":"https:\/\/www.e-plasticase.com\/produit\/g1t\/"},"modified":"2025-08-01T09:38:29","modified_gmt":"2025-08-01T07:38:29","slug":"g1t","status":"publish","type":"product","link":"https:\/\/www.e-plasticase.com\/de\/produkt\/minimalist-de\/g1t\/","title":{"rendered":"G1T"},"content":{"rendered":"<p>Das Modell G1T des Sortiments <strong>MINIMALIST<\/strong> ist ein <strong>durchsichtiger Mini-Koffer<\/strong> (mit den Innenma\u00dfen 135 mm x 94 mm x 31 mm) mit <strong>abstehendem Griff<\/strong>. Sein ebenso <strong>ergonomisches wie \u00e4sthetisches<\/strong> <strong>Design<\/strong> macht ihn zur idealen L\u00f6sung f\u00fcr die Aufbewahrung von kleinem Werkzeug, f\u00fcr die <strong>Bereiche Wartung, Kosmetik, Schmuck, Kommunikation, Freizeit und DIY\u00a0\u2026<\/strong><\/p>\n<p>Er kann individuell <strong>gestaltet<\/strong> werden und Sie haben die M\u00f6glichkeit, <strong>au\u00dfen auf diesem durchsichtigen Mini-Koffer per Digital<\/strong>&#8211; oder Siebdruck ein <strong>Logo<\/strong>, ein <strong>Bild<\/strong> oder einen <strong>Text<\/strong> <strong>anzubringen<\/strong>, um einen <strong>Koffer zu gestalten<\/strong>, der perfekt an Ihren Bedarf angepasst ist. <strong>Das Innere, kann ebenfalls individuell gestaltet<\/strong> werden, unser Team erstellt f\u00fcr Sie einen Entwurf nach Ma\u00df, um den Inhalt dieses Mini-Koffers zu halten, zu pr\u00e4sentieren und zu sch\u00fctzen.<\/p>\n<p>Dieser durchsichtige Mini-Koffer ist vollkommen aus <strong>Polypropylen<\/strong> (auch PP genannt) hergestellt, das eine langfristige Nutzung, eine gro\u00dfe Best\u00e4ndigkeit und eine einfache Pflege erm\u00f6glicht. Weitere Modelle dieses Format sind erh\u00e4ltlich, lichtundurchl\u00e4ssig wie das Modell G1 (Beige, Blau, Graublau, Hellgrau, Gelb, Schwarz, Rot) und durchsichtig wie Kristallglas, etwa das Modell G3 (PS Kristall) oder G2 (PMMA Choc).<br \/>\nAnwendungsbeispiele des Modells G1: Wasseranalyse-Set, Thermoanalyse-Set, kleiner Werkzeugkasten, durchsichtiger Mini-Freizeitkoffer, Koffer f\u00fcr Kreativspiele\u00a0\u2026<\/p>\n<p><strong>Kontaktieren Sie am besten gleich das Team von E-plasticase, um Ihren individuellen<\/strong> <strong>Kostenvoranschlag zu erhalten und erhalten Sie den Koffer, der genau Ihren Bed\u00fcrfnissen entspricht.<\/strong><\/p>\n<p><strong>Die Marke E-plasticase unter der Lupe<\/strong>: Das vor mehr als 55 Jahren gegr\u00fcndete Unternehmen GAGGIONE E-plasticase mit Sitz zwischen Lyon und Genf ist ein bedeutender Akteur bei der Konzeption, der Herstellung und dem Vertrieb von Thermoplastteilen f\u00fcr Verpackungen. GAGGIONE bietet Ihnen eine komplett in Frankreich angesiedelte und nach ISO 9001:2015 zertifizierte Produktion und kann Ihnen auf diese Weise nachhaltige und hochwertige Produkte garantieren.<\/p>\n","protected":false},"excerpt":{"rendered":"<ul>\n<li>Minikoffer &#8211; Durchsichtig beide Seiten<\/li>\n<li>verf\u00fcgbar in verschiedene Kunststoffe und Aussehen : siehe G1, G2 und G3<\/li>\n<li>Anwendungen: Kleine Werkzeuge, Medizinische Ger\u00e4te, Werbung, Schule<\/li>\n<\/ul>\n","protected":false},"featured_media":49318,"template":"","meta":[],"product_cat":[105],"product_tag":[],"class_list":{"0":"post-3871","1":"product","2":"type-product","3":"status-publish","4":"has-post-thumbnail","6":"product_cat-minimalist-de","7":"pa_couleur-transparent-pp-de","8":"pa_hauteur-690","9":"pa_hauteur-exterieur-687","10":"pa_largeur-1600","11":"pa_largeur-exterieur-127-de","12":"pa_longueur-689","13":"pa_longueur-exterieur-688","14":"pa_matiere-durchsichtiges-polypropylen","15":"pa_poids_unitaire-0-096-kg-de","16":"pa_poids-dun-carton-12-00-kg-de","17":"pa_transparence-ja","18":"pa_unite-de-conditionnement-100-de","19":"pa_volume-dun-carton-0-080-m3-de","21":"first","22":"instock","23":"shipping-taxable","24":"product-type-variable","25":"product-type-zakeke","26":"product-type-external"},"df_price":"","df_sale_price":"","df_regular_price":"","df_image_link":"https:\/\/www.e-plasticase.com\/wp-content\/uploads\/2018\/03\/ZG1013-2-300x200.jpg","_links":{"self":[{"href":"https:\/\/www.e-plasticase.com\/de\/wp-json\/wp\/v2\/product\/3871","targetHints":{"allow":["GET"]}}],"collection":[{"href":"https:\/\/www.e-plasticase.com\/de\/wp-json\/wp\/v2\/product"}],"about":[{"href":"https:\/\/www.e-plasticase.com\/de\/wp-json\/wp\/v2\/types\/product"}],"wp:featuredmedia":[{"embeddable":true,"href":"https:\/\/www.e-plasticase.com\/de\/wp-json\/wp\/v2\/media\/49318"}],"wp:attachment":[{"href":"https:\/\/www.e-plasticase.com\/de\/wp-json\/wp\/v2\/media?parent=3871"}],"wp:term":[{"taxonomy":"product_cat","embeddable":true,"href":"https:\/\/www.e-plasticase.com\/de\/wp-json\/wp\/v2\/product_cat?post=3871"},{"taxonomy":"product_tag","embeddable":true,"href":"https:\/\/www.e-plasticase.com\/de\/wp-json\/wp\/v2\/product_tag?post=3871"}],"curies":[{"name":"wp","href":"https:\/\/api.w.org\/{rel}","templated":true}]}}