{"id":3865,"date":"2018-03-09T09:38:58","date_gmt":"2018-03-09T16:25:58","guid":{"rendered":"https:\/\/www.e-plasticase.com\/produit\/r2t\/"},"modified":"2025-08-01T09:40:39","modified_gmt":"2025-08-01T07:40:39","slug":"r2t","status":"publish","type":"product","link":"https:\/\/www.e-plasticase.com\/de\/produkt\/minimalist-de\/r2t\/","title":{"rendered":"R2T"},"content":{"rendered":"<p>Dieses Modell ist gr\u00f6\u00dfer (Innenma\u00dfe de 222 mm x 160 mm x 39mm) als das Modell G1T, verf\u00fcgt jedoch \u00fcber ein vergleichbares Design und einen <strong>abstehenden Griff<\/strong>, die es ebenso <strong>professionell wie praktisch machen<\/strong>. Es ist aus <strong>Polypropylen<\/strong> (oder PP) gefertigt, einem Material, <strong>das f\u00fcr einen effizienten und \u00e4sthetischen<\/strong> Schutz <strong>Ihrer Produkte und Werkzeuge sorgt<\/strong>. Dieses Koffermodell <strong>aus durchsichtigem Kunststoff l\u00e4sst seinen Inhalt erkennen und garantiert einen effizienten Schutz.<\/strong><\/p>\n<p>Das Modell R2T kann, wie alle Koffer des Katalogs von e-plasticase, <strong>vollst\u00e4ndig individuell gestaltet<\/strong> werden. Auf der <strong>Au\u00dfenseite<\/strong> ist es m\u00f6glich, per <strong>Digital<\/strong>&#8211; oder <strong>Siebdruck<\/strong> ein <strong>Logo<\/strong>, ein <strong>Foto<\/strong> oder einen <strong>Text<\/strong> anzubringen und so den Koffer an Ihren Bedarf anzupassen. Im <strong>Innern<\/strong> haben Sie die M\u00f6glichkeit, <strong>eine ma\u00dfgefertigte Auskleidung (aus Schaumstoff oder per Thermoformung)<\/strong> <strong>einzusetzen<\/strong>, um den Inhalt dieses Koffers hervorzuheben, zu pr\u00e4sentieren, zu sch\u00fctzen und zu halten.<\/p>\n<p>Dank der Durchsichtigkeit des Modells R2T k\u00f6nnen Sie auf den beiden Oberfl\u00e4chen des Koffers mithilfe eines schlichte, von Ihnen ausgedruckten Blattes bequem kommunizieren, das zudem an den Inhalt und die endg\u00fcltige Bestimmung des Koffers angepasst werden kann.<\/p>\n<p>Das Modell aus durchsichtigem Kunststoff R2T <strong>existiert auch als undurchsichtige Version<\/strong> (siehe R2, in 9 Farbt\u00f6nen Beige, Wei\u00df, Blau, Graublau, Hellgrau, Gelb, Schwarz, Rot, Gr\u00fcn) sowie mit <strong>festen Verschl\u00fcssen<\/strong> (siehe R2C). Sie haben ferner die M\u00f6glichkeit, diesen Koffer mit der <strong>Wandhalterung RB<\/strong> zu kombinieren, um ihn f\u00fcr alle gut sichtbar und jederzeit zug\u00e4nglich aufzubewahren.<\/p>\n<p><a href=\"https:\/\/www.e-plasticase.com\/de\/kontakt\/\">Die Experten des Teams von e-plasticase sind jederzeit f\u00fcr Sie da, um Sie \u00fcber den Katalog von Gaggione zu informieren oder Ihre Anfragen nach Informationen oder einem Kostenvoranschlag zu beantworten.<\/a><\/p>\n<p><strong>Anwendungsbeispiele des Modells R2T:<\/strong> Transportkoffer f\u00fcr Kontroll- und Diagnosesets, Tierarztsets, Erste-Hilfe-Koffer, Koffer aus durchsichtigem Kunststoff f\u00fcr die Produktwerbung, DIY, Kreativspiele f\u00fcr Kinder, N\u00e4hbedarf\u00a0\u2026<\/p>\n<p><strong>Die Marke E-PLASTICASE unter der Lupe:<\/strong> Gaggione ist nach ISO 9001:2015 zertifiziert und bem\u00fcht sich t\u00e4glich, seinen Kunden best\u00e4ndige und hochwertige K\u00e4sten, Koffer, Etuis und Schatullen zu liefern. E-plasticase ist im franz\u00f6sischen Departement Ain zuhause und garantiert Ihnen gro\u00dfes Know-how und eine vollst\u00e4ndig franz\u00f6sische Herstellung.<\/p>\n","protected":false},"excerpt":{"rendered":"<ul>\n<li>Kleine Kunststoffkoffer mit herausstehenden halbintegrierten Griffen, und durchsichtigem Deckel<\/li>\n<li>undurchsichtig verf\u00fcgbar (R2), oder mit Zwischenw\u00e4nden (R2C)<\/li>\n<li>Anwendungen: Sussigkeiten, Kosmetik, Spinnstoff, Werkzeuge&#8230;<\/li>\n<\/ul>\n","protected":false},"featured_media":8876,"template":"","meta":[],"product_cat":[105],"product_tag":[],"class_list":{"0":"post-3865","1":"product","2":"type-product","3":"status-publish","4":"has-post-thumbnail","6":"product_cat-minimalist-de","7":"pa_couleur-transparent-pp-de","8":"pa_hauteur-713","9":"pa_hauteur-exterieur-709","10":"pa_largeur-1614","11":"pa_largeur-exterieur-189-de","12":"pa_longueur-710","13":"pa_longueur-exterieur-712","14":"pa_matiere-polypropylen","15":"pa_poids_unitaire-0-226-kg-de","16":"pa_poids-dun-carton-5-80-kg-de","17":"pa_support-mural-ja","18":"pa_transparence-ja","19":"pa_unite-de-conditionnement-20-de","20":"pa_volume-dun-carton-0-048-m3-de","22":"first","23":"instock","24":"shipping-taxable","25":"product-type-variable","26":"product-type-zakeke","27":"product-type-external"},"df_price":"","df_sale_price":"","df_regular_price":"","df_image_link":"https:\/\/www.e-plasticase.com\/wp-content\/uploads\/2018\/03\/ZR2013-1-300x200.jpg","_links":{"self":[{"href":"https:\/\/www.e-plasticase.com\/de\/wp-json\/wp\/v2\/product\/3865","targetHints":{"allow":["GET"]}}],"collection":[{"href":"https:\/\/www.e-plasticase.com\/de\/wp-json\/wp\/v2\/product"}],"about":[{"href":"https:\/\/www.e-plasticase.com\/de\/wp-json\/wp\/v2\/types\/product"}],"wp:featuredmedia":[{"embeddable":true,"href":"https:\/\/www.e-plasticase.com\/de\/wp-json\/wp\/v2\/media\/8876"}],"wp:attachment":[{"href":"https:\/\/www.e-plasticase.com\/de\/wp-json\/wp\/v2\/media?parent=3865"}],"wp:term":[{"taxonomy":"product_cat","embeddable":true,"href":"https:\/\/www.e-plasticase.com\/de\/wp-json\/wp\/v2\/product_cat?post=3865"},{"taxonomy":"product_tag","embeddable":true,"href":"https:\/\/www.e-plasticase.com\/de\/wp-json\/wp\/v2\/product_tag?post=3865"}],"curies":[{"name":"wp","href":"https:\/\/api.w.org\/{rel}","templated":true}]}}