{"id":3837,"date":"2018-03-09T09:40:40","date_gmt":"2018-03-09T16:34:40","guid":{"rendered":"https:\/\/www.e-plasticase.com\/produit\/r2\/"},"modified":"2025-10-27T13:51:05","modified_gmt":"2025-10-27T12:51:05","slug":"r2","status":"publish","type":"product","link":"https:\/\/www.e-plasticase.com\/de\/produkt\/classic-de\/r2\/","title":{"rendered":"R2"},"content":{"rendered":"<p>Das Modell R2 ist ein <strong>kleiner Koffer mit integriertem Griff und ab 100 St\u00fcck in 7 Farbt\u00f6nen<\/strong> (Wei\u00df, Blau, Graublau, Hellgrau, Gelb, Schwarz, Rot) erh\u00e4ltlich.<\/p>\n<p>Seine Ma\u00dfe, die fast mit dem <strong>Innenvolumen A5<\/strong> (222 mm x 160 mm x 39 mm) identisch sind, machen dieses Modell zur <strong>idealen L\u00f6sung f\u00fcr eine Verwendung im medizinischen Bereich, f\u00fcr kleine Instrumente oder Werkzeug\u00a0&#8230;<\/strong> f\u00fcr dieses Modell ist zudem <strong>eine Wandhalterung<\/strong> in mehreren Farbt\u00f6nen (Wei\u00df, Rot, Durchsichtig PP (milchig\/milky)) erh\u00e4ltlich. Diese Halterungen machen die K\u00e4sten im Notfall immer gut sichtbar und zug\u00e4nglich.<\/p>\n<p>Der Koffer mit Griff R2 kann, wie alle Koffer von E-PLASTICASE, <strong>vollst\u00e4ndig individuell gestaltet werden<\/strong>. Die Innenauskleidungen aus Schaumstoff oder in Thermoformung erm\u00f6glichen es, den Inhalt dieses Koffers zu halten, zu pr\u00e4sentieren und hervorzuheben. <strong>Diese ma\u00dfgefertigten Auskleidungen machen<\/strong> die Nutzung und den Zugang zum Inhalt des Modells R2 einfacher.<strong> Auch das \u00c4u\u00dfere kann mithilfe von zwei Verfahren individuell gestaltet werden<\/strong>. Der Siebdruck ist ideal f\u00fcr das Aufbringen eines Logos und einfacher Beschriftungen, w\u00e4hrend die digitale Beschriftung (auch Beschriftung per Tintenstrahldruck genannt), das Aufbringen komplexerer Beschriftungen, von Fotos, Grafiken oder Illustrationen erlaubt. Anschlie\u00dfend wird die Beschriftung unabl\u00f6sbar gemacht, wodurch die Koffer eine lange Lebensdauer erhalten.<\/p>\n<p>Diese Koffer mit Griff werden so zu <strong>unverzichtbaren Begleitern auf Reisen, bei Eins\u00e4tzen oder Pr\u00e4sentationen.<\/strong><\/p>\n<p>Sie k\u00f6nnen sich Ihre Beschriftung sofort mithilfe unseres Instruments zur individuellen Gestaltung ansehen (nachdem Sie Ihr Modell und die Kofferfarbe ausgew\u00e4hlt haben).<\/p>\n<p><strong>Anwendungsbeispiele f\u00fcr das Modell R2:<\/strong> Erste-Hilfe-Kasten, Kasten f\u00fcr kleines Werkzeug, Notfallkasten, Kasten f\u00fcr die Pannenhilfe\u00a0&#8230;<\/p>\n<p><strong>Die Marke E-PLASTICASE unter der Lupe:<\/strong> GAGGIONE E-Plasticase ist ein auf die Konzeption, die Herstellung und den Vertrieb von Bauteilen im Thermoplast- und Silikonspritzguss spezialisiertes Unternehmen. Als Experte in seinem Bereich bietet Ihnen E-plasticase w\u00e4hrend der Gestaltung Ihres Kastens, der perfekt an Ihre Bed\u00fcrfnisse und Anforderungen angepasst ist, eine Betreuung von A bis Z.<\/p>\n<p><a href=\"https:\/\/www.gaggione.com\/en\/technical-cases-eplasticase\/\">Lernen Sie die ganze Geschichte des Unternehmens Gaggione kennen.<\/a><\/p>\n<ul>\n<li style=\"list-style-type: none;\"><\/li>\n<\/ul>\n","protected":false},"excerpt":{"rendered":"<ul>\n<li>Kleine Kunststoffkoffer mit herausstehenden halbintegrierten Griffen, feink\u00f6rnig<\/li>\n<li>Verf\u00fcgbar in transparent : R2T und mit Zwischenw\u00e4nden : R2C<\/li>\n<li>Anwendungen: 1ste Hilfe, Werkzeuge, Kosmetik, Freizeit&#8230;<\/li>\n<\/ul>\n","protected":false},"featured_media":8410,"template":"","meta":[],"product_cat":[108],"product_tag":[],"class_list":{"0":"post-3837","1":"product","2":"type-product","3":"status-publish","4":"has-post-thumbnail","6":"product_cat-classic-de","7":"pa_couleur-blau","8":"pa_couleur-blaues_grau","9":"pa_couleur-gelb","10":"pa_couleur-hellgrau","11":"pa_couleur-rot","12":"pa_couleur-schwarz","13":"pa_couleur-weis","14":"pa_hauteur-713","15":"pa_hauteur-exterieur-709","16":"pa_largeur-1614","17":"pa_largeur-exterieur-189-de","18":"pa_longueur-710","19":"pa_longueur-exterieur-712","20":"pa_matiere-polypropylen","21":"pa_poids_unitaire-0-241kg-de","22":"pa_poids-dun-carton-5-80-kg-de","23":"pa_support-mural-ja","24":"pa_transparence-nein","25":"pa_unite-de-conditionnement-20-de","26":"pa_volume-dun-carton-0-048-m3-de","28":"first","29":"instock","30":"shipping-taxable","31":"product-type-variable","32":"product-type-zakeke","33":"product-type-external"},"df_price":"","df_sale_price":"","df_regular_price":"","df_image_link":"https:\/\/www.e-plasticase.com\/wp-content\/uploads\/2018\/03\/ZR2009-300x200.jpg","_links":{"self":[{"href":"https:\/\/www.e-plasticase.com\/de\/wp-json\/wp\/v2\/product\/3837","targetHints":{"allow":["GET"]}}],"collection":[{"href":"https:\/\/www.e-plasticase.com\/de\/wp-json\/wp\/v2\/product"}],"about":[{"href":"https:\/\/www.e-plasticase.com\/de\/wp-json\/wp\/v2\/types\/product"}],"wp:featuredmedia":[{"embeddable":true,"href":"https:\/\/www.e-plasticase.com\/de\/wp-json\/wp\/v2\/media\/8410"}],"wp:attachment":[{"href":"https:\/\/www.e-plasticase.com\/de\/wp-json\/wp\/v2\/media?parent=3837"}],"wp:term":[{"taxonomy":"product_cat","embeddable":true,"href":"https:\/\/www.e-plasticase.com\/de\/wp-json\/wp\/v2\/product_cat?post=3837"},{"taxonomy":"product_tag","embeddable":true,"href":"https:\/\/www.e-plasticase.com\/de\/wp-json\/wp\/v2\/product_tag?post=3837"}],"curies":[{"name":"wp","href":"https:\/\/api.w.org\/{rel}","templated":true}]}}