{"id":3822,"date":"2018-03-09T09:42:41","date_gmt":"2018-03-09T08:42:41","guid":{"rendered":"https:\/\/www.e-plasticase.com\/?post_type=product&#038;p=3822"},"modified":"2025-08-01T09:39:44","modified_gmt":"2025-08-01T07:39:44","slug":"g3","status":"publish","type":"product","link":"https:\/\/www.e-plasticase.com\/de\/produkt\/minimalist-de\/g3\/","title":{"rendered":"G3"},"content":{"rendered":"<p>Das Modell G3, dessen Design demjenigen der Modelle G2 und G1T \u00e4hnelt, geh\u00f6rt zu den Modellen durchsichtiger <strong>Mini-Koffer mit abstehendem Griff des Katalogs von Gaggione E-plasticase.<\/strong> Dank seiner geringen Gr\u00f6\u00dfe ist dieser Mini-Koffer ebenso <strong>praktisch zu transportieren wie aufzubewahren.<\/strong><\/p>\n<p>Das einzige aus <strong>Polystyrol<\/strong> (auch PS genannt) hergestellte Modell hat ein unvergleichliches und hochwertiges durchsichtiges Aussehen. Bei diesem Modell sind nur die Scharniere aus Polypropylen hergestellt, was ein h\u00e4ufiges \u00d6ffnen und Schlie\u00dfen sowie eine langfristige Nutzung erm\u00f6glicht.<\/p>\n<p>Dieses vollkommen durchsichtige Modell eines Mini-Koffers ist die <strong>ideale L\u00f6sung, um seinen Inhalt zu sch\u00fctzen und sichtbar aufzubewahren.<\/strong> Dieses Modell ist die ideale L\u00f6sung f\u00fcr die Bereiche Freizeit und Werbung \u2013 auch in Verkaufspunkten \u2013 und bietet seinen Nutzern einen hochwertigen und best\u00e4ndigen Schutzbeh\u00e4lter.<\/p>\n<p>Das Modell kann <strong>vollst\u00e4ndig individuell gestaltet werden<\/strong>. Ein Mitglied des <strong>Teams von Gaggione e-plasticase begleitet Sie gerne bei der Auswahl der individuellen Gestaltung innen und au\u00dfen<\/strong>. Das Innere kann aus Schaumstoff oder per Thermoformung ma\u00dfgefertigt werden, um den Inhalt des Koffers bestm\u00f6glich zu halten und zu pr\u00e4sentieren. Au\u00dfen wiederum k\u00f6nnen Sie per Digital- oder Siebdruck ein Bild, ein Logo oder einen Text anbringen.<\/p>\n<p>Dank der <strong>kristallklaren Durchsichtigkeit des Modells G3 k\u00f6nnen Sie auf den beiden Fl\u00e4chen des Koffers problemlos Ihre Kommunikation anbringen<\/strong>, mithilfe eines Blatts, das an die jeweiligen Produktsets und Ziell\u00e4nder des Koffers angepasst ist.<\/p>\n<p><strong>Lernen Sie am besten sofort die mit dem Koffer\u00a0G3 vergleichbaren Modelle sowie den gesamten Katalog von E-plasticase kennen.<\/strong><\/p>\n<p><strong>Anwendungsbeispiele des Modells G3:<\/strong> durchsichtiger Mini-Koffer f\u00fcr Kreativspiele und -aktivit\u00e4ten f\u00fcr Kinder, DIY, kleiner Notfallkoffer, Geschenk, regionale Produkte f\u00fcr Touristen, Produkte und Accessoires f\u00fcr die Sch\u00f6nheitspflege\u00a0\u2026<\/p>\n<p><strong>Das Unternehmen E-plasticase unter der Lupe:<\/strong> Das im Herzen des franz\u00f6sischen Departements Ain beheimatete Unternehmen Gaggione E-plasticase ber\u00e4t und beliefert seit vielen Jahrzehnten Vertreter der unterschiedlichsten Branchen mit K\u00e4sten, Kisten zur Aufbewahrung, Koffern und Etuis aus Kunststoff. Das Unternehmen garantiert Ihnen eine nach ISO 9001:2015 zertifizierte Qualit\u00e4t und ein erstklassiges Know-how \u2013 zu 100\u00a0% Made in France.<\/p>\n","protected":false},"excerpt":{"rendered":"<ul>\n<li>Kristallklarer Mini Koffer<\/li>\n<li>Andere Kunststoffe und Aussehen : siehe G1, G1T und G2<\/li>\n<li>Applications : kleine Werkzeuge, Kosmetics, Werbung<\/li>\n<\/ul>\n","protected":false},"featured_media":7960,"template":"","meta":[],"product_cat":[105],"product_tag":[],"class_list":{"0":"post-3822","1":"product","2":"type-product","3":"status-publish","4":"has-post-thumbnail","6":"product_cat-minimalist-de","7":"pa_couleur-cristal-de","8":"pa_hauteur-690","9":"pa_hauteur-exterieur-687","10":"pa_largeur-1600","11":"pa_largeur-exterieur-127-de","12":"pa_longueur-689","13":"pa_longueur-exterieur-688","14":"pa_matiere-kristallklares-polystyrol","15":"pa_poids_unitaire-0-106-kg-de","16":"pa_poids-dun-carton-12-00-kg-de","17":"pa_transparence-ja","18":"pa_unite-de-conditionnement-100-de","19":"pa_volume-dun-carton-0-080-m3-de","21":"first","22":"instock","23":"shipping-taxable","24":"product-type-variable","25":"product-type-zakeke","26":"product-type-external"},"df_price":"","df_sale_price":"","df_regular_price":"","df_image_link":"https:\/\/www.e-plasticase.com\/wp-content\/uploads\/2018\/03\/ZG3012-300x200.jpg","_links":{"self":[{"href":"https:\/\/www.e-plasticase.com\/de\/wp-json\/wp\/v2\/product\/3822","targetHints":{"allow":["GET"]}}],"collection":[{"href":"https:\/\/www.e-plasticase.com\/de\/wp-json\/wp\/v2\/product"}],"about":[{"href":"https:\/\/www.e-plasticase.com\/de\/wp-json\/wp\/v2\/types\/product"}],"wp:featuredmedia":[{"embeddable":true,"href":"https:\/\/www.e-plasticase.com\/de\/wp-json\/wp\/v2\/media\/7960"}],"wp:attachment":[{"href":"https:\/\/www.e-plasticase.com\/de\/wp-json\/wp\/v2\/media?parent=3822"}],"wp:term":[{"taxonomy":"product_cat","embeddable":true,"href":"https:\/\/www.e-plasticase.com\/de\/wp-json\/wp\/v2\/product_cat?post=3822"},{"taxonomy":"product_tag","embeddable":true,"href":"https:\/\/www.e-plasticase.com\/de\/wp-json\/wp\/v2\/product_tag?post=3822"}],"curies":[{"name":"wp","href":"https:\/\/api.w.org\/{rel}","templated":true}]}}