{"id":466,"date":"2018-01-22T10:42:45","date_gmt":"2018-01-22T09:42:45","guid":{"rendered":"https:\/\/www.e-plasticase.com\/?page_id=466"},"modified":"2026-03-30T16:41:42","modified_gmt":"2026-03-30T14:41:42","slug":"unternehmen","status":"publish","type":"page","link":"https:\/\/www.e-plasticase.com\/de\/unternehmen\/","title":{"rendered":"Unternehmen"},"content":{"rendered":"\t\t<div data-elementor-type=\"wp-page\" data-elementor-id=\"466\" class=\"elementor elementor-466 elementor-47\" data-elementor-post-type=\"page\">\n\t\t\t\t\t\t<section class=\"elementor-section elementor-top-section elementor-element elementor-element-3ba492f elementor-section-content-middle elementor-section-stretched elementor-section-boxed elementor-section-height-default elementor-section-height-default\" data-id=\"3ba492f\" data-element_type=\"section\" data-e-type=\"section\" data-settings=\"{&quot;stretch_section&quot;:&quot;section-stretched&quot;,&quot;background_background&quot;:&quot;slideshow&quot;,&quot;background_slideshow_gallery&quot;:[{&quot;id&quot;:19485,&quot;url&quot;:&quot;https:\\\/\\\/www.e-plasticase.com\\\/wp-content\\\/uploads\\\/2021\\\/07\\\/pexels-pixabay-433108-1-scaled-1.jpg&quot;}],&quot;background_slideshow_loop&quot;:&quot;yes&quot;,&quot;background_slideshow_slide_duration&quot;:5000,&quot;background_slideshow_slide_transition&quot;:&quot;fade&quot;,&quot;background_slideshow_transition_duration&quot;:500}\">\n\t\t\t\t\t\t<div class=\"elementor-container elementor-column-gap-default\">\n\t\t\t\t\t<div class=\"elementor-column elementor-col-100 elementor-top-column elementor-element elementor-element-c139173\" data-id=\"c139173\" data-element_type=\"column\" data-e-type=\"column\" data-settings=\"{&quot;background_background&quot;:&quot;classic&quot;}\">\n\t\t\t<div class=\"elementor-widget-wrap elementor-element-populated\">\n\t\t\t\t\t\t<div class=\"elementor-element elementor-element-fe4ada0 elementor-widget elementor-widget-heading\" data-id=\"fe4ada0\" data-element_type=\"widget\" data-e-type=\"widget\" data-widget_type=\"heading.default\">\n\t\t\t\t<div class=\"elementor-widget-container\">\n\t\t\t\t\t<h1 class=\"elementor-heading-title elementor-size-default\">Gaggione e-plasticase<\/h1>\t\t\t\t<\/div>\n\t\t\t\t<\/div>\n\t\t\t\t<div class=\"elementor-element elementor-element-db7c8fc animated-slow elementor-invisible elementor-widget elementor-widget-heading\" data-id=\"db7c8fc\" data-element_type=\"widget\" data-e-type=\"widget\" data-settings=\"{&quot;_animation&quot;:&quot;fadeInDown&quot;}\" data-widget_type=\"heading.default\">\n\t\t\t\t<div class=\"elementor-widget-container\">\n\t\t\t\t\t<h6 class=\"elementor-heading-title elementor-size-default\"><b>HERSTELLER VON KOFFERN, HANDKOFFERN, K\u00c4STEN UND KISTEN\u200b<\/b><\/h6>\t\t\t\t<\/div>\n\t\t\t\t<\/div>\n\t\t\t\t<div class=\"elementor-element elementor-element-041b324 elementor-widget elementor-widget-text-editor\" data-id=\"041b324\" data-element_type=\"widget\" data-e-type=\"widget\" data-widget_type=\"text-editor.default\">\n\t\t\t\t<div class=\"elementor-widget-container\">\n\t\t\t\t\t\t\t\t\t<p>Bei Gaggione E-Plasticase entwickeln, produzieren und verkaufen wir Koffer, Handkoffer, K\u00e4sten und Kisten f\u00fcr Firmenkunden aus den unterschiedlichsten Branchen. Vom Medizinbereich \u00fcber die Industrie und Luxusbranche bis zur Werbung: Erfahren Sie mehr \u00fcber unsere Geschichte und unser Know-how.<\/p>\t\t\t\t\t\t\t\t<\/div>\n\t\t\t\t<\/div>\n\t\t\t\t\t<\/div>\n\t\t<\/div>\n\t\t\t\t\t<\/div>\n\t\t<\/section>\n\t\t<div class=\"elementor-element elementor-element-ae41d84 e-flex e-con-boxed e-con e-parent\" data-id=\"ae41d84\" data-element_type=\"container\" data-e-type=\"container\">\n\t\t\t\t\t<div class=\"e-con-inner\">\n\t\t\t\t<div class=\"elementor-element elementor-element-30727f9 elementor-widget-divider--view-line elementor-widget elementor-widget-divider\" data-id=\"30727f9\" data-element_type=\"widget\" data-e-type=\"widget\" data-widget_type=\"divider.default\">\n\t\t\t\t<div class=\"elementor-widget-container\">\n\t\t\t\t\t\t\t<div class=\"elementor-divider\">\n\t\t\t<span class=\"elementor-divider-separator\">\n\t\t\t\t\t\t<\/span>\n\t\t<\/div>\n\t\t\t\t\t\t<\/div>\n\t\t\t\t<\/div>\n\t\t\t\t\t<\/div>\n\t\t\t\t<\/div>\n\t\t<div class=\"elementor-element elementor-element-92d8b08 e-flex e-con-boxed e-con e-parent\" data-id=\"92d8b08\" data-element_type=\"container\" data-e-type=\"container\">\n\t\t\t\t\t<div class=\"e-con-inner\">\n\t\t\t\t<div class=\"elementor-element elementor-element-2a0b68b elementor-widget elementor-widget-video\" data-id=\"2a0b68b\" data-element_type=\"widget\" data-e-type=\"widget\" data-settings=\"{&quot;youtube_url&quot;:&quot;https:\\\/\\\/www.youtube.com\\\/watch?v=9cLDAukWw8w&quot;,&quot;autoplay&quot;:&quot;yes&quot;,&quot;play_on_mobile&quot;:&quot;yes&quot;,&quot;video_type&quot;:&quot;youtube&quot;,&quot;controls&quot;:&quot;yes&quot;}\" data-widget_type=\"video.default\">\n\t\t\t\t<div class=\"elementor-widget-container\">\n\t\t\t\t\t\t\t<div class=\"elementor-wrapper elementor-open-inline\">\n\t\t\t<div class=\"elementor-video\"><\/div>\t\t<\/div>\n\t\t\t\t\t\t<\/div>\n\t\t\t\t<\/div>\n\t\t\t\t\t<\/div>\n\t\t\t\t<\/div>\n\t\t<div class=\"elementor-element elementor-element-05d1e94 e-flex e-con-boxed e-con e-parent\" data-id=\"05d1e94\" data-element_type=\"container\" data-e-type=\"container\">\n\t\t\t\t\t<div class=\"e-con-inner\">\n\t\t\t\t<div class=\"elementor-element elementor-element-efd8d6a elementor-widget-divider--view-line elementor-widget elementor-widget-divider\" data-id=\"efd8d6a\" data-element_type=\"widget\" data-e-type=\"widget\" data-widget_type=\"divider.default\">\n\t\t\t\t<div class=\"elementor-widget-container\">\n\t\t\t\t\t\t\t<div class=\"elementor-divider\">\n\t\t\t<span class=\"elementor-divider-separator\">\n\t\t\t\t\t\t<\/span>\n\t\t<\/div>\n\t\t\t\t\t\t<\/div>\n\t\t\t\t<\/div>\n\t\t\t\t\t<\/div>\n\t\t\t\t<\/div>\n\t\t\t\t<section class=\"elementor-section elementor-top-section elementor-element elementor-element-9efe70d elementor-section-content-top elementor-section-boxed elementor-section-height-default elementor-section-height-default\" data-id=\"9efe70d\" data-element_type=\"section\" data-e-type=\"section\">\n\t\t\t\t\t\t<div class=\"elementor-container elementor-column-gap-default\">\n\t\t\t\t\t<div class=\"elementor-column elementor-col-100 elementor-top-column elementor-element elementor-element-de7bd93\" data-id=\"de7bd93\" data-element_type=\"column\" data-e-type=\"column\">\n\t\t\t<div class=\"elementor-widget-wrap elementor-element-populated\">\n\t\t\t\t\t\t<div class=\"elementor-element elementor-element-5e173e3 elementor-widget elementor-widget-heading\" data-id=\"5e173e3\" data-element_type=\"widget\" data-e-type=\"widget\" data-widget_type=\"heading.default\">\n\t\t\t\t<div class=\"elementor-widget-container\">\n\t\t\t\t\t<h2 class=\"elementor-heading-title elementor-size-default\"><b>Geschichte und F\u00e4higkeiten von Gaggione\u200b<\/b><\/h2>\t\t\t\t<\/div>\n\t\t\t\t<\/div>\n\t\t\t\t<div class=\"elementor-element elementor-element-a2e14c4 elementor-widget elementor-widget-text-editor\" data-id=\"a2e14c4\" data-element_type=\"widget\" data-e-type=\"widget\" data-widget_type=\"text-editor.default\">\n\t\t\t\t<div class=\"elementor-widget-container\">\n\t\t\t\t\t\t\t\t\t<p>Das Unternehmen GAGGIONE hat seinen Sitz seit 1948 in der franz\u00f6sischen Region Rh\u00f4ne-Alpes zwischen Lyon und Genf, mitten im Herzen von La Plastics Vall\u00e9e (dem \u201ePlastic Valley\u201c)!<\/p><p>Der Firmengr\u00fcnder, Pierre Gaggione, war Spezialist in der Anfertigung von Ger\u00e4ten f\u00fcr die Einspritzung von Bauteilen in Thermoplaste. Einige Jahre sp\u00e4ter wurde das Unternehmen mit Spritzgie\u00dfmaschinen ausgestattet. Seither gilt Gaggione als Hersteller f\u00fcr hochwertige Produkte.<\/p>\t\t\t\t\t\t\t\t<\/div>\n\t\t\t\t<\/div>\n\t\t\t\t\t<\/div>\n\t\t<\/div>\n\t\t\t\t\t<\/div>\n\t\t<\/section>\n\t\t<div class=\"elementor-element elementor-element-2e4ce76 e-flex e-con-boxed e-con e-parent\" data-id=\"2e4ce76\" data-element_type=\"container\" data-e-type=\"container\">\n\t\t\t\t\t<div class=\"e-con-inner\">\n\t\t\t\t<div class=\"elementor-element elementor-element-d789798 elementor-widget-divider--view-line elementor-widget elementor-widget-divider\" data-id=\"d789798\" data-element_type=\"widget\" data-e-type=\"widget\" data-widget_type=\"divider.default\">\n\t\t\t\t<div class=\"elementor-widget-container\">\n\t\t\t\t\t\t\t<div class=\"elementor-divider\">\n\t\t\t<span class=\"elementor-divider-separator\">\n\t\t\t\t\t\t<\/span>\n\t\t<\/div>\n\t\t\t\t\t\t<\/div>\n\t\t\t\t<\/div>\n\t\t\t\t\t<\/div>\n\t\t\t\t<\/div>\n\t\t<div class=\"elementor-element elementor-element-f634bc5 e-flex e-con-boxed e-con e-parent\" data-id=\"f634bc5\" data-element_type=\"container\" data-e-type=\"container\">\n\t\t\t\t\t<div class=\"e-con-inner\">\n\t\t<div class=\"elementor-element elementor-element-6ac7d92 e-con-full e-flex e-con e-child\" data-id=\"6ac7d92\" data-element_type=\"container\" data-e-type=\"container\">\n\t\t\t\t<div class=\"elementor-element elementor-element-9585261 elementor-widget elementor-widget-heading\" data-id=\"9585261\" data-element_type=\"widget\" data-e-type=\"widget\" data-widget_type=\"heading.default\">\n\t\t\t\t<div class=\"elementor-widget-container\">\n\t\t\t\t\t<h2 class=\"elementor-heading-title elementor-size-default\"><b>GAGGIONE : Kofferherstellung seit 1965<\/b><\/h2>\t\t\t\t<\/div>\n\t\t\t\t<\/div>\n\t\t\t\t<div class=\"elementor-element elementor-element-7e492d0 elementor-widget elementor-widget-text-editor\" data-id=\"7e492d0\" data-element_type=\"widget\" data-e-type=\"widget\" data-widget_type=\"text-editor.default\">\n\t\t\t\t<div class=\"elementor-widget-container\">\n\t\t\t\t\t\t\t\t\t<p>Der T\u00e4tigkeitsbereich, die Kompetenzen sowie die jahrelange Erfahrung machen Gaggione zum absoluten Experten in Sachen :<\/p>\t\t\t\t\t\t\t\t<\/div>\n\t\t\t\t<\/div>\n\t\t\t\t<div class=\"elementor-element elementor-element-3c33c1a elementor-mobile-align-center elementor-list-item-link-full_width elementor-widget elementor-widget-icon-list\" data-id=\"3c33c1a\" data-element_type=\"widget\" data-e-type=\"widget\" data-widget_type=\"icon-list.default\">\n\t\t\t\t<div class=\"elementor-widget-container\">\n\t\t\t\t\t\t\t<ul class=\"elementor-icon-list-items\">\n\t\t\t\t\t\t\t<li class=\"elementor-icon-list-item\">\n\t\t\t\t\t\t\t\t\t\t\t<span class=\"elementor-icon-list-icon\">\n\t\t\t\t\t\t\t<i aria-hidden=\"true\" class=\"fas fa-check\"><\/i>\t\t\t\t\t\t<\/span>\n\t\t\t\t\t\t\t\t\t\t<span class=\"elementor-icon-list-text\">Konzeption von Produkten und Teilelementen<\/span>\n\t\t\t\t\t\t\t\t\t<\/li>\n\t\t\t\t\t\t\t\t<li class=\"elementor-icon-list-item\">\n\t\t\t\t\t\t\t\t\t\t\t<span class=\"elementor-icon-list-icon\">\n\t\t\t\t\t\t\t<i aria-hidden=\"true\" class=\"fas fa-check\"><\/i>\t\t\t\t\t\t<\/span>\n\t\t\t\t\t\t\t\t\t\t<span class=\"elementor-icon-list-text\">Konzeption, Fertigung und Abstimmung von Werkzeugen<\/span>\n\t\t\t\t\t\t\t\t\t<\/li>\n\t\t\t\t\t\t\t\t<li class=\"elementor-icon-list-item\">\n\t\t\t\t\t\t\t\t\t\t\t<span class=\"elementor-icon-list-icon\">\n\t\t\t\t\t\t\t<i aria-hidden=\"true\" class=\"fas fa-check\"><\/i>\t\t\t\t\t\t<\/span>\n\t\t\t\t\t\t\t\t\t\t<span class=\"elementor-icon-list-text\">Verarbeitung von Thermoplasten durch Einspritzung<\/span>\n\t\t\t\t\t\t\t\t\t<\/li>\n\t\t\t\t\t\t\t\t<li class=\"elementor-icon-list-item\">\n\t\t\t\t\t\t\t\t\t\t\t<span class=\"elementor-icon-list-icon\">\n\t\t\t\t\t\t\t<i aria-hidden=\"true\" class=\"fas fa-check\"><\/i>\t\t\t\t\t\t<\/span>\n\t\t\t\t\t\t\t\t\t\t<span class=\"elementor-icon-list-text\">Endfertigung sowie Zusammenbau, Ausstattung, Bearbeitung und Einarbeitung weiterer Komponenten<\/span>\n\t\t\t\t\t\t\t\t\t<\/li>\n\t\t\t\t\t\t<\/ul>\n\t\t\t\t\t\t<\/div>\n\t\t\t\t<\/div>\n\t\t\t\t<div class=\"elementor-element elementor-element-370021c elementor-widget elementor-widget-text-editor\" data-id=\"370021c\" data-element_type=\"widget\" data-e-type=\"widget\" data-widget_type=\"text-editor.default\">\n\t\t\t\t<div class=\"elementor-widget-container\">\n\t\t\t\t\t\t\t\t\t<p>Heute genie\u00dft Gaggione mit seinen 120 Mitarbeitern einen einhellig anerkannten Ruf bei allen Kunden und bei jedem Berufsstand, der zu den 2 Hauptbet\u00e4tigungsfeldern z\u00e4hlt : Optik &amp; Verpackung.<\/p>\t\t\t\t\t\t\t\t<\/div>\n\t\t\t\t<\/div>\n\t\t\t\t<\/div>\n\t\t<div class=\"elementor-element elementor-element-184340b e-con-full elementor-hidden-tablet e-flex e-con e-child\" data-id=\"184340b\" data-element_type=\"container\" data-e-type=\"container\">\n\t\t\t\t<div class=\"elementor-element elementor-element-31d5c02 elementor-widget__width-inherit elementor-widget elementor-widget-image\" data-id=\"31d5c02\" data-element_type=\"widget\" data-e-type=\"widget\" data-widget_type=\"image.default\">\n\t\t\t\t<div class=\"elementor-widget-container\">\n\t\t\t\t\t\t\t\t\t\t\t\t\t\t\t<img fetchpriority=\"high\" decoding=\"async\" width=\"1707\" height=\"2560\" src=\"https:\/\/www.e-plasticase.com\/wp-content\/uploads\/2025\/12\/pexels-tiger-lily-4483608-scaled-1.jpg\" class=\"attachment-full size-full wp-image-54271\" alt=\"\" srcset=\"https:\/\/www.e-plasticase.com\/wp-content\/uploads\/2025\/12\/pexels-tiger-lily-4483608-scaled-1.jpg 1707w, https:\/\/www.e-plasticase.com\/wp-content\/uploads\/2025\/12\/pexels-tiger-lily-4483608-scaled-1-200x300.jpg 200w, https:\/\/www.e-plasticase.com\/wp-content\/uploads\/2025\/12\/pexels-tiger-lily-4483608-scaled-1-683x1024.jpg 683w, https:\/\/www.e-plasticase.com\/wp-content\/uploads\/2025\/12\/pexels-tiger-lily-4483608-scaled-1-768x1152.jpg 768w, https:\/\/www.e-plasticase.com\/wp-content\/uploads\/2025\/12\/pexels-tiger-lily-4483608-scaled-1-1024x1536.jpg 1024w, https:\/\/www.e-plasticase.com\/wp-content\/uploads\/2025\/12\/pexels-tiger-lily-4483608-scaled-1-1366x2048.jpg 1366w, https:\/\/www.e-plasticase.com\/wp-content\/uploads\/2025\/12\/pexels-tiger-lily-4483608-scaled-1-600x900.jpg 600w\" sizes=\"(max-width: 1707px) 100vw, 1707px\" \/>\t\t\t\t\t\t\t\t\t\t\t\t\t\t\t<\/div>\n\t\t\t\t<\/div>\n\t\t\t\t<\/div>\n\t\t\t\t\t<\/div>\n\t\t\t\t<\/div>\n\t\t\t\t<section class=\"elementor-section elementor-top-section elementor-element elementor-element-6fe9c3a elementor-section-content-middle elementor-section-stretched elementor-section-boxed elementor-section-height-default elementor-section-height-default\" data-id=\"6fe9c3a\" data-element_type=\"section\" data-e-type=\"section\" data-settings=\"{&quot;stretch_section&quot;:&quot;section-stretched&quot;,&quot;background_background&quot;:&quot;classic&quot;}\">\n\t\t\t\t\t\t<div class=\"elementor-container elementor-column-gap-default\">\n\t\t\t\t\t<div class=\"elementor-column elementor-col-100 elementor-top-column elementor-element elementor-element-b093888\" data-id=\"b093888\" data-element_type=\"column\" data-e-type=\"column\" data-settings=\"{&quot;background_background&quot;:&quot;classic&quot;}\">\n\t\t\t<div class=\"elementor-widget-wrap elementor-element-populated\">\n\t\t\t\t\t\t<div class=\"elementor-element elementor-element-34341fd elementor-widget elementor-widget-text-editor\" data-id=\"34341fd\" data-element_type=\"widget\" data-e-type=\"widget\" data-widget_type=\"text-editor.default\">\n\t\t\t\t<div class=\"elementor-widget-container\">\n\t\t\t\t\t\t\t\t\t<p><b>Mehr als ein Hersteller ist GAGGIONE ein industrielles Haus, in dem jedes Teil eine Geschichte erz\u00e4hlt: <\/b>die von Pr\u00e4zision, Zuverl\u00e4ssigkeit und einer Leidenschaft, die von Generation zu Generation weitergegeben wird<\/p>\t\t\t\t\t\t\t\t<\/div>\n\t\t\t\t<\/div>\n\t\t\t\t\t<\/div>\n\t\t<\/div>\n\t\t\t\t\t<\/div>\n\t\t<\/section>\n\t\t<div class=\"elementor-element elementor-element-851e8e8 e-flex e-con-boxed e-con e-parent\" data-id=\"851e8e8\" data-element_type=\"container\" data-e-type=\"container\">\n\t\t\t\t\t<div class=\"e-con-inner\">\n\t\t\t\t<div class=\"elementor-element elementor-element-75634a0 elementor-widget-divider--view-line elementor-widget elementor-widget-divider\" data-id=\"75634a0\" data-element_type=\"widget\" data-e-type=\"widget\" data-widget_type=\"divider.default\">\n\t\t\t\t<div class=\"elementor-widget-container\">\n\t\t\t\t\t\t\t<div class=\"elementor-divider\">\n\t\t\t<span class=\"elementor-divider-separator\">\n\t\t\t\t\t\t<\/span>\n\t\t<\/div>\n\t\t\t\t\t\t<\/div>\n\t\t\t\t<\/div>\n\t\t\t\t\t<\/div>\n\t\t\t\t<\/div>\n\t\t\t\t<section class=\"elementor-section elementor-top-section elementor-element elementor-element-848f42f elementor-section-boxed elementor-section-height-default elementor-section-height-default\" data-id=\"848f42f\" data-element_type=\"section\" data-e-type=\"section\">\n\t\t\t\t\t\t<div class=\"elementor-container elementor-column-gap-default\">\n\t\t\t\t\t<div class=\"elementor-column elementor-col-100 elementor-top-column elementor-element elementor-element-a36ee75\" data-id=\"a36ee75\" data-element_type=\"column\" data-e-type=\"column\">\n\t\t\t<div class=\"elementor-widget-wrap elementor-element-populated\">\n\t\t\t\t\t\t<div class=\"elementor-element elementor-element-3cb3a23 elementor-widget elementor-widget-heading\" data-id=\"3cb3a23\" data-element_type=\"widget\" data-e-type=\"widget\" data-widget_type=\"heading.default\">\n\t\t\t\t<div class=\"elementor-widget-container\">\n\t\t\t\t\t<h2 class=\"elementor-heading-title elementor-size-default\"><b>Und morgen?<\/b><\/h2>\t\t\t\t<\/div>\n\t\t\t\t<\/div>\n\t\t\t\t<div class=\"elementor-element elementor-element-5d671b8 elementor-widget elementor-widget-text-editor\" data-id=\"5d671b8\" data-element_type=\"widget\" data-e-type=\"widget\" data-widget_type=\"text-editor.default\">\n\t\t\t\t<div class=\"elementor-widget-container\">\n\t\t\t\t\t\t\t\t\t<p data-start=\"801\" data-end=\"1085\">Die Geschichte von GAGGIONE E-Plasticase wird mit derselben Leidenschaft weitergeschrieben wie zu ihren Anf\u00e4ngen. Geleitet von Innovation, technischer Kompetenz und gr\u00f6\u00dfter Sorgfalt in jedem Detail verfolgen wir eine klare Ambition: die Verpackungsl\u00f6sungen von morgen zu entwickeln.<\/p><p data-start=\"1087\" data-end=\"1266\">Unsere Zukunft basiert auf immer leistungsf\u00e4higeren Materialien, verantwortungsvollen Prozessen und einer franz\u00f6sischen Fertigung, die wir bewahren und weiter aufwerten m\u00f6chten.<\/p><p data-start=\"1268\" data-end=\"1454\">Gemeinsam mit unseren Kunden und Partnern erschlie\u00dfen wir neue Anwendungen, entwickeln neue Produktreihen und investieren in Technologien, die unsere Pr\u00e4zision und Kreativit\u00e4t st\u00e4rken.<\/p><p data-start=\"1456\" data-end=\"1644\" data-is-last-node=\"\" data-is-only-node=\"\">Getreu unserem Pioniergeist verfolgen wir ein einfaches Ziel: weiterhin langlebige, n\u00fctzliche Produkte herzustellen, die Unternehmen dabei unterst\u00fctzen, ihre eigenen Erfolge zu erzielen.<\/p>\t\t\t\t\t\t\t\t<\/div>\n\t\t\t\t<\/div>\n\t\t\t\t\t<\/div>\n\t\t<\/div>\n\t\t\t\t\t<\/div>\n\t\t<\/section>\n\t\t<div class=\"elementor-element elementor-element-541b361 e-con-full e-flex e-con e-parent\" data-id=\"541b361\" data-element_type=\"container\" data-e-type=\"container\">\n\t\t\t\t<div class=\"elementor-element elementor-element-945e0f8 elementor-widget elementor-widget-image\" data-id=\"945e0f8\" data-element_type=\"widget\" data-e-type=\"widget\" data-widget_type=\"image.default\">\n\t\t\t\t<div class=\"elementor-widget-container\">\n\t\t\t\t\t\t\t\t\t\t\t\t\t\t\t<img decoding=\"async\" width=\"1427\" height=\"49\" src=\"https:\/\/www.e-plasticase.com\/wp-content\/uploads\/2025\/12\/Bleu-Blanc-Rouge-Moderne-Pays-France-Presentation-2.png\" class=\"attachment-full size-full wp-image-54274\" alt=\"\" srcset=\"https:\/\/www.e-plasticase.com\/wp-content\/uploads\/2025\/12\/Bleu-Blanc-Rouge-Moderne-Pays-France-Presentation-2.png 1427w, https:\/\/www.e-plasticase.com\/wp-content\/uploads\/2025\/12\/Bleu-Blanc-Rouge-Moderne-Pays-France-Presentation-2-300x10.png 300w, https:\/\/www.e-plasticase.com\/wp-content\/uploads\/2025\/12\/Bleu-Blanc-Rouge-Moderne-Pays-France-Presentation-2-1024x35.png 1024w, https:\/\/www.e-plasticase.com\/wp-content\/uploads\/2025\/12\/Bleu-Blanc-Rouge-Moderne-Pays-France-Presentation-2-768x26.png 768w, https:\/\/www.e-plasticase.com\/wp-content\/uploads\/2025\/12\/Bleu-Blanc-Rouge-Moderne-Pays-France-Presentation-2-600x21.png 600w\" sizes=\"(max-width: 1427px) 100vw, 1427px\" \/>\t\t\t\t\t\t\t\t\t\t\t\t\t\t\t<\/div>\n\t\t\t\t<\/div>\n\t\t\t\t<\/div>\n\t\t\t\t<section class=\"elementor-section elementor-top-section elementor-element elementor-element-8292362 elementor-section-content-middle elementor-section-stretched elementor-section-boxed elementor-section-height-default elementor-section-height-default\" data-id=\"8292362\" data-element_type=\"section\" data-e-type=\"section\" data-settings=\"{&quot;stretch_section&quot;:&quot;section-stretched&quot;,&quot;background_background&quot;:&quot;classic&quot;}\">\n\t\t\t\t\t\t<div class=\"elementor-container elementor-column-gap-default\">\n\t\t\t\t\t<div class=\"elementor-column elementor-col-33 elementor-top-column elementor-element elementor-element-beed2a7\" data-id=\"beed2a7\" data-element_type=\"column\" data-e-type=\"column\">\n\t\t\t<div class=\"elementor-widget-wrap elementor-element-populated\">\n\t\t\t\t\t\t<div class=\"elementor-element elementor-element-8500af7 elementor-widget__width-initial elementor-view-default elementor-widget elementor-widget-icon\" data-id=\"8500af7\" data-element_type=\"widget\" data-e-type=\"widget\" data-widget_type=\"icon.default\">\n\t\t\t\t<div class=\"elementor-widget-container\">\n\t\t\t\t\t\t\t<div class=\"elementor-icon-wrapper\">\n\t\t\t<a class=\"elementor-icon\" href=\"https:\/\/www.e-plasticase.com\/produits\/\">\n\t\t\t<i aria-hidden=\"true\" class=\"fas fa-briefcase-medical\"><\/i>\t\t\t<\/a>\n\t\t<\/div>\n\t\t\t\t\t\t<\/div>\n\t\t\t\t<\/div>\n\t\t\t\t<div class=\"elementor-element elementor-element-c6ee97f elementor-widget elementor-widget-text-editor\" data-id=\"c6ee97f\" data-element_type=\"widget\" data-e-type=\"widget\" data-widget_type=\"text-editor.default\">\n\t\t\t\t<div class=\"elementor-widget-container\">\n\t\t\t\t\t\t\t\t\t<p><a href=\"https:\/\/www.e-plasticase.com\/de\/produkte\/\">Unsere Kunststoffverpackungsl\u00f6sungen<\/a><\/p>\t\t\t\t\t\t\t\t<\/div>\n\t\t\t\t<\/div>\n\t\t\t\t\t<\/div>\n\t\t<\/div>\n\t\t\t\t<div class=\"elementor-column elementor-col-33 elementor-top-column elementor-element elementor-element-5e2e3a3\" data-id=\"5e2e3a3\" data-element_type=\"column\" data-e-type=\"column\">\n\t\t\t<div class=\"elementor-widget-wrap elementor-element-populated\">\n\t\t\t\t\t\t<div class=\"elementor-element elementor-element-04dde73 elementor-widget__width-initial elementor-view-default elementor-widget elementor-widget-icon\" data-id=\"04dde73\" data-element_type=\"widget\" data-e-type=\"widget\" data-widget_type=\"icon.default\">\n\t\t\t\t<div class=\"elementor-widget-container\">\n\t\t\t\t\t\t\t<div class=\"elementor-icon-wrapper\">\n\t\t\t<a class=\"elementor-icon\" href=\"https:\/\/www.e-plasticase.com\/wp-content\/uploads\/2026\/03\/Catalogue-E-plasticase-2025-MAJ.pdf\">\n\t\t\t<i aria-hidden=\"true\" class=\"fas fa-book-open\"><\/i>\t\t\t<\/a>\n\t\t<\/div>\n\t\t\t\t\t\t<\/div>\n\t\t\t\t<\/div>\n\t\t\t\t<div class=\"elementor-element elementor-element-87afb7b elementor-widget elementor-widget-text-editor\" data-id=\"87afb7b\" data-element_type=\"widget\" data-e-type=\"widget\" data-widget_type=\"text-editor.default\">\n\t\t\t\t<div class=\"elementor-widget-container\">\n\t\t\t\t\t\t\t\t\t<p><a href=\"https:\/\/www.e-plasticase.com\/wp-content\/uploads\/2026\/03\/Catalogue-E-plasticase-2025-MAJ.pdf\">kATALOG 2025<\/a><\/p>\t\t\t\t\t\t\t\t<\/div>\n\t\t\t\t<\/div>\n\t\t\t\t\t<\/div>\n\t\t<\/div>\n\t\t\t\t<div class=\"elementor-column elementor-col-33 elementor-top-column elementor-element elementor-element-9e10603\" data-id=\"9e10603\" data-element_type=\"column\" data-e-type=\"column\">\n\t\t\t<div class=\"elementor-widget-wrap elementor-element-populated\">\n\t\t\t\t\t\t<div class=\"elementor-element elementor-element-d4143f9 elementor-widget__width-initial elementor-view-default elementor-widget elementor-widget-icon\" data-id=\"d4143f9\" data-element_type=\"widget\" data-e-type=\"widget\" data-widget_type=\"icon.default\">\n\t\t\t\t<div class=\"elementor-widget-container\">\n\t\t\t\t\t\t\t<div class=\"elementor-icon-wrapper\">\n\t\t\t<a class=\"elementor-icon\" href=\"https:\/\/www.e-plasticase.com\/personnalisation\/\">\n\t\t\t<i aria-hidden=\"true\" class=\"fas fa-star\"><\/i>\t\t\t<\/a>\n\t\t<\/div>\n\t\t\t\t\t\t<\/div>\n\t\t\t\t<\/div>\n\t\t\t\t<div class=\"elementor-element elementor-element-cc7acd0 elementor-widget elementor-widget-text-editor\" data-id=\"cc7acd0\" data-element_type=\"widget\" data-e-type=\"widget\" data-widget_type=\"text-editor.default\">\n\t\t\t\t<div class=\"elementor-widget-container\">\n\t\t\t\t\t\t\t\t\t<p><a href=\"https:\/\/www.e-plasticase.com\/de\/personalisierung\/\">PERSONALISIERUNG<\/a><\/p>\t\t\t\t\t\t\t\t<\/div>\n\t\t\t\t<\/div>\n\t\t\t\t\t<\/div>\n\t\t<\/div>\n\t\t\t\t\t<\/div>\n\t\t<\/section>\n\t\t\t\t<\/div>\n\t\t","protected":false},"excerpt":{"rendered":"<p>Gaggione e-plasticase HERSTELLER VON KOFFERN, HANDKOFFERN, K\u00c4STEN UND KISTEN\u200b Bei Gaggione E-Plasticase entwickeln, produzieren und verkaufen wir Koffer, Handkoffer, K\u00e4sten und Kisten f\u00fcr Firmenkunden aus den unterschiedlichsten Branchen. Vom Medizinbereich \u00fcber die Industrie und Luxusbranche bis zur Werbung: Erfahren Sie mehr \u00fcber unsere Geschichte und unser Know-how. Geschichte und F\u00e4higkeiten<\/p>\n","protected":false},"author":1,"featured_media":0,"parent":0,"menu_order":122,"comment_status":"closed","ping_status":"closed","template":"","meta":{"footnotes":""},"class_list":["post-466","page","type-page","status-publish","hentry"],"_links":{"self":[{"href":"https:\/\/www.e-plasticase.com\/de\/wp-json\/wp\/v2\/pages\/466","targetHints":{"allow":["GET"]}}],"collection":[{"href":"https:\/\/www.e-plasticase.com\/de\/wp-json\/wp\/v2\/pages"}],"about":[{"href":"https:\/\/www.e-plasticase.com\/de\/wp-json\/wp\/v2\/types\/page"}],"author":[{"embeddable":true,"href":"https:\/\/www.e-plasticase.com\/de\/wp-json\/wp\/v2\/users\/1"}],"replies":[{"embeddable":true,"href":"https:\/\/www.e-plasticase.com\/de\/wp-json\/wp\/v2\/comments?post=466"}],"version-history":[{"count":118,"href":"https:\/\/www.e-plasticase.com\/de\/wp-json\/wp\/v2\/pages\/466\/revisions"}],"predecessor-version":[{"id":55632,"href":"https:\/\/www.e-plasticase.com\/de\/wp-json\/wp\/v2\/pages\/466\/revisions\/55632"}],"wp:attachment":[{"href":"https:\/\/www.e-plasticase.com\/de\/wp-json\/wp\/v2\/media?parent=466"}],"curies":[{"name":"wp","href":"https:\/\/api.w.org\/{rel}","templated":true}]}}